{"id":133,"date":"2023-04-03T20:29:59","date_gmt":"2023-04-03T18:29:59","guid":{"rendered":"https:\/\/iicbruxelles.esteri.it\/chi-siamo\/"},"modified":"2023-06-16T15:07:35","modified_gmt":"2023-06-16T13:07:35","slug":"chi-siamo","status":"publish","type":"page","link":"https:\/\/iicbruxelles.esteri.it\/fr\/chi-siamo\/","title":{"rendered":"Qui nous sommes"},"content":{"rendered":"<p><img loading=\"lazy\" decoding=\"async\" class=\"alignnone size-medium wp-image-343 img-fluid\" src=\"https:\/\/iicbruxelles.esteri.it\/wp-content\/uploads\/2023\/06\/20180726_facciata1-238x300.jpg\" alt=\"\" width=\"238\" height=\"300\" srcset=\"https:\/\/iicbruxelles.esteri.it\/wp-content\/uploads\/2023\/06\/20180726_facciata1-238x300.jpg 238w, https:\/\/iicbruxelles.esteri.it\/wp-content\/uploads\/2023\/06\/20180726_facciata1-812x1024.jpg 812w, https:\/\/iicbruxelles.esteri.it\/wp-content\/uploads\/2023\/06\/20180726_facciata1-768x969.jpg 768w, https:\/\/iicbruxelles.esteri.it\/wp-content\/uploads\/2023\/06\/20180726_facciata1-scaled.jpg 2029w\" sizes=\"auto, (max-width: 238px) 100vw, 238px\" \/><\/p>\n<p style=\"text-align: justify;\">L&rsquo;Istituto Italiano di Cultura \u00e0 Bruxelles est un organisme du minist\u00e8re des Affaires \u00e9trang\u00e8res italien, charg\u00e9 de diffuser et de promouvoir la langue et la culture italiennes en Belgique. Parmi ses principaux objectifs se trouvent l&rsquo;organisation de cours de langue et de culture italiennes et la r\u00e9alisation d&rsquo;initiatives culturelles qui ont pour th\u00e8me l&rsquo;Italie, sa vie culturelle, artistique et scientifique.<\/p>\n<p><strong>Services<\/strong><\/p>\n<p>L\u2019Istituto Italiano di Cultura \u00e0 Bruxelles propose au public local les services suivants :<\/p>\n<ul>\n<li>des cours de langue et culture italiennes donn\u00e9s par des enseignants qualifi\u00e9s de langue maternelle italienne<\/li>\n<li>deux sessions annuelles d\u2019examens pour obtenir la Certification d\u2019Italien comme Langue Etrang\u00e8re d\u00e9livr\u00e9e par l\u2019Universit\u00e9 pour Etrangers de P\u00e9rouse<\/li>\n<li>une biblioth\u00e8que italienne \u00e0 la disposition du public pour la consultation et le pr\u00eat de livres , DVD et ouvrages num\u00e9riques (MLOL)<\/li>\n<li>un service d\u2019information et de documentation sur l\u2019Italie dans le domaine culturel<\/li>\n<\/ul>\n","protected":false},"excerpt":{"rendered":"L&rsquo;Istituto Italiano di Cultura \u00e0 Bruxelles est un organisme du minist\u00e8re des Affaires \u00e9trang\u00e8res italien, charg\u00e9 de diffuser et de promouvoir la langue et la culture italiennes en Belgique. Parmi ses principaux objectifs se trouvent l&rsquo;organisation de cours de langue et de culture italiennes et la r\u00e9alisation d&rsquo;initiatives culturelles qui ont pour th\u00e8me l&rsquo;Italie, sa [&hellip;]","protected":false},"author":1,"featured_media":0,"parent":0,"menu_order":2,"comment_status":"closed","ping_status":"closed","template":"","meta":{"footnotes":""},"class_list":["post-133","page","type-page","status-publish","hentry"],"_links":{"self":[{"href":"https:\/\/iicbruxelles.esteri.it\/fr\/wp-json\/wp\/v2\/pages\/133","targetHints":{"allow":["GET"]}}],"collection":[{"href":"https:\/\/iicbruxelles.esteri.it\/fr\/wp-json\/wp\/v2\/pages"}],"about":[{"href":"https:\/\/iicbruxelles.esteri.it\/fr\/wp-json\/wp\/v2\/types\/page"}],"author":[{"embeddable":true,"href":"https:\/\/iicbruxelles.esteri.it\/fr\/wp-json\/wp\/v2\/users\/1"}],"replies":[{"embeddable":true,"href":"https:\/\/iicbruxelles.esteri.it\/fr\/wp-json\/wp\/v2\/comments?post=133"}],"version-history":[{"count":5,"href":"https:\/\/iicbruxelles.esteri.it\/fr\/wp-json\/wp\/v2\/pages\/133\/revisions"}],"predecessor-version":[{"id":344,"href":"https:\/\/iicbruxelles.esteri.it\/fr\/wp-json\/wp\/v2\/pages\/133\/revisions\/344"}],"wp:attachment":[{"href":"https:\/\/iicbruxelles.esteri.it\/fr\/wp-json\/wp\/v2\/media?parent=133"}],"curies":[{"name":"wp","href":"https:\/\/api.w.org\/{rel}","templated":true}]}}