{"id":135,"date":"2023-04-03T20:54:50","date_gmt":"2023-04-03T18:54:50","guid":{"rendered":"https:\/\/iicbruxelles.esteri.it\/chi-siamo\/il-personale\/"},"modified":"2025-10-24T12:30:07","modified_gmt":"2025-10-24T10:30:07","slug":"il-personale","status":"publish","type":"page","link":"https:\/\/iicbruxelles.esteri.it\/fr\/chi-siamo\/il-personale\/","title":{"rendered":"Personnel"},"content":{"rendered":"<p>&nbsp;<\/p>\n<table class=\"tableRed table\" border=\"0\" cellspacing=\"1\" cellpadding=\"0\">\n<tbody>\n<tr>\n<td class=\"tableRed\" valign=\"top\" width=\"463\" height=\"103\"><\/td>\n<td class=\"tableRed\" valign=\"top\" width=\"463\" height=\"103\"><strong><span class=\"titoloRosso\">Directeur de renomm\u00e9e (\u00ab\u00a0Chiara Fama\u00a0\u00bb)<\/span><\/strong><\/p>\n<p>Prof. Pierre Di Toro<\/p>\n<p><a href=\"mailto:dir.iicbruxelles@esteri.it\" target=\"_blank\" rel=\"noopener\">dir.iicbruxelles@esteri.it<\/a><\/p>\n<p><em><a href=\"https:\/\/iicbruxelles.esteri.it\/wp-content\/uploads\/2024\/11\/Prof-Pierre-DI-TORO-short-CV-ENG.pdf\" target=\"_blank\" rel=\"noopener\">Curriculum vitae<\/a><\/em><\/td>\n<\/tr>\n<tr>\n<td class=\"tableRed\" valign=\"top\" width=\"463\" height=\"103\"><\/td>\n<td class=\"tableRed\" valign=\"top\" width=\"463\" height=\"103\"><strong><span class=\"titoloRosso\">Attach\u00e9 Culturel<\/span><\/strong><\/p>\n<p>Salvatore Marfella<\/p>\n<p><a href=\"mailto:salvatore.marfella@esteri.it\">salvatore.marfella@esteri.it<\/a><\/td>\n<\/tr>\n<tr>\n<td class=\"tableRed\" width=\"157\" height=\"103\"><\/td>\n<td class=\"tableRed\" valign=\"top\" width=\"463\" height=\"103\"><strong>Attach\u00e9 Culturel<\/strong><\/p>\n<p>Alessio\u00a0 Gorga<\/p>\n<p><a href=\"mailto:alessio.gorga@esteri.it\">alessio.gorga@esteri.it<\/a><\/td>\n<\/tr>\n<tr>\n<td class=\"tableRed\" width=\"157\" height=\"103\"><\/td>\n<td class=\"tableRed\" valign=\"top\" width=\"463\" height=\"103\"><strong><span class=\"titoloRosso\">Assistante de direction<\/span><\/strong><\/p>\n<p>Sonia Fontana<\/p>\n<p><a href=\"mailto:sonia.fontana@esteri.it\">sonia.fontana@esteri.it<\/a><\/td>\n<\/tr>\n<tr>\n<td class=\"tableRed\" width=\"157\" height=\"103\"><\/td>\n<td class=\"tableRed\" valign=\"top\" width=\"463\" height=\"103\"><span class=\"titoloRosso\"><strong>Responsable services administratifs<\/strong><\/span><\/p>\n<p>Eva Bifolchi<\/p>\n<p><a href=\"mailto:amministrazione.iicbruxelles@esteri.it\">amministrazione.iicbruxelles@esteri.it<\/a><\/td>\n<\/tr>\n<tr>\n<td class=\"tableRed\" width=\"157\" height=\"103\"><\/td>\n<td class=\"tableRed\" valign=\"top\" width=\"463\" height=\"103\"><strong>Communication et coordination \u00e9v\u00e9nements<\/strong><\/p>\n<p>Erika Martini<\/p>\n<p><a href=\"mailto:comunicazione.iicbruxelles@esteri.it\">comunicazione.iicbruxelles@esteri.it<\/a><\/td>\n<\/tr>\n<tr>\n<td class=\"tableRed\" width=\"157\" height=\"103\"><\/td>\n<td class=\"tableRed\" valign=\"top\" width=\"463\" height=\"103\"><span class=\"titoloRosso\"><strong>Coordination \u00e9v\u00e9nements et\u00a0 coordinateur Eunic<\/strong><\/span><\/p>\n<p><span class=\"titoloRosso\">Gianni Castronovo<\/span><\/p>\n<p><a href=\"mailto:gianni.castronovo@esteri.it\">gianni.castronovo@esteri.it<\/a><\/td>\n<\/tr>\n<tr>\n<td class=\"tableRed\" width=\"157\" height=\"103\"><\/td>\n<td class=\"tableRed\" valign=\"top\" width=\"463\" height=\"103\"><strong>Responsable biblioth\u00e8que et site internet<\/strong><\/p>\n<p>Aldo Faraci<\/p>\n<p><a href=\"mailto:aldo.faraci@esteri.it\">aldo.faraci@esteri.it<\/a><\/td>\n<\/tr>\n<tr>\n<td class=\"tableRed\" width=\"157\" height=\"103\"><\/td>\n<td class=\"tableRed\" valign=\"top\" width=\"463\" height=\"103\"><strong>Accueil et inscriptions de membres<\/strong><\/p>\n<p>Michael Vicari<\/p>\n<p><a href=\"mailto:iicbruxelles@esteri.it\">iicbruxelles@esteri.it<\/a><\/td>\n<\/tr>\n<tr>\n<td class=\"tableRed\" width=\"157\" height=\"103\"><\/td>\n<td class=\"tableRed\" valign=\"top\" width=\"463\" height=\"103\"><strong><span class=\"titoloRosso\">Secr\u00e9tariat des cours<\/span><\/strong><\/p>\n<p><span class=\"titoloRosso\"><a href=\"mailto:corsi.iicbruxelles@esteri.it\">corsi.iicbruxelles@esteri.it<\/a>\u00a0<\/span><\/td>\n<\/tr>\n<\/tbody>\n<\/table>\n<p><a href=\"https:\/\/iicbruxelles.esteri.it\/iicmanager\/sedi_resource_iic\/2009\/11\/61071_f_iic51CodicecomportamentoDipendentiPAAllegato2.doc\" target=\"_blank\" rel=\"noopener\">Allegato 2 del codice di comportamento dei dipendenti delle pubbliche amministrazioni &gt;&gt;&gt;<\/a><\/p>\n","protected":false},"excerpt":{"rendered":"&nbsp; Directeur de renomm\u00e9e (\u00ab\u00a0Chiara Fama\u00a0\u00bb) Prof. Pierre Di Toro dir.iicbruxelles@esteri.it Curriculum vitae Attach\u00e9 Culturel Salvatore Marfella salvatore.marfella@esteri.it Attach\u00e9 Culturel Alessio\u00a0 Gorga alessio.gorga@esteri.it Assistante de direction Sonia Fontana sonia.fontana@esteri.it Responsable services administratifs Eva Bifolchi amministrazione.iicbruxelles@esteri.it Communication et coordination \u00e9v\u00e9nements Erika Martini comunicazione.iicbruxelles@esteri.it Coordination \u00e9v\u00e9nements et\u00a0 coordinateur Eunic Gianni Castronovo gianni.castronovo@esteri.it Responsable biblioth\u00e8que et site internet [&hellip;]","protected":false},"author":1,"featured_media":0,"parent":133,"menu_order":0,"comment_status":"closed","ping_status":"closed","template":"","meta":{"footnotes":""},"class_list":["post-135","page","type-page","status-publish","hentry"],"_links":{"self":[{"href":"https:\/\/iicbruxelles.esteri.it\/fr\/wp-json\/wp\/v2\/pages\/135","targetHints":{"allow":["GET"]}}],"collection":[{"href":"https:\/\/iicbruxelles.esteri.it\/fr\/wp-json\/wp\/v2\/pages"}],"about":[{"href":"https:\/\/iicbruxelles.esteri.it\/fr\/wp-json\/wp\/v2\/types\/page"}],"author":[{"embeddable":true,"href":"https:\/\/iicbruxelles.esteri.it\/fr\/wp-json\/wp\/v2\/users\/1"}],"replies":[{"embeddable":true,"href":"https:\/\/iicbruxelles.esteri.it\/fr\/wp-json\/wp\/v2\/comments?post=135"}],"version-history":[{"count":8,"href":"https:\/\/iicbruxelles.esteri.it\/fr\/wp-json\/wp\/v2\/pages\/135\/revisions"}],"predecessor-version":[{"id":48662,"href":"https:\/\/iicbruxelles.esteri.it\/fr\/wp-json\/wp\/v2\/pages\/135\/revisions\/48662"}],"up":[{"embeddable":true,"href":"https:\/\/iicbruxelles.esteri.it\/fr\/wp-json\/wp\/v2\/pages\/133"}],"wp:attachment":[{"href":"https:\/\/iicbruxelles.esteri.it\/fr\/wp-json\/wp\/v2\/media?parent=135"}],"curies":[{"name":"wp","href":"https:\/\/api.w.org\/{rel}","templated":true}]}}