{"id":137,"date":"2023-04-03T20:55:02","date_gmt":"2023-04-03T18:55:02","guid":{"rendered":"https:\/\/iicbruxelles.esteri.it\/chi-siamo\/la-sede\/"},"modified":"2023-06-16T14:55:40","modified_gmt":"2023-06-16T12:55:40","slug":"la-sede","status":"publish","type":"page","link":"https:\/\/iicbruxelles.esteri.it\/fr\/chi-siamo\/la-sede\/","title":{"rendered":"Quartier g\u00e9n\u00e9ral"},"content":{"rendered":"<p style=\"text-align: justify;\">Le b\u00e2timent de la rue du Livourne fut construit en style n\u00e9oclassique entre 1870 et 1880 par Henri Rieck, un des architectes les plus c\u00e9l\u00e8bres pendant le r\u00e8gne du roi des Belges L\u00e9opold II. Dans les ann\u00e9es 1930, l&rsquo;Etat italien et certaines des plus grandes entreprises italiennes de l\u2019\u00e9poque (Fiat, Olivetti, Pirelli, Martini &amp; Rossi, etc) ach\u00e8tent le b\u00e2timent qui devient la \u00ab Casa degli Italiani \u00bb. Rachet\u00e9 int\u00e9gralement par l\u2019\u00c9tat italien en 1946, il accueille aujourd\u2019hui les services consulaires de l\u2019Ambassade d\u2019Italie et l\u2019Institut Culturel Italien.<\/p>\n","protected":false},"excerpt":{"rendered":"Le b\u00e2timent de la rue du Livourne fut construit en style n\u00e9oclassique entre 1870 et 1880 par Henri Rieck, un des architectes les plus c\u00e9l\u00e8bres pendant le r\u00e8gne du roi des Belges L\u00e9opold II. Dans les ann\u00e9es 1930, l&rsquo;Etat italien et certaines des plus grandes entreprises italiennes de l\u2019\u00e9poque (Fiat, Olivetti, Pirelli, Martini &amp; Rossi, [&hellip;]","protected":false},"author":1,"featured_media":0,"parent":133,"menu_order":2,"comment_status":"closed","ping_status":"closed","template":"","meta":{"footnotes":""},"class_list":["post-137","page","type-page","status-publish","hentry"],"_links":{"self":[{"href":"https:\/\/iicbruxelles.esteri.it\/fr\/wp-json\/wp\/v2\/pages\/137","targetHints":{"allow":["GET"]}}],"collection":[{"href":"https:\/\/iicbruxelles.esteri.it\/fr\/wp-json\/wp\/v2\/pages"}],"about":[{"href":"https:\/\/iicbruxelles.esteri.it\/fr\/wp-json\/wp\/v2\/types\/page"}],"author":[{"embeddable":true,"href":"https:\/\/iicbruxelles.esteri.it\/fr\/wp-json\/wp\/v2\/users\/1"}],"replies":[{"embeddable":true,"href":"https:\/\/iicbruxelles.esteri.it\/fr\/wp-json\/wp\/v2\/comments?post=137"}],"version-history":[{"count":3,"href":"https:\/\/iicbruxelles.esteri.it\/fr\/wp-json\/wp\/v2\/pages\/137\/revisions"}],"predecessor-version":[{"id":342,"href":"https:\/\/iicbruxelles.esteri.it\/fr\/wp-json\/wp\/v2\/pages\/137\/revisions\/342"}],"up":[{"embeddable":true,"href":"https:\/\/iicbruxelles.esteri.it\/fr\/wp-json\/wp\/v2\/pages\/133"}],"wp:attachment":[{"href":"https:\/\/iicbruxelles.esteri.it\/fr\/wp-json\/wp\/v2\/media?parent=137"}],"curies":[{"name":"wp","href":"https:\/\/api.w.org\/{rel}","templated":true}]}}