{"id":139,"date":"2023-04-03T20:55:21","date_gmt":"2023-04-03T18:55:21","guid":{"rendered":"https:\/\/iicbruxelles.esteri.it\/chi-siamo\/contatti\/"},"modified":"2026-01-07T11:29:53","modified_gmt":"2026-01-07T09:29:53","slug":"contatti","status":"publish","type":"page","link":"https:\/\/iicbruxelles.esteri.it\/fr\/chi-siamo\/contatti\/","title":{"rendered":"Contacts"},"content":{"rendered":"<p><span class=\"titoloRosso\">Institut culturel italien de Bruxelles<br \/>\nRue de Livourne, 38<br \/>\n1000 Bruxelles<br \/>\nt\u00e9l. +32\/2\/533.27.20<br \/>\ncourriel\u00a0<a href=\"mailto:iicbruxelles@esteri.it\">iicbruxelles@esteri.it<\/a>\u00a0\u00a0<\/span><\/p>\n<p><span class=\"titoloRosso\">Information sur:<\/span><\/p>\n<p><span class=\"titoloRosso\">les<strong> \u00e9v\u00e9nements<\/strong>, <a href=\"mailto:iicbruxelles@esteri.it\">iicbruxelles@esteri.it<\/a><br \/>\n<\/span>les<strong> cours d&rsquo;italien<\/strong>, <a href=\"mailto:corsi.iicbruxelles@esteri.it\">corsi.iicbruxelles@esteri.it<\/a> , tel. +32 (0)2 533.27.23 ou +32 (0)2 533.27.33<br \/>\nles <strong>certifications<\/strong>, <a href=\"mailto:segreteria.iicbruxelles@esteri.it\">segreteria.iicbruxelles@esteri.it<\/a>\u00a0 e\u00a0<a href=\"mailto:iicbruxelles@esteri.it\">iicbruxelles@esteri.it<\/a><br \/>\nla <strong>biblioth\u00e8que<\/strong>,\u00a0<a href=\"mailto:biblioteca.iicbruxelles@esteri.it\">biblioteca.iicbruxelles@esteri.it<\/a>\u00a0, tel. +32 (0)2 533.27.27 \u2013 +32 (0)2 533.27.31<\/p>\n<p><strong>Pour proposer un \u00e9v\u00e9nement<\/strong>, envoyez un <strong><span style=\"text-decoration: underline;\">e-mail contenant le projet complet et le budget d\u00e9taill\u00e9<\/span> <\/strong>\u00e0 l&rsquo;adresse<a href=\"mailto:iicbruxelles@esteri.it\"><strong> iicbruxelles@esteri.it<\/strong><\/a>. Les propositions incompl\u00e8tes ou envoy\u00e9es par d&rsquo;autres canaux ne seront pas prises en consid\u00e9ration.<\/p>\n<p><span class=\"titoloNotizia\"><strong>Horaires du secr\u00e9tariat g\u00e9n\u00e9ral:<\/strong><br \/>\ndu lundi au vendredi 9.30-13h \/ 14-17h<\/span><\/p>\n<p><strong>Le m\u00eame horaire est d&rsquo;application pour la biblioth\u00e8que, sauf le jeudi<\/strong> (fermeture)<strong>.<\/strong><\/p>\n<p><strong>Horaires du secr\u00e9tariat de cours:<\/strong><br \/>\nDu lunedi au vendredi de 10 \u00e0 12h<\/p>\n<p><strong>Jours f\u00e9ri\u00e9s 2026:<\/strong><\/p>\n<p>01.01.2026 Nouvel An<br \/>\n06.04.2026 Lundi de P\u00e2ques<br \/>\n01.05.2026 F\u00eate du Travail<br \/>\n14.05.2026 Ascension<br \/>\n09.06.2026 Lundi de Pentec\u00f4te<br \/>\n02.06.2026 F\u00eate de la R\u00e9publique italienne<br \/>\n21.07.2026 F\u00eate Nationale belge<br \/>\n15.08.2026 Assomption<br \/>\n01.11.2026 Toussaint<br \/>\n25.12.2026 No\u00ebl<br \/>\n26.12.2026 Saint-Etienne<\/p>\n","protected":false},"excerpt":{"rendered":"Institut culturel italien de Bruxelles Rue de Livourne, 38 1000 Bruxelles t\u00e9l. +32\/2\/533.27.20 courriel\u00a0iicbruxelles@esteri.it\u00a0\u00a0 Information sur: les \u00e9v\u00e9nements, iicbruxelles@esteri.it les cours d&rsquo;italien, corsi.iicbruxelles@esteri.it , tel. +32 (0)2 533.27.23 ou +32 (0)2 533.27.33 les certifications, segreteria.iicbruxelles@esteri.it\u00a0 e\u00a0iicbruxelles@esteri.it la biblioth\u00e8que,\u00a0biblioteca.iicbruxelles@esteri.it\u00a0, tel. +32 (0)2 533.27.27 \u2013 +32 (0)2 533.27.31 Pour proposer un \u00e9v\u00e9nement, envoyez un e-mail contenant le [&hellip;]","protected":false},"author":1,"featured_media":0,"parent":133,"menu_order":4,"comment_status":"closed","ping_status":"closed","template":"","meta":{"footnotes":""},"class_list":["post-139","page","type-page","status-publish","hentry"],"_links":{"self":[{"href":"https:\/\/iicbruxelles.esteri.it\/fr\/wp-json\/wp\/v2\/pages\/139","targetHints":{"allow":["GET"]}}],"collection":[{"href":"https:\/\/iicbruxelles.esteri.it\/fr\/wp-json\/wp\/v2\/pages"}],"about":[{"href":"https:\/\/iicbruxelles.esteri.it\/fr\/wp-json\/wp\/v2\/types\/page"}],"author":[{"embeddable":true,"href":"https:\/\/iicbruxelles.esteri.it\/fr\/wp-json\/wp\/v2\/users\/1"}],"replies":[{"embeddable":true,"href":"https:\/\/iicbruxelles.esteri.it\/fr\/wp-json\/wp\/v2\/comments?post=139"}],"version-history":[{"count":7,"href":"https:\/\/iicbruxelles.esteri.it\/fr\/wp-json\/wp\/v2\/pages\/139\/revisions"}],"predecessor-version":[{"id":56371,"href":"https:\/\/iicbruxelles.esteri.it\/fr\/wp-json\/wp\/v2\/pages\/139\/revisions\/56371"}],"up":[{"embeddable":true,"href":"https:\/\/iicbruxelles.esteri.it\/fr\/wp-json\/wp\/v2\/pages\/133"}],"wp:attachment":[{"href":"https:\/\/iicbruxelles.esteri.it\/fr\/wp-json\/wp\/v2\/media?parent=139"}],"curies":[{"name":"wp","href":"https:\/\/api.w.org\/{rel}","templated":true}]}}