{"id":143,"date":"2023-04-03T20:55:37","date_gmt":"2023-04-03T18:55:37","guid":{"rendered":"https:\/\/iicbruxelles.esteri.it\/lingua-e-cultura\/i-corsi-di-lingua\/"},"modified":"2026-03-03T15:39:02","modified_gmt":"2026-03-03T13:39:02","slug":"i-corsi-di-lingua","status":"publish","type":"page","link":"https:\/\/iicbruxelles.esteri.it\/fr\/lingua-e-cultura\/i-corsi-di-lingua\/","title":{"rendered":"Cours de langues"},"content":{"rendered":"<p style=\"text-align: center;\">Les inscriptions EN LIGNE pour le<strong> deuxi\u00e8me semestre 2025\/2026 <\/strong>sont <strong>cl\u00f4tur\u00e9es!<\/strong><\/p>\n<p style=\"text-align: center;\">Les inscriptions pour les cours \u00e0 partir de <strong>septembre 2026<\/strong> ouvriront en <strong>mai<\/strong>.<\/p>\n<hr \/>\n<p>L&rsquo;Institut Culturel organise des cours de langues sur 2 semestres : de septembre \u00e0 janvier et de f\u00e9vrier \u00e0 juin.<\/p>\n<p>Les cours ont lieu <strong>une fois par semaine<\/strong> dans nos locaux de la rue de Livourne, \u00e0 raison de trois heures par cours, 14 cours par semestre:<\/p>\n<p style=\"text-align: center;\"><strong>3h par jour =&gt; 14 le\u00e7ons =&gt; 42h semestre<\/strong><\/p>\n<h4>Comment choisir le cours qui vous convient ?<\/h4>\n<ul>\n<li><strong>Vous \u00eates d\u00e9butant<\/strong> : inscrivez-vous \u00e0 un cours A1.1<\/li>\n<li><strong>Vous n&rsquo;\u00eates pas d\u00e9butant<\/strong> : <a href=\"https:\/\/iicbruxelles.esteri.it\/fr\/lingua-e-cultura\/i-corsi-di-lingua\/autoevaluation\/\" target=\"_blank\" rel=\"noopener\">verifiez votre niveau ici<\/a> \u2192 recherchez le niveau correspondant \u00e0 votre score \u2192 choisissez dans le calendrier ci-dessous l&rsquo;horaire qui vous convient<\/li>\n<li><strong>Vous \u00eates d\u00e9j\u00e0 suivi un cours de l&rsquo;Institut<\/strong> : choisissez un cours du niveau suivant \u00e0 celui que vous avez termin\u00e9<\/li>\n<\/ul>\n<h4>Comment s&rsquo;inscrire \u00e0 un cours?<\/h4>\n<p style=\"padding-left: 40px;\"><span style=\"text-decoration: underline;\">Pour vous inscrire aux cours, vous devez cliquer dans le calendrier ci-dessous sur le cours qui vous int\u00e9resse.<\/span><\/p>\n<p style=\"padding-left: 40px;\">Vous serez redirig\u00e9 vers la plateforme de gestion des cours, o\u00f9 vous devrez remplir le formulaire d&rsquo;inscription au cours<\/p>\n<p style=\"padding-left: 40px;\">Seules les inscriptions aux cours de langues sont actuellement ouvertes.<\/p>\n<h4><strong>Horaires des cours pour l&rsquo;ann\u00e9e acad\u00e9mique 2025\/2026<\/strong><\/h4>\n<p><a href=\"https:\/\/iicbruxelles.esteri.it\/wp-content\/uploads\/2024\/06\/FR-reglement-des-cours-2024-25.pdf\">Vous pouvez lire ici les r\u00e8glement des cours.<\/a><\/p>\n<table style=\"height: 205px;\" width=\"1154\">\n<thead>\n<tr>\n<th style=\"text-align: center;\" colspan=\"6\">Horaire cours du matin\u00a0 9.30 &#8211; 12.30<\/th>\n<\/tr>\n<\/thead>\n<tbody>\n<tr>\n<th style=\"text-align: center;\" scope=\"col\">lundi<\/th>\n<th style=\"text-align: center;\" scope=\"col\">mardi<\/th>\n<th style=\"text-align: center;\" scope=\"col\">mercredi<\/th>\n<th style=\"text-align: center;\" scope=\"col\">jeudi<\/th>\n<th style=\"text-align: center;\" scope=\"col\">vendredi<\/th>\n<th style=\"text-align: center;\" scope=\"col\">samedi<\/th>\n<\/tr>\n<tr>\n<td style=\"text-align: center;\"><a href=\"http:\/\/iicbruxelles.scuolasemplice.it\/classes\/public\/cI1IGCFWaR\" target=\"_blank\" rel=\"noopener\">A1.1<\/a><\/td>\n<td style=\"text-align: center;\"><a href=\"http:\/\/iicbruxelles.scuolasemplice.it\/classes\/public\/cXlSOZOrfX\" target=\"_blank\" rel=\"noopener\">A2.2<\/a><\/td>\n<td style=\"text-align: center;\"><a href=\"http:\/\/iicbruxelles.scuolasemplice.it\/classes\/public\/n0h6GE5pZJ\" target=\"_blank\" rel=\"noopener\">C1.1<\/a><\/td>\n<td style=\"text-align: center;\"><a href=\"http:\/\/iicbruxelles.scuolasemplice.it\/classes\/public\/DsQZpXh8Z8\" target=\"_blank\" rel=\"noopener\">A1.1<\/a><\/td>\n<td style=\"text-align: center;\"><a href=\"http:\/\/iicbruxelles.scuolasemplice.it\/classes\/public\/n0h6GE5pZJ\" target=\"_blank\" rel=\"noopener\">C1.1<\/a><\/td>\n<td style=\"text-align: center;\"><a href=\"http:\/\/iicbruxelles.scuolasemplice.it\/classes\/public\/YR0DzqJIpE\" target=\"_blank\" rel=\"noopener\">A1.2<\/a><\/td>\n<\/tr>\n<tr>\n<td style=\"text-align: center;\"><a href=\"http:\/\/iicbruxelles.scuolasemplice.it\/classes\/public\/BNbXyw0Pdb\" target=\"_blank\" rel=\"noopener\">A1.2<\/a><\/td>\n<td style=\"text-align: center;\"><a href=\"http:\/\/iicbruxelles.scuolasemplice.it\/classes\/public\/6gRwG9S7Ku\" target=\"_blank\" rel=\"noopener\">B2.1<\/a><\/td>\n<td style=\"text-align: center;\"><a href=\"http:\/\/iicbruxelles.scuolasemplice.it\/classes\/public\/Sw25VXGQmW\" target=\"_blank\" rel=\"noopener\">C1.2<\/a><\/td>\n<td style=\"text-align: center;\"><\/td>\n<td style=\"text-align: center;\"><a href=\"http:\/\/iicbruxelles.scuolasemplice.it\/classes\/public\/CkSgIDO7AK\" target=\"_blank\" rel=\"noopener\">Luoghi segreti d\u2019Italia<\/a><\/td>\n<td style=\"text-align: center;\"><a href=\"http:\/\/iicbruxelles.scuolasemplice.it\/classes\/public\/jwgADgZSiH\" target=\"_blank\" rel=\"noopener\">A2.1<\/a><\/td>\n<\/tr>\n<tr>\n<td style=\"text-align: center;\"><\/td>\n<td style=\"text-align: center;\"><\/td>\n<td style=\"text-align: center;\"><a href=\"http:\/\/iicbruxelles.scuolasemplice.it\/classes\/public\/M8CFB3Bibd\" target=\"_blank\" rel=\"noopener\">Storia e cultura italiana<\/a><\/td>\n<td style=\"text-align: center;\"><\/td>\n<td style=\"text-align: center;\"><a href=\"http:\/\/iicbruxelles.scuolasemplice.it\/classes\/public\/C8Za134iEi\" target=\"_blank\" rel=\"noopener\">Letteratura italiana al femminile ONLINE<\/a><\/td>\n<td style=\"text-align: center;\"><a href=\"http:\/\/iicbruxelles.scuolasemplice.it\/classes\/public\/tUOrIff9FX\" target=\"_blank\" rel=\"noopener\">A2.2<\/a><\/td>\n<\/tr>\n<tr>\n<td style=\"text-align: center;\"><\/td>\n<td style=\"text-align: center;\"><\/td>\n<td style=\"text-align: center;\"><\/td>\n<td style=\"text-align: center;\"><\/td>\n<td style=\"text-align: center;\"><\/td>\n<td style=\"text-align: center;\"><a href=\"http:\/\/iicbruxelles.scuolasemplice.it\/classes\/public\/NiDUTZGJKR\" target=\"_blank\" rel=\"noopener\">C\u2019era una volta l\u2019opera<\/a><\/td>\n<\/tr>\n<tr>\n<td style=\"text-align: center;\"><\/td>\n<td style=\"text-align: center;\"><\/td>\n<td style=\"text-align: center;\"><\/td>\n<td style=\"text-align: center;\"><\/td>\n<td style=\"text-align: center;\"><\/td>\n<td style=\"text-align: center;\"><a href=\"http:\/\/iicbruxelles.scuolasemplice.it\/classes\/public\/CZ9rwknq9T\" target=\"_blank\" rel=\"noopener\">Luoghi e storie d\u2019Italia 7-10 anni<\/a><\/td>\n<\/tr>\n<tr>\n<td style=\"text-align: center;\"><\/td>\n<td style=\"text-align: center;\"><\/td>\n<td style=\"text-align: center;\"><\/td>\n<td style=\"text-align: center;\"><\/td>\n<td style=\"text-align: center;\"><\/td>\n<td style=\"text-align: center;\"><\/td>\n<\/tr>\n<\/tbody>\n<\/table>\n<p>&nbsp;<\/p>\n<table style=\"height: 205px;\" width=\"1154\">\n<thead>\n<tr>\n<th style=\"text-align: center;\" colspan=\"6\">Horaire cours de l&rsquo;apr\u00e8s-midi 14h00 &#8211; 17h00<\/th>\n<\/tr>\n<\/thead>\n<tbody>\n<tr>\n<th style=\"text-align: center;\" scope=\"col\">lundi<\/th>\n<th style=\"text-align: center;\" scope=\"col\">mardi<\/th>\n<th style=\"text-align: center;\" scope=\"col\">mercredi<\/th>\n<th style=\"text-align: center;\" scope=\"col\">jeudi<\/th>\n<th style=\"text-align: center;\" scope=\"col\">venedredi<\/th>\n<th style=\"text-align: center;\" scope=\"col\">samedi<\/th>\n<\/tr>\n<tr>\n<td style=\"text-align: center;\"><\/td>\n<td style=\"text-align: center;\"><\/td>\n<td style=\"text-align: center;\"><a href=\"http:\/\/iicbruxelles.scuolasemplice.it\/classes\/public\/Tk0XnuKnvf\" target=\"_blank\" rel=\"noopener\">Leggere e Oltre<\/a><\/td>\n<td style=\"text-align: center;\"><\/td>\n<td style=\"text-align: center;\"><\/td>\n<td style=\"text-align: center;\"><a href=\"http:\/\/iicbruxelles.scuolasemplice.it\/classes\/public\/0a6u9k2Yxo\" target=\"_blank\" rel=\"noopener\">Luoghi e storie d&rsquo;Italia 11-13 anni<\/a><\/td>\n<\/tr>\n<tr>\n<td style=\"text-align: center;\"><\/td>\n<td style=\"text-align: center;\"><\/td>\n<td style=\"text-align: center;\"><a href=\"http:\/\/iicbruxelles.scuolasemplice.it\/classes\/public\/u72b3m6lJN\" target=\"_blank\" rel=\"noopener\">Lettura dei quotidiani<\/a><\/td>\n<td style=\"text-align: center;\"><\/td>\n<td style=\"text-align: center;\"><\/td>\n<td style=\"text-align: center;\"><a href=\"http:\/\/iicbruxelles.scuolasemplice.it\/classes\/public\/bVfCJRMiGe\" target=\"_blank\" rel=\"noopener\">L\u2019italiano in poesia<\/a><\/td>\n<\/tr>\n<tr>\n<td style=\"text-align: center;\"><\/td>\n<td style=\"text-align: center;\"><\/td>\n<td style=\"text-align: center;\"><a href=\"http:\/\/iicbruxelles.scuolasemplice.it\/classes\/public\/F2BOQRCppg\" target=\"_blank\" rel=\"noopener\">Corso di teatro per bambini<\/a><br \/>\n6-11 anni<\/td>\n<td style=\"text-align: center;\"><\/td>\n<td style=\"text-align: center;\"><\/td>\n<td style=\"text-align: center;\"><\/td>\n<\/tr>\n<tr>\n<td style=\"text-align: center;\"><\/td>\n<td style=\"text-align: center;\"><\/td>\n<td style=\"text-align: center;\"><a href=\"http:\/\/iicbruxelles.scuolasemplice.it\/classes\/public\/NHaunylA3t\" target=\"_blank\" rel=\"noopener\">Luoghi e storie d&rsquo;Italia 7-10 anni<\/a><\/td>\n<td style=\"text-align: center;\"><\/td>\n<td style=\"text-align: center;\"><\/td>\n<td style=\"text-align: center;\"><\/td>\n<\/tr>\n<tr>\n<td style=\"text-align: center;\"><\/td>\n<td style=\"text-align: center;\"><\/td>\n<td style=\"text-align: center;\"><\/td>\n<td style=\"text-align: center;\"><\/td>\n<td style=\"text-align: center;\"><\/td>\n<td style=\"text-align: center;\"><\/td>\n<\/tr>\n<\/tbody>\n<\/table>\n<p>&nbsp;<\/p>\n<table style=\"height: 205px;\" width=\"1154\">\n<thead>\n<tr>\n<th style=\"text-align: center;\" colspan=\"6\">Horaire cours du soir 18h &#8211; 21h<\/th>\n<\/tr>\n<\/thead>\n<tbody>\n<tr>\n<th style=\"text-align: center;\" scope=\"col\">lundi<\/th>\n<th style=\"text-align: center;\" scope=\"col\">mardi<\/th>\n<th style=\"text-align: center;\" scope=\"col\">mercredi<\/th>\n<th style=\"text-align: center;\" scope=\"col\">jeudi<\/th>\n<\/tr>\n<tr>\n<td style=\"text-align: center;\"><a href=\"http:\/\/iicbruxelles.scuolasemplice.it\/classes\/public\/5cAa8kWBWc\" target=\"_blank\" rel=\"noopener\">A2.2<\/a><\/td>\n<td style=\"text-align: center;\"><a class=\"\" href=\"http:\/\/iicbruxelles.scuolasemplice.it\/classes\/public\/Z8LZrAQqGC\" target=\"_blank\" rel=\"noopener\" data-focus-mouse=\"false\">A1.1<\/a><\/td>\n<td style=\"text-align: center;\"><a href=\"http:\/\/iicbruxelles.scuolasemplice.it\/classes\/public\/vdsl1ZPojR\" target=\"_blank\" rel=\"noopener\">A1.1<\/a><\/td>\n<td style=\"text-align: center;\"><a href=\"http:\/\/iicbruxelles.scuolasemplice.it\/classes\/public\/eEJWXmt0dt\" target=\"_blank\" rel=\"noopener\">A1.2<\/a><\/td>\n<\/tr>\n<tr>\n<td style=\"text-align: center;\"><a href=\"http:\/\/iicbruxelles.scuolasemplice.it\/classes\/public\/kfdWMTDOuw\" target=\"_blank\" rel=\"noopener\">B1.2<\/a><\/td>\n<td style=\"text-align: center;\"><a href=\"http:\/\/iicbruxelles.scuolasemplice.it\/classes\/public\/N9BS64WbIf\" target=\"_blank\" rel=\"noopener\">A2.1<\/a><\/td>\n<td style=\"text-align: center;\"><a href=\"http:\/\/iicbruxelles.scuolasemplice.it\/classes\/public\/OaePPYueXS\" target=\"_blank\" rel=\"noopener\">A1.2<\/a><\/td>\n<td style=\"text-align: center;\"><a href=\"http:\/\/iicbruxelles.scuolasemplice.it\/classes\/public\/4gMzsZXQyL\" target=\"_blank\" rel=\"noopener\">A2.1<\/a><\/td>\n<\/tr>\n<tr>\n<td style=\"text-align: center;\"><a href=\"http:\/\/iicbruxelles.scuolasemplice.it\/classes\/public\/75LQcK0xFv\" target=\"_blank\" rel=\"noopener\">B2.2<\/a><\/td>\n<td style=\"text-align: center;\"><a href=\"http:\/\/iicbruxelles.scuolasemplice.it\/classes\/public\/Pwf5qLilt1\" target=\"_blank\" rel=\"noopener\">B1.2<\/a><\/td>\n<td style=\"text-align: center;\"><a href=\"http:\/\/iicbruxelles.scuolasemplice.it\/classes\/public\/NSMtHvX4Ky\" target=\"_blank\" rel=\"noopener\">A2.2<\/a><\/td>\n<td style=\"text-align: center;\"><a href=\"http:\/\/iicbruxelles.scuolasemplice.it\/classes\/public\/aJUe1puQ8p\" target=\"_blank\" rel=\"noopener\">\u00a0B1.1<\/a><\/td>\n<\/tr>\n<tr>\n<td style=\"text-align: center;\"><a href=\"http:\/\/iicbruxelles.scuolasemplice.it\/classes\/public\/8qsc0rfrk4\" target=\"_blank\" rel=\"noopener\">C1.1<\/a><\/td>\n<td style=\"text-align: center;\"><a href=\"http:\/\/iicbruxelles.scuolasemplice.it\/classes\/public\/XluY2Re1i0\" target=\"_blank\" rel=\"noopener\">C2.1 Online<\/a><\/td>\n<td style=\"text-align: center;\"><a href=\"http:\/\/iicbruxelles.scuolasemplice.it\/classes\/public\/UdgxT9noSx\" target=\"_blank\" rel=\"noopener\">B2.2<\/a><\/td>\n<td style=\"text-align: center;\"><a href=\"http:\/\/iicbruxelles.scuolasemplice.it\/classes\/public\/JhZbjUJ8OL\" target=\"_blank\" rel=\"noopener\">B2.1<\/a><\/td>\n<\/tr>\n<tr>\n<td style=\"text-align: center;\"><a href=\"http:\/\/iicbruxelles.scuolasemplice.it\/classes\/public\/36CVuVfVyH\" target=\"_blank\" rel=\"noopener\">Corso di degustazione di vini<\/a><\/td>\n<td style=\"text-align: center;\"><a href=\"http:\/\/iicbruxelles.scuolasemplice.it\/classes\/public\/XlgyWGe8gc\" target=\"_blank\" rel=\"noopener\">C2.2<\/a><\/td>\n<td style=\"text-align: center;\"><a href=\"http:\/\/iicbruxelles.scuolasemplice.it\/classes\/public\/l2paMUA1el\" target=\"_blank\" rel=\"noopener\">Storia dell\u2019arte \u2013 cronologico<\/a><a href=\"http:\/\/iicbruxelles.scuolasemplice.it\/classes\/public\/kYdzWQt2C7\"><br \/>\nIbrido (in presenza o online)<\/a><\/td>\n<td style=\"text-align: center;\"><a href=\"http:\/\/iicbruxelles.scuolasemplice.it\/classes\/public\/hecKDTUBEo\" target=\"_blank\" rel=\"noopener\">Conversazione liv. avanzato<\/a><\/td>\n<\/tr>\n<tr>\n<td style=\"text-align: center;\"><a href=\"http:\/\/iicbruxelles.scuolasemplice.it\/classes\/public\/ZQiRyzwrOr\" target=\"_blank\" rel=\"noopener\">Storia dell\u2019arte Arte e mitologia<\/a><a href=\"http:\/\/iicbruxelles.scuolasemplice.it\/classes\/public\/hopfSy3KgP\"><br \/>\nOnline<\/a><\/td>\n<td style=\"text-align: center;\"><a href=\"http:\/\/iicbruxelles.scuolasemplice.it\/classes\/public\/Br9HKd6I6B\" target=\"_blank\" rel=\"noopener\">Storia dell\u2019arte \u2013 monografico<\/a><br \/>\nIbrido (in presenza o online)<\/td>\n<td style=\"text-align: center;\"><a href=\"http:\/\/iicbruxelles.scuolasemplice.it\/classes\/public\/Bb29tnfOg9\" target=\"_blank\" rel=\"noopener\">Teatro adulti<\/a><\/td>\n<td style=\"text-align: center;\"><a href=\"http:\/\/iicbruxelles.scuolasemplice.it\/classes\/public\/ZVBhucAozB\" target=\"_blank\" rel=\"noopener\">Teatro adulti<\/a><\/td>\n<\/tr>\n<tr>\n<td style=\"text-align: center;\"><\/td>\n<td style=\"text-align: center;\"><a href=\"http:\/\/iicbruxelles.scuolasemplice.it\/classes\/public\/h8u9QP1exa\" target=\"_blank\" rel=\"noopener\">Teatro adulti<\/a><\/td>\n<td style=\"text-align: center;\"><\/td>\n<td style=\"text-align: center;\"><\/td>\n<\/tr>\n<\/tbody>\n<\/table>\n<h4>Paiements<\/h4>\n<p style=\"padding-left: 40px;\">Prix : <strong>410\u20ac<\/strong> (le prix est r\u00e9duit \u00e0 370\u20ac pour les \u00e9tudiants, les retrait\u00e9s, les ch\u00f4meurs et stagiaires de la Commission europ\u00e9enne qui pr\u00e9sentent une preuve de leur statut).<\/p>\n<p style=\"padding-left: 40px;\"><strong>Le paiement est demand\u00e9 automatiquement au bas du formulaire d&rsquo;inscription<\/strong>, gr\u00e2ce au lien vers la plateforme de paiement Mollie. <span style=\"text-decoration: underline;\"><em>ATTENTION : L&rsquo;inscription n&rsquo;est valable qu&rsquo;apr\u00e8s le paiement.<\/em><\/span><\/p>\n<p>&nbsp;<\/p>\n<table style=\"border-collapse: collapse; width: 397px; height: 76px;\" border=\"1\">\n<tbody>\n<tr>\n<td style=\"width: 100%; padding-left: 40px;\"><strong>Lucia Scoca &#8211; Bureau des cours<\/strong><br \/>\n<a href=\"mailto:corsi.iicbruxelles@esteri.it\">corsi.iicbruxelles@esteri.it<\/a><br \/>\n<strong>tel. 02 533 27 23 \/ 02 533 27 33<\/strong>Horaires du secr\u00e9tariat de cours:<br \/>\n<b>Du lundi au vendredi de 10h \u00e0 12h<\/b><\/td>\n<\/tr>\n<\/tbody>\n<\/table>\n<p>&nbsp;<\/p>\n","protected":false},"excerpt":{"rendered":"Les inscriptions EN LIGNE pour le deuxi\u00e8me semestre 2025\/2026 sont cl\u00f4tur\u00e9es! Les inscriptions pour les cours \u00e0 partir de septembre 2026 ouvriront en mai. L&rsquo;Institut Culturel organise des cours de langues sur 2 semestres : de septembre \u00e0 janvier et de f\u00e9vrier \u00e0 juin. Les cours ont lieu une fois par semaine dans nos locaux [&hellip;]","protected":false},"author":1,"featured_media":0,"parent":141,"menu_order":0,"comment_status":"closed","ping_status":"closed","template":"","meta":{"footnotes":""},"class_list":["post-143","page","type-page","status-publish","hentry"],"_links":{"self":[{"href":"https:\/\/iicbruxelles.esteri.it\/fr\/wp-json\/wp\/v2\/pages\/143","targetHints":{"allow":["GET"]}}],"collection":[{"href":"https:\/\/iicbruxelles.esteri.it\/fr\/wp-json\/wp\/v2\/pages"}],"about":[{"href":"https:\/\/iicbruxelles.esteri.it\/fr\/wp-json\/wp\/v2\/types\/page"}],"author":[{"embeddable":true,"href":"https:\/\/iicbruxelles.esteri.it\/fr\/wp-json\/wp\/v2\/users\/1"}],"replies":[{"embeddable":true,"href":"https:\/\/iicbruxelles.esteri.it\/fr\/wp-json\/wp\/v2\/comments?post=143"}],"version-history":[{"count":8,"href":"https:\/\/iicbruxelles.esteri.it\/fr\/wp-json\/wp\/v2\/pages\/143\/revisions"}],"predecessor-version":[{"id":62627,"href":"https:\/\/iicbruxelles.esteri.it\/fr\/wp-json\/wp\/v2\/pages\/143\/revisions\/62627"}],"up":[{"embeddable":true,"href":"https:\/\/iicbruxelles.esteri.it\/fr\/wp-json\/wp\/v2\/pages\/141"}],"wp:attachment":[{"href":"https:\/\/iicbruxelles.esteri.it\/fr\/wp-json\/wp\/v2\/media?parent=143"}],"curies":[{"name":"wp","href":"https:\/\/api.w.org\/{rel}","templated":true}]}}