{"id":147,"date":"2023-04-03T20:56:11","date_gmt":"2023-04-03T18:56:11","guid":{"rendered":"https:\/\/iicbruxelles.esteri.it\/lingua-e-cultura\/certificazioni\/"},"modified":"2026-02-19T16:23:20","modified_gmt":"2026-02-19T14:23:20","slug":"certificazioni","status":"publish","type":"page","link":"https:\/\/iicbruxelles.esteri.it\/fr\/lingua-e-cultura\/certificazioni\/","title":{"rendered":"Certificats"},"content":{"rendered":"<p style=\"text-align: justify;\">Les Certificats d&rsquo;Italien sont des titres qui d\u00e9clarent le niveau de langue \u00e9trang\u00e8re. Il sont destin\u00e9s\u00a0\u00e0 tous les ressortissants \u00e9trangers, les ressortissants italiens r\u00e9sidant \u00e0 l&rsquo;\u00e9tranger (descendants d&rsquo;\u00e9migr\u00e9s italiens) et aux \u00e9migr\u00e9s \u00e9trangers r\u00e9sidant en Italie.<\/p>\n<p style=\"text-align: justify;\">Pour participer aux \u00e9preuves, il n&rsquo;est pas n\u00e9cessaire d&rsquo;avoir un niveau d&rsquo;\u00e9tudes sp\u00e9cifique.<\/p>\n<p class=\"\" data-start=\"0\" data-end=\"268\">L&rsquo;Institut Italien de Culture de Bruxelles offre la possibilit\u00e9 d&rsquo;obtenir la <strong>Certification d&rsquo;italien comme langue \u00e9trang\u00e8re (<a href=\"https:\/\/cils.unistrasi.it\/1\/98\/Esami_CILS.htm\">CILS<\/a>) de l&rsquo;Universit\u00e9 pour \u00c9trangers de Sienne<\/strong> avec les niveaux suivants :<br data-start=\"199\" data-end=\"202\" \/><strong>CILS A1 e A2<\/strong>,<strong> CILS B1 A<\/strong>, <strong>CILS Uno-B1<\/strong>, <strong>CILS Due-B2<\/strong> , <strong>CILS Tre-C1<\/strong> et<strong> CILS Quattro-C2<\/strong>.<\/p>\n<p class=\"\" data-start=\"270\" data-end=\"439\">Il est \u00e9galement pr\u00e9cis\u00e9 que chaque niveau d&rsquo;examen pourra \u00eatre ouvert si le nombre minimum de candidats requis est atteint pour ce niveau<\/p>\n<h2><strong><a href=\"https:\/\/iicbruxelles.esteri.it\/it\/lingua-e-cultura\/certificazioni\/iscrizione-allesame\/\">INSCRIPTION\u00a0<\/a> \u00a0 \u00a0 \u00a0 \u00a0<a href=\"https:\/\/iicbruxelles.esteri.it\/it\/lingua-e-cultura\/certificazioni\/risultati-degli-esami\/\">RESULTATS<\/a><br \/>\n<\/strong><\/h2>\n<p style=\"text-align: center; padding-left: 40px;\">***<\/p>\n<p>Nous vous informons que les Comit\u00e9s de la Soci\u00e9t\u00e9 Dante Alighieri de Li\u00e8ge et de Gand sont\u00a0 <strong><em>Centri Certificatori PLIDA<\/em><\/strong> officiels.<\/p>\n<p>Responsable de la <em>Certificazione PLIDA (Li\u00e8ge)<\/em>: Alessandro Greco<\/p>\n<p>Secr\u00e9taire-tr\u00e9sori\u00e8re : Christiane Autmans<\/p>\n<p><strong>Renseignements et inscriptions (Li\u00e8ge) <\/strong><strong><a href=\"mailto:dante.info@laposte.net\">dante.info@laposte.net<\/a><\/strong>\u00a0tel.: 0497 06 05 37<\/p>\n<p>Responsable de la <em>Certificazione PLIDA<\/em> (Gand): Claudia Crocco<\/p>\n<p><strong>Renseignements et inscriptions (Gand)<\/strong>: <strong><a href=\"mailto:dante.plida.gent@gmail.com\">dante.plida.gent@gmail.com<\/a><\/strong><\/p>\n<p class=\"titoloNotizia\"><span class=\"titoloCategoria\"><br \/>\nEquivalence des Certifications avec le <em>Cadre europ\u00e9en commun de r\u00e9f\u00e9rence pour les langues.<\/em><\/span><\/p>\n<table class=\"tableRed table\" border=\"0\" cellspacing=\"0\" cellpadding=\"0\">\n<tbody>\n<tr>\n<th class=\"titolorosso\" width=\"100\"><span style=\"font-weight: 400;\">\u00a0<\/span><\/th>\n<th class=\"titolorosso\" width=\"100\"><span style=\"font-weight: 400;\">Universit\u00e0 per Stranieri di Perugia<\/span><\/th>\n<td class=\"titolorosso\" width=\"100\">Universit\u00e0 per Stranieri di<br \/>\nSiena<\/td>\n<td class=\"titolorosso\" width=\"100\">Universit\u00e0 degli Studi di Roma Tre<\/td>\n<td class=\"titolorosso\" width=\"100\">Dante Alighieri<\/td>\n<\/tr>\n<tr>\n<td class=\"tableRed\" width=\"100\"><span class=\"titoloRosso\">LIVELLO C2<br \/>\nPadronanza<\/span><\/td>\n<td class=\"tableRed\" width=\"100\">CELI 5<\/td>\n<td class=\"tableRed\" width=\"100\">CILS Quattro-C2<\/td>\n<td class=\"tableRed\" width=\"100\">IT<\/td>\n<td class=\"tableRed\" width=\"100\">PLIDA C2<\/td>\n<\/tr>\n<tr>\n<td class=\"tableRed\" width=\"100\"><span class=\"titoloRosso\">LIVELLO C1<br \/>\nEfficacia<\/span><\/td>\n<td class=\"tableRed\" width=\"100\">\n<table class=\"table\" border=\"0\" cellspacing=\"0\" cellpadding=\"0\">\n<tbody>\n<tr>\n<td class=\"tableGray\" width=\"20%\">CELI4<\/td>\n<td class=\"tableGray\" width=\"20%\"><\/td>\n<td class=\"tableGray\" width=\"20%\"><\/td>\n<\/tr>\n<\/tbody>\n<\/table>\n<\/td>\n<td class=\"tableRed\" width=\"100\">CILS Tre-C1<\/td>\n<td class=\"tableRed\" width=\"100\">&#8212;&#8212;<\/td>\n<td class=\"tableRed\" width=\"100\">PLIDA C1<\/td>\n<\/tr>\n<tr>\n<td class=\"tableRed\" width=\"100\"><span class=\"titoloRosso\">LIVELLO B2<br \/>\n<\/span><span class=\"titoloRosso\">Progresso<br \/>\n<\/span><\/td>\n<td class=\"tableRed\" width=\"100\">CELI3<\/td>\n<td class=\"tableRed\" width=\"100\">CILS Due B2<\/td>\n<td class=\"tableRed\" width=\"100\">&#8212;&#8212;<\/td>\n<td class=\"tableRed\" width=\"100\">PLIDA\u00a0B2<\/td>\n<\/tr>\n<tr>\n<td class=\"tableRed\" width=\"100\"><span class=\"titoloRosso\">LIVELLO B1<br \/>\nSoglia<\/span><\/td>\n<td class=\"tableRed\" width=\"100\">CELI2<\/td>\n<td class=\"tableRed\" width=\"100\">CILS Uno B1<\/td>\n<td class=\"tableRed\" width=\"100\">ele.IT<\/td>\n<td class=\"tableRed\" width=\"100\">PLIDA B1<\/td>\n<\/tr>\n<tr>\n<td class=\"tableRed\" width=\"100\"><span class=\"titoloRosso\">LIVELLO A2<br \/>\nSopravvivenza<\/span><\/td>\n<td class=\"tableRed\" width=\"100\">CELI1<\/td>\n<td class=\"tableRed\" width=\"100\">CILS A2<\/td>\n<td class=\"tableRed\" width=\"100\">&#8212;&#8212;<\/td>\n<td class=\"tableRed\" width=\"100\">PLIDA\u00a0A2<\/td>\n<\/tr>\n<tr>\n<td class=\"tableRed\" width=\"100\"><span class=\"titoloRosso\">LIVELLO A1<br \/>\nContatto<\/span><\/td>\n<td class=\"tableRed\" width=\"100\">CELI1<\/td>\n<td class=\"tableRed\" width=\"100\">CILS A1<\/td>\n<td class=\"tableRed\" width=\"100\">&#8212;&#8212;<\/td>\n<td class=\"tableRed\" width=\"100\">PLIDA A1<\/td>\n<\/tr>\n<\/tbody>\n<\/table>\n","protected":false},"excerpt":{"rendered":"Les Certificats d&rsquo;Italien sont des titres qui d\u00e9clarent le niveau de langue \u00e9trang\u00e8re. Il sont destin\u00e9s\u00a0\u00e0 tous les ressortissants \u00e9trangers, les ressortissants italiens r\u00e9sidant \u00e0 l&rsquo;\u00e9tranger (descendants d&rsquo;\u00e9migr\u00e9s italiens) et aux \u00e9migr\u00e9s \u00e9trangers r\u00e9sidant en Italie. Pour participer aux \u00e9preuves, il n&rsquo;est pas n\u00e9cessaire d&rsquo;avoir un niveau d&rsquo;\u00e9tudes sp\u00e9cifique. L&rsquo;Institut Italien de Culture de Bruxelles [&hellip;]","protected":false},"author":1,"featured_media":0,"parent":141,"menu_order":4,"comment_status":"closed","ping_status":"closed","template":"","meta":{"footnotes":""},"class_list":["post-147","page","type-page","status-publish","hentry"],"_links":{"self":[{"href":"https:\/\/iicbruxelles.esteri.it\/fr\/wp-json\/wp\/v2\/pages\/147","targetHints":{"allow":["GET"]}}],"collection":[{"href":"https:\/\/iicbruxelles.esteri.it\/fr\/wp-json\/wp\/v2\/pages"}],"about":[{"href":"https:\/\/iicbruxelles.esteri.it\/fr\/wp-json\/wp\/v2\/types\/page"}],"author":[{"embeddable":true,"href":"https:\/\/iicbruxelles.esteri.it\/fr\/wp-json\/wp\/v2\/users\/1"}],"replies":[{"embeddable":true,"href":"https:\/\/iicbruxelles.esteri.it\/fr\/wp-json\/wp\/v2\/comments?post=147"}],"version-history":[{"count":11,"href":"https:\/\/iicbruxelles.esteri.it\/fr\/wp-json\/wp\/v2\/pages\/147\/revisions"}],"predecessor-version":[{"id":61468,"href":"https:\/\/iicbruxelles.esteri.it\/fr\/wp-json\/wp\/v2\/pages\/147\/revisions\/61468"}],"up":[{"embeddable":true,"href":"https:\/\/iicbruxelles.esteri.it\/fr\/wp-json\/wp\/v2\/pages\/141"}],"wp:attachment":[{"href":"https:\/\/iicbruxelles.esteri.it\/fr\/wp-json\/wp\/v2\/media?parent=147"}],"curies":[{"name":"wp","href":"https:\/\/api.w.org\/{rel}","templated":true}]}}