{"id":170,"date":"2023-04-03T20:56:23","date_gmt":"2023-04-03T18:56:23","guid":{"rendered":"https:\/\/iicbruxelles.esteri.it\/lingua-e-cultura\/studiare-in-italia\/"},"modified":"2023-06-29T11:09:03","modified_gmt":"2023-06-29T09:09:03","slug":"studiare-in-italia","status":"publish","type":"page","link":"https:\/\/iicbruxelles.esteri.it\/fr\/lingua-e-cultura\/studiare-in-italia\/","title":{"rendered":"Studiare in Italia"},"content":{"rendered":"<p class=\"titoloCategoria\"><strong><span class=\"titoloNotizia\">Cours de langue et de culture italiennes offerts par les universit\u00e9s italiennes:<\/span><\/strong><\/p>\n<ul>\n<li><a href=\"http:\/\/www.unistrapg.it\/italiano\/\" target=\"_blank\" rel=\"noopener\">Universit\u00e0 per stranieri di Perugia <\/a><\/li>\n<li><a href=\"http:\/\/www.unistrasi.it\/\" target=\"_blank\" rel=\"noopener\">Universit\u00e0 per stranieri di Siena <\/a><\/li>\n<li><a href=\"http:\/\/www.univpm.it\/\" target=\"_blank\" rel=\"noopener\">Universit\u00e0 Politecnica delle Marche <\/a><\/li>\n<li><a href=\"http:\/\/www.unibg.it\/\" target=\"_blank\" rel=\"noopener\">Universit\u00e0 degli studi di Bergamo <\/a><\/li>\n<li><a href=\"http:\/\/www.unibo.it\/Portale\/Offerta+formativa\/Summer+and+winter+school\/italiano_per_stranieri.htm\" target=\"_blank\" rel=\"noopener\">Universit\u00e0 degli studi di Bologna<\/a><\/li>\n<li><a href=\"http:\/\/www.cliro.unibo.it\/\" target=\"_blank\" rel=\"noopener\">Universit\u00e0 degli studi di Bologna \u2013 Cliro\u00a0<\/a><\/li>\n<li><a href=\"http:\/\/www.unifi.it\/unifi\/ccs\/\" target=\"_blank\" rel=\"noopener\">Universit\u00e0 degli studi di Firenze &#8211; Centro di cultura per stranieri <\/a><\/li>\n<li><a href=\"http:\/\/www.unige.it\/centrint\/\" target=\"_blank\" rel=\"noopener\">Universit\u00e0 degli studi di Genova <\/a><\/li>\n<li><a href=\"http:\/\/www.univaq.it\/\" target=\"_blank\" rel=\"noopener\">Universit\u00e0 degli studi de l&rsquo;Aquila <\/a><\/li>\n<li><a href=\"http:\/\/www.italianoperstranieri.unisalento.it\/home_page\" target=\"_blank\" rel=\"noopener\">Universit\u00e0 degli studi del Salento\u00a0<\/a><\/li>\n<li><a href=\"http:\/\/studenti.unimi.it\/foreign\/gargnano.htm\" target=\"_blank\" rel=\"noopener\">Universit\u00e0 degli studi di Milano<\/a><\/li>\n<li><a href=\"http:\/\/www.unipr.it\/arpa\/cla\/\" target=\"_blank\" rel=\"noopener\">Universit\u00e0 degli studi di Parma <\/a><\/li>\n<li><a href=\"http:\/\/www.cla.uniroma3.it\/index.asp\" target=\"_blank\" rel=\"noopener\">Universit\u00e0 degli studi di Roma Tre &#8211; Corsi CLA (con certificazione)<\/a><\/li>\n<li><a href=\"http:\/\/host.uniroma3.it\/dipartimenti\/linguistica\/\" target=\"_blank\" rel=\"noopener\">Universit\u00e0 degli Studi di Roma Tre\u00a0&#8211; Italiano L2 (con certificazione) <\/a><\/li>\n<li><a href=\"http:\/\/www.unitn.it\/\" target=\"_blank\" rel=\"noopener\">Universit\u00e0 degli studi di Trento\u00a0<\/a><\/li>\n<li><a href=\"http:\/\/www.uniurb.it\/it\/index.php\" target=\"_blank\" rel=\"noopener\">Universit\u00e0 degli studi di Urbino <\/a><\/li>\n<li><a href=\"http:\/\/www.unive.it\/nqcontent.cfm?a_id=1\" target=\"_blank\" rel=\"noopener\">Universit\u00e0 degli studi \u00ab\u00a0Ca&rsquo; Foscari\u00a0\u00bb di Venezia <\/a><\/li>\n<li><a href=\"http:\/\/milano.unicatt.it\/masters_8699.html\" target=\"_blank\" rel=\"noopener\">Universit\u00e0 Cattolica del Sacro Cuore<\/a><\/li>\n<li><a href=\"http:\/\/cla.unica.it\/\" target=\"_blank\" rel=\"noopener\">Universit\u00e0 degli studi di Cagliari &#8211; Centro linguistico d&rsquo;ateneo<\/a><\/li>\n<\/ul>\n<p><a href=\"http:\/\/www.crui.it\/HomePage.aspx?ref=2094\" target=\"_blank\" rel=\"noopener\">Cliquez ici pour visualiser une liste des cours organis\u00e9s totalement en langue anglaise par les universit\u00e9s italiennes &gt;&gt;&gt;<\/a><\/p>\n<p><strong><span class=\"titoloCategoria\">Cours de langue italienne, de culture et d&rsquo;autres disciplines propos\u00e9s aux \u00e9trangers:<\/span><\/strong><\/p>\n<p>Consultez la liste des \u00e9coles, des centres, des instituts qui offrent des cours principalement destin\u00e9s aux \u00e9tudiants \u00e9trangers dans de nombreuses disciplines.<\/p>\n<p>Il est possible de rechercher des cours par r\u00e9gion et\/ou par ville et\/ou par cat\u00e9gorie.<br \/>\nPour la s\u00e9lection des diff\u00e9rents types de cours, les rubriques du menu sont volontairement g\u00e9n\u00e9rales, comme \u00ab Langue italienne \u00bb, \u00ab Design \u00bb, \u00ab Musique \u00bb et \u00ab Chant \u00bb qui renvoient au site web des \u00e9coles o\u00f9 l\u2019on peut obtenir davantage de pr\u00e9cisions sur les diff\u00e9rentes offres.<\/p>\n<p>Si vous recherchez des cours de langue italienne, il faut consulter les sites web des Centres cit\u00e9s dans cette page. Cela permet de distinguer les \u00e9coles destin\u00e9es exclusivement \u00e0 l\u2019enseignement de la langue italienne aux \u00e9trangers, de celles qui offrent des cours de langue en compl\u00e9ment \u00e0 d\u2019autres cours tels que l&rsquo;art, la mode, le design, la cuisine etc\u2026<\/p>\n<p>Les \u00e9coles de langue et de culture italiennes ayant obtenu le label \u00abPresa d\u2019atto del MIUR\u00bb (d\u00e9livr\u00e9 apr\u00e8s une inspection du minist\u00e8re de l\u2019Education, de l\u2019Universit\u00e9 et de la Recherche Scientifique) pr\u00e9sentent des garanties de fiabilit\u00e9 sur le plan de l\u2019organisation et sur le plan didactique.<br \/>\nLorsque vous consultez le site internet des \u00e9coles, v\u00e9rifiez si elles font partie d\u2019associations qui d\u00e9fendent la qualit\u00e9 des services offerts et les garantissent aupr\u00e8s de leurs clients :<\/p>\n<p>Au niveau national :<\/p>\n<ul>\n<li>\u00a0<a href=\"http:\/\/www.asils.it\/\" target=\"_blank\" rel=\"noopener\">ASILS<\/a> (Associazione Scuole di Italiano come Lingua seconda)<\/li>\n<li>\u00a0<a href=\"http:\/\/www.acad.it\/\" target=\"_blank\" rel=\"noopener\">AIL<\/a> (Accademia Italiana di Lingua)<\/li>\n<li><a href=\"http:\/\/www.italianinitaly.it\/\" target=\"_blank\" rel=\"noopener\">Italian in Italy<\/a><\/li>\n<\/ul>\n<p>Au niveau international:<\/p>\n<ul>\n<li><a href=\"https:\/\/iicbruxelles.esteri.it\/IIC_Bruxelles\/Templates\/)%20http:\/\/www.language-learning.net\/it\/articles\/tips\/organisations\/school-associations-quality-control-\/international\/fiyto-federation-of-international-youth-travel-organizations-\" target=\"_blank\" rel=\"noopener\">\u00a0FIYTO<\/a> (Federation of International Youth Travel Organisations)<\/li>\n<li>\u00a0<a href=\"http:\/\/www.altonet.org\/\" target=\"_blank\" rel=\"noopener\">ALTO<\/a> (Association of Language Travel Organisations)<\/li>\n<li>\u00a0<a href=\"http:\/\/www.ialc.org\/\" target=\"_blank\" rel=\"noopener\">IALC<\/a> (International Association of Language Centres)<\/li>\n<li>\u00a0<a href=\"http:\/\/www.tandemcity.info\/\" target=\"_blank\" rel=\"noopener\">TANDEM<\/a> (International Network of Quality Language Institutes)<\/li>\n<li>\u00a0<a href=\"http:\/\/www.eaquals.org\/\" target=\"_blank\" rel=\"noopener\">EAQUALS<\/a> (The European Association for Quality Language Services)<\/li>\n<li>\u00a0<a href=\"http:\/\/www.ihworld.com\/\" target=\"_blank\" rel=\"noopener\">IHWO<\/a> (International House World Organisation)<\/li>\n<\/ul>\n<p>Il est important \u00e9galement de savoir si les \u00e9coles sont reconnues comme Organismes de Formation et si elles sont habilit\u00e9es \u00e0 d\u00e9livrer des Certificats de connaissance de la Langue italienne.<\/p>\n<p>Pour toutes les \u00e9coles qui ne pr\u00e9sentent aucune de ces conditions, il est recommand\u00e9 de v\u00e9rifier si leur site web contient des informations pr\u00e9cises sur :<\/p>\n<ul>\n<li>les conditions financi\u00e8res des cours offerts (prix, paiement, remboursement du paiement en cas d\u2019annulation des cours),<\/li>\n<li>le lieu o\u00f9 sont organis\u00e9s les cours (\u00e9difice, salles, infrastructures, am\u00e9nagements),<\/li>\n<li>les conditions de logements pour les \u00e9tudiants (prix et emplacement),<\/li>\n<li>le mat\u00e9riel didactique utilis\u00e9.<\/li>\n<\/ul>\n","protected":false},"excerpt":{"rendered":"Cours de langue et de culture italiennes offerts par les universit\u00e9s italiennes: Universit\u00e0 per stranieri di Perugia Universit\u00e0 per stranieri di Siena Universit\u00e0 Politecnica delle Marche Universit\u00e0 degli studi di Bergamo Universit\u00e0 degli studi di Bologna Universit\u00e0 degli studi di Bologna \u2013 Cliro\u00a0 Universit\u00e0 degli studi di Firenze &#8211; Centro di cultura per stranieri Universit\u00e0 [&hellip;]","protected":false},"author":1,"featured_media":0,"parent":141,"menu_order":8,"comment_status":"closed","ping_status":"closed","template":"","meta":{"footnotes":""},"class_list":["post-170","page","type-page","status-publish","hentry"],"_links":{"self":[{"href":"https:\/\/iicbruxelles.esteri.it\/fr\/wp-json\/wp\/v2\/pages\/170","targetHints":{"allow":["GET"]}}],"collection":[{"href":"https:\/\/iicbruxelles.esteri.it\/fr\/wp-json\/wp\/v2\/pages"}],"about":[{"href":"https:\/\/iicbruxelles.esteri.it\/fr\/wp-json\/wp\/v2\/types\/page"}],"author":[{"embeddable":true,"href":"https:\/\/iicbruxelles.esteri.it\/fr\/wp-json\/wp\/v2\/users\/1"}],"replies":[{"embeddable":true,"href":"https:\/\/iicbruxelles.esteri.it\/fr\/wp-json\/wp\/v2\/comments?post=170"}],"version-history":[{"count":3,"href":"https:\/\/iicbruxelles.esteri.it\/fr\/wp-json\/wp\/v2\/pages\/170\/revisions"}],"predecessor-version":[{"id":573,"href":"https:\/\/iicbruxelles.esteri.it\/fr\/wp-json\/wp\/v2\/pages\/170\/revisions\/573"}],"up":[{"embeddable":true,"href":"https:\/\/iicbruxelles.esteri.it\/fr\/wp-json\/wp\/v2\/pages\/141"}],"wp:attachment":[{"href":"https:\/\/iicbruxelles.esteri.it\/fr\/wp-json\/wp\/v2\/media?parent=170"}],"curies":[{"name":"wp","href":"https:\/\/api.w.org\/{rel}","templated":true}]}}