{"id":171,"date":"2023-04-03T20:56:47","date_gmt":"2023-04-03T18:56:47","guid":{"rendered":"https:\/\/iicbruxelles.esteri.it\/lingua-e-cultura\/biblioteca\/"},"modified":"2026-02-04T10:37:28","modified_gmt":"2026-02-04T08:37:28","slug":"biblioteca","status":"publish","type":"page","link":"https:\/\/iicbruxelles.esteri.it\/fr\/lingua-e-cultura\/biblioteca\/","title":{"rendered":"Biblioth\u00e8que"},"content":{"rendered":"<p><strong><span class=\"titoloPagina\">Biblioth\u00e8que Lucio Colletti<\/span><\/strong><\/p>\n<p><strong>NOUVEAU:<\/strong><\/p>\n<ul>\n<li><strong>CHAQUE MARDI SOIR LA BIBLIOTH\u00c8QUE SERA OUVERTE JUSQUE 18H30<\/strong><\/li>\n<li><strong>R\u00c9DUCTION DU PRIX D&rsquo;<a href=\"https:\/\/iicbruxelles.esteri.it\/fr\/chi-siamo\/contatti\/devenir-membre\/\">INSCRIPTION<\/a> \u00c0 LA BIBLIOTH\u00c8QUE<\/strong><\/li>\n<\/ul>\n<p><a href=\"https:\/\/iic.infoteca.it\/bruxelles\"><strong>Catalogue de la biblioth\u00e8que et m\u00e9diath\u00e8que &gt;&gt;&gt;<\/strong><\/a><\/p>\n<p>La biblioth\u00e8que de l\u2019Istituto poss\u00e8de <strong>14000 <\/strong>volumes et plus de <strong>850 <\/strong>DVD.<\/p>\n<p>Une <strong>nouvelle section pour enfants et adolescents de 2 \u00e0 14 ans<\/strong> a \u00e9t\u00e9 ouverte r\u00e9cemment: venez la d\u00e9couvrir! L&rsquo;acc\u00e8s aux services de pr\u00eats pour enfants et adolescents\u00a0 y est <strong>gratuit<\/strong>.<\/p>\n<p><img loading=\"lazy\" decoding=\"async\" class=\"alignnone size-full wp-image-5993 img-fluid\" src=\"https:\/\/iicbruxelles.esteri.it\/wp-content\/uploads\/2023\/11\/PXL_20231113_115934439.jpg\" alt=\"\" width=\"1920\" height=\"1440\" srcset=\"https:\/\/iicbruxelles.esteri.it\/wp-content\/uploads\/2023\/11\/PXL_20231113_115934439.jpg 1920w, https:\/\/iicbruxelles.esteri.it\/wp-content\/uploads\/2023\/11\/PXL_20231113_115934439-300x225.jpg 300w, https:\/\/iicbruxelles.esteri.it\/wp-content\/uploads\/2023\/11\/PXL_20231113_115934439-1024x768.jpg 1024w, https:\/\/iicbruxelles.esteri.it\/wp-content\/uploads\/2023\/11\/PXL_20231113_115934439-768x576.jpg 768w\" sizes=\"auto, (max-width: 1920px) 100vw, 1920px\" \/><\/p>\n<p><span class=\"titoloCategoria\">Horaires d&rsquo;ouverture:<\/span><\/p>\n<table class=\"table\" border=\"1\" cellspacing=\"2\" cellpadding=\"0\">\n<tbody>\n<tr>\n<td>Jour<\/td>\n<td>Matin<\/td>\n<td>Apr\u00e8s-midi<\/td>\n<\/tr>\n<tr>\n<td>Lundi<\/td>\n<td>9h30-13h<\/td>\n<td>14-17h<\/td>\n<\/tr>\n<tr>\n<td>Mardi*<\/td>\n<td>11h30-13h<\/td>\n<td>14-18h30<\/td>\n<\/tr>\n<tr>\n<td>Mercredi<\/td>\n<td>11h30-13h<\/td>\n<td>14-17h<\/td>\n<\/tr>\n<tr>\n<td>Jeudi<\/td>\n<td>ferm\u00e9<\/td>\n<td>ferm\u00e9<\/td>\n<\/tr>\n<tr>\n<td>Vendredi<\/td>\n<td>9h30-13h<\/td>\n<td>\u00a014-17h<\/td>\n<\/tr>\n<\/tbody>\n<\/table>\n<p>* Le nouvel horaire d&rsquo;ouverture le mardi soir sera d&rsquo;application d\u00e8s f\u00e9frier 2026 et ceci pour une p\u00e9riode d&rsquo;essai.<\/p>\n<p><strong>Contact:\u00a0<a href=\"mailto:biblioteca.iicbruxelles@esteri.it\">biblioteca.iicbruxelles@esteri.it<\/a> , 02\/533.27.27<\/strong><\/p>\n<p><strong><span class=\"titoloCategoria\">NOUVEAUT\u00c9S<\/span><\/strong><\/p>\n<p>Vous \u00eates curieux de feuilleter les nouveaux livres dont on parle en Italie ? Voulez-vous conna\u00eetre la production cin\u00e9matographique italienne plus r\u00e9cente? Vous trouverez toutes ces nouveaut\u00e9s \u00e0 la biblioth\u00e8que de l\u2019Istituto Italiano di Cultura.<\/p>\n<p><strong><a href=\"http:\/\/clmr.infoteca.it\/bw5ne2\/Opac.aspx?WEB=ICBX&amp;SRC=NOV\">Nouvelles acquisitions &gt;&gt;&gt;<\/a><\/strong><\/p>\n<p><a href=\"http:\/\/clmr.infoteca.it\/bw5ne2\/Opac.aspx?WEB=ICBX&amp;SRC=NOV\"><img loading=\"lazy\" decoding=\"async\" class=\"alignnone size-full wp-image-47462 img-fluid\" src=\"https:\/\/iicbruxelles.esteri.it\/wp-content\/uploads\/2025\/10\/Nuovi-libri-ott2025.jpg\" alt=\"\" width=\"1920\" height=\"1790\" srcset=\"https:\/\/iicbruxelles.esteri.it\/wp-content\/uploads\/2025\/10\/Nuovi-libri-ott2025.jpg 1920w, https:\/\/iicbruxelles.esteri.it\/wp-content\/uploads\/2025\/10\/Nuovi-libri-ott2025-300x280.jpg 300w, https:\/\/iicbruxelles.esteri.it\/wp-content\/uploads\/2025\/10\/Nuovi-libri-ott2025-1024x955.jpg 1024w, https:\/\/iicbruxelles.esteri.it\/wp-content\/uploads\/2025\/10\/Nuovi-libri-ott2025-768x716.jpg 768w\" sizes=\"auto, (max-width: 1920px) 100vw, 1920px\" \/><\/a><\/p>\n<p>&nbsp;<\/p>\n<p><a href=\"http:\/\/www.bibliowin.it\/iic\/ICBX\" target=\"_blank\" rel=\"noopener\">Acc\u00e8s au catalogue et aux autres services virtuels &gt;&gt;&gt;<br \/>\n<\/a><\/p>\n<p><span class=\"titoloCategoria\">Pr\u00eats et services<\/span><\/p>\n<p style=\"text-align: justify;\">Le service pr\u00eats est destin\u00e9 aux \u00e9l\u00e8ves de l&rsquo;Istituto et aux\u00a0membres de l&rsquo;Istituto. Les frais d\u2019<a href=\"http:\/\/www.iicbruxelles.esteri.it\/iic_bruxelles\/fr\/istituto\/diventare_soci\/\" target=\"_blank\" rel=\"noopener\">inscription<\/a> annuels \u00e0 l\u2019Istituto Italiano di Cultura de Bruxelles varient de 20 \u00e0 35 \u20ac, \u00e0 l&rsquo;exception des enfants et des adolescents qui b\u00e9nificient de la gratuit\u00e9.<\/p>\n<p style=\"text-align: justify;\">La dur\u00e9e du pr\u00eat de livres est de trois semaines avec un maximum de trois unit\u00e9s. Pour les blu-ray ou DVD le maximum est de deux unit\u00e9s. Le pr\u00eat de DVD ou blu-ray est limit\u00e9 \u00e0 une semaine.\u00a0Nous acceptons le prolongement du pr\u00eat par t\u00e9l\u00e9phone ou e-mail.<\/p>\n","protected":false},"excerpt":{"rendered":"Biblioth\u00e8que Lucio Colletti NOUVEAU: CHAQUE MARDI SOIR LA BIBLIOTH\u00c8QUE SERA OUVERTE JUSQUE 18H30 R\u00c9DUCTION DU PRIX D&rsquo;INSCRIPTION \u00c0 LA BIBLIOTH\u00c8QUE Catalogue de la biblioth\u00e8que et m\u00e9diath\u00e8que &gt;&gt;&gt; La biblioth\u00e8que de l\u2019Istituto poss\u00e8de 14000 volumes et plus de 850 DVD. Une nouvelle section pour enfants et adolescents de 2 \u00e0 14 ans a \u00e9t\u00e9 ouverte r\u00e9cemment: [&hellip;]","protected":false},"author":1,"featured_media":0,"parent":141,"menu_order":10,"comment_status":"closed","ping_status":"closed","template":"","meta":{"footnotes":""},"class_list":["post-171","page","type-page","status-publish","hentry"],"_links":{"self":[{"href":"https:\/\/iicbruxelles.esteri.it\/fr\/wp-json\/wp\/v2\/pages\/171","targetHints":{"allow":["GET"]}}],"collection":[{"href":"https:\/\/iicbruxelles.esteri.it\/fr\/wp-json\/wp\/v2\/pages"}],"about":[{"href":"https:\/\/iicbruxelles.esteri.it\/fr\/wp-json\/wp\/v2\/types\/page"}],"author":[{"embeddable":true,"href":"https:\/\/iicbruxelles.esteri.it\/fr\/wp-json\/wp\/v2\/users\/1"}],"replies":[{"embeddable":true,"href":"https:\/\/iicbruxelles.esteri.it\/fr\/wp-json\/wp\/v2\/comments?post=171"}],"version-history":[{"count":11,"href":"https:\/\/iicbruxelles.esteri.it\/fr\/wp-json\/wp\/v2\/pages\/171\/revisions"}],"predecessor-version":[{"id":60101,"href":"https:\/\/iicbruxelles.esteri.it\/fr\/wp-json\/wp\/v2\/pages\/171\/revisions\/60101"}],"up":[{"embeddable":true,"href":"https:\/\/iicbruxelles.esteri.it\/fr\/wp-json\/wp\/v2\/pages\/141"}],"wp:attachment":[{"href":"https:\/\/iicbruxelles.esteri.it\/fr\/wp-json\/wp\/v2\/media?parent=171"}],"curies":[{"name":"wp","href":"https:\/\/api.w.org\/{rel}","templated":true}]}}