{"id":176,"date":"2023-04-03T20:31:30","date_gmt":"2023-04-03T18:31:30","guid":{"rendered":"https:\/\/iicbruxelles.esteri.it\/gli_eventi\/"},"modified":"2023-06-08T11:32:40","modified_gmt":"2023-06-08T09:32:40","slug":"gli_eventi","status":"publish","type":"page","link":"https:\/\/iicbruxelles.esteri.it\/fr\/gli_eventi\/","title":{"rendered":"\u00c9v\u00e9nements"},"content":{"rendered":"        <div class=\"row\">\n\t\t\t<!-- Ricerca sedi post -->\n\t\t\t<div class=\"col-12 mt-4\">\n\t\t\t  <div class=\"callout callout-highlight note ricerca-esteri p-4\">\n                    <div class=\"callout-title\">\n                        <svg class=\"icon\">\n                            <use xlink:href=\"https:\/\/iicbruxelles.esteri.it\/wp-content\/themes\/sedi-tema\/assets\/svg\/sprites.svg#it-search\"><\/use>\n                        <\/svg>Entrez vos param\u00e8tres de recherche                    <\/div>\n                    <form id=\"searchFormPost\" name=\"form-search-post\" class=\"form-row align-items-center\" action=\"https:\/\/iicbruxelles.esteri.it\/fr\/wp-json\/wp\/v2\/pages\/176\/\" method=\"GET\"> \n                        <!-- <div class=\"form-group pt-5\"> -->\n                            <!-- <input type=\"hidden\" id=\"lang\" name=\"lang\" value=\"\"> --> <!-- <\/div> -->\n\n                        <div class=\"it-datepicker-wrapper\">\n                            <div class=\"row\">\n                                <div class=\"form-group col-md-6\">\n                                    <label class=\"active\" for=\"date-init\">Du<\/label>\n                                    <input class=\"form-control\" name=\"date-init\" id=\"date-init\" type=\"date\" placeholder=\"gg\/mm\/aaaa\" value=\"\"lang=\"en-EN\">  \n                                <\/div>\n                                <div class=\"form-group col-md-6\">\n                                    <label class=\"active\" for=\"date-end\">Au<\/label>\n                                    <input class=\"form-control\" name=\"date-end\" id=\"date-end\" type=\"date\" placeholder=\"gg\/mm\/aaaa\" value=\"\">\n                                <\/div>\n                            <\/div>\n                        <\/div>\n                        <div class=\"form-group col-md-12 mt-3\">\n                            <label for=\"searchText\">Champ de recherche gratuit<\/label>\n                            <input type=\"text\" name=\"searchText\" class=\"form-control\" id=\"searchText\" value=\"\">\n                        <\/div>\n                        <div class=\"form-group col-md-4 offset-md-8 text-end\">\n                            <a href=\"https:\/\/iicbruxelles.esteri.it\/fr\/gli_eventi\/\" title=\"Form reset\" id=\"resetImput\" class=\"btn btn-outline-primary btn-xs\">Reset<\/a>\n                            <button type=\"submit\" class=\"btn btn-primary btn-xs\">Montrer les r\u00e9sultats<\/button>\n                        <\/div>\n                    <\/form>\n\t\t\t\t<\/div>\n\t\t\t<\/div>\n\t\t<\/div>\n                    \n            <div class=\"row\">\n                            <div class=\"col-12 mt-3\">\n                <!--start card-->\n                <div class=\"card-wrapper card-space\">\n                    <div class=\"card card-bg card-big border-bottom-card\">\n                        <div class=\"card-body row\">\n                                                    <div class=\"col-sm-3\">\n                                <div class=\"img-responsive\">\n                                    <figure class=\"img-wrapper\">\n                                        <a href=\"https:\/\/iicbruxelles.esteri.it\/fr\/gli_eventi\/calendario\/franco-battiato-il-lungo-viaggio-projection-et-debat-avec-le-realisateur-lacteur-principal-et-la-productrice\/\" title=\"Lire l'article: Franco Battiato \u2013 Il lungo viaggio. Projection et d\u00e9bat avec le r\u00e9alisateur, l&rsquo;acteur principal et la productrice\">\n                                                                                            <img loading=\"lazy\" decoding=\"async\" width=\"240\" height=\"300\" src=\"https:\/\/iicbruxelles.esteri.it\/wp-content\/uploads\/2026\/04\/BATTIATO-240x300.png\" srcset=\"https:\/\/iicbruxelles.esteri.it\/wp-content\/uploads\/2026\/04\/BATTIATO.png 1080w, https:\/\/iicbruxelles.esteri.it\/wp-content\/uploads\/2026\/04\/BATTIATO-240x300.png 240w, https:\/\/iicbruxelles.esteri.it\/wp-content\/uploads\/2026\/04\/BATTIATO-819x1024.png 819w, https:\/\/iicbruxelles.esteri.it\/wp-content\/uploads\/2026\/04\/BATTIATO-768x960.png 768w\" sizes=\"auto, (max-width: 1080px) 100vw, 1080px\"  title=\"BATTIATO\" alt=\"\" class=\"img-fluid\">\n                                                                                    <\/a>\n                                    <\/figure>\n                                <\/div>\n                            <\/div>\n                            <div class=\"col-sm-9\">\n                                                            <div class=\"category-top\">\n                                    <span class=\"fw-bold \"><\/span>                                                                        <span class=\"\">\n                                        <svg class=\"icon icon-secondary\">\n                                            <use xlink:href=\"https:\/\/iicbruxelles.esteri.it\/wp-content\/themes\/sedi-tema\/assets\/svg\/sprites.svg#it-calendar\"><\/use>\n                                        <\/svg> lun Mai 18 2026                                    <\/span>\n                                                                    <\/div>\n                            <h5 class=\"card-title big-heading text-uppercase\"><a class=\"text-body text-decoration-none\" href=\"https:\/\/iicbruxelles.esteri.it\/fr\/gli_eventi\/calendario\/franco-battiato-il-lungo-viaggio-projection-et-debat-avec-le-realisateur-lacteur-principal-et-la-productrice\/\" title=\"Franco Battiato \u2013 Il lungo viaggio. Projection et d\u00e9bat avec le r\u00e9alisateur, l&rsquo;acteur principal et la productrice\">Franco Battiato \u2013 Il lungo viaggio. Projection et d\u00e9bat avec le r\u00e9alisateur, l&rsquo;acteur principal et la productrice<\/a><\/h5>\n                            <p class=\"card-text\">\u00c0 l\u2019occasion du cinqui\u00e8me anniversaire de la disparition du chanteur-compositeur italien Franco Battiato (23 mars 1945 \u2013 18 mai 2021), l\u2019Institut italien de culture (IIC) de Bruxelles pr\u00e9sente le film Franco Battiato \u2013 Il lungo viaggio, un biopic \u00e9crit par Monica Rametta. La projection sera suivie d\u2019un message vid\u00e9o de Cristina Battiato, ainsi que du [&hellip;]<\/p>\n                                <a title=\"Franco Battiato \u2013 Il lungo viaggio. Projection et d\u00e9bat avec le r\u00e9alisateur, l&rsquo;acteur principal et la productrice\" class=\"read-more\" href=\"https:\/\/iicbruxelles.esteri.it\/fr\/gli_eventi\/calendario\/franco-battiato-il-lungo-viaggio-projection-et-debat-avec-le-realisateur-lacteur-principal-et-la-productrice\/\">\n                                    <span class=\"text\">Lire la suite<\/span>\n                                    <svg class=\"icon\">\n                                    <use xlink:href=\"https:\/\/iicbruxelles.esteri.it\/wp-content\/themes\/sedi-tema\/assets\/svg\/sprites.svg#it-arrow-right\"><\/use>\n                                    <\/svg>\n                                <\/a>\n                                                        <\/div>\n                                                    <\/div>\n                    <\/div>\n                <\/div>\n                <!--end card-->\n                <\/div><!-- col-12 .mt-3-->\n                            <div class=\"col-12 mt-3\">\n                <!--start card-->\n                <div class=\"card-wrapper card-space\">\n                    <div class=\"card card-bg card-big border-bottom-card\">\n                        <div class=\"card-body row\">\n                                                    <div class=\"col-sm-3\">\n                                <div class=\"img-responsive\">\n                                    <figure class=\"img-wrapper\">\n                                        <a href=\"https:\/\/iicbruxelles.esteri.it\/fr\/gli_eventi\/calendario\/scritture-al-femminile-in-italia-seminaire-a-la-ku-leuven\/\" title=\"Lire l'article: SCRITTURE AL FEMMINILE IN ITALIA \u2013 S\u00e9minaire \u00e0 la KU Leuven\">\n                                                                                            <img loading=\"lazy\" decoding=\"async\" width=\"212\" height=\"300\" src=\"https:\/\/iicbruxelles.esteri.it\/wp-content\/uploads\/2026\/04\/1777387757917-212x300.jpg\" srcset=\"https:\/\/iicbruxelles.esteri.it\/wp-content\/uploads\/2026\/04\/1777387757917.jpg 800w, https:\/\/iicbruxelles.esteri.it\/wp-content\/uploads\/2026\/04\/1777387757917-212x300.jpg 212w, https:\/\/iicbruxelles.esteri.it\/wp-content\/uploads\/2026\/04\/1777387757917-724x1024.jpg 724w, https:\/\/iicbruxelles.esteri.it\/wp-content\/uploads\/2026\/04\/1777387757917-768x1086.jpg 768w\" sizes=\"auto, (max-width: 800px) 100vw, 800px\"  title=\"1777387757917\" alt=\"\" class=\"img-fluid\">\n                                                                                    <\/a>\n                                    <\/figure>\n                                <\/div>\n                            <\/div>\n                            <div class=\"col-sm-9\">\n                                                            <div class=\"category-top\">\n                                    <span class=\"fw-bold \"><\/span>                                                                        <span class=\"\">\n                                        <svg class=\"icon icon-secondary\">\n                                            <use xlink:href=\"https:\/\/iicbruxelles.esteri.it\/wp-content\/themes\/sedi-tema\/assets\/svg\/sprites.svg#it-calendar\"><\/use>\n                                        <\/svg> ven Mai 22 2026                                    <\/span>\n                                                                    <\/div>\n                            <h5 class=\"card-title big-heading text-uppercase\"><a class=\"text-body text-decoration-none\" href=\"https:\/\/iicbruxelles.esteri.it\/fr\/gli_eventi\/calendario\/scritture-al-femminile-in-italia-seminaire-a-la-ku-leuven\/\" title=\"SCRITTURE AL FEMMINILE IN ITALIA \u2013 S\u00e9minaire \u00e0 la KU Leuven\">SCRITTURE AL FEMMINILE IN ITALIA \u2013 S\u00e9minaire \u00e0 la KU Leuven<\/a><\/h5>\n                            <p class=\"card-text\">L\u2019Institut Culturel Italien de Bruxelles collabore au s\u00e9minaire du Werkgroep Itali\u00eb Studies \u00e0 la KU Leuven intitul\u00e9 \u00a0Scritture al femminile in Italia tra Retorica, Stilistica e Storia della lingua. Ce s\u00e9minaire rassemble des chercheuses et chercheurs issus de diff\u00e9rentes universit\u00e9s europ\u00e9ennes afin de r\u00e9fl\u00e9chir \u00e0 l\u2019\u00e9criture f\u00e9minine en Italie, entre rh\u00e9torique, stylistique et histoire de [&hellip;]<\/p>\n                                <a title=\"SCRITTURE AL FEMMINILE IN ITALIA \u2013 S\u00e9minaire \u00e0 la KU Leuven\" class=\"read-more\" href=\"https:\/\/iicbruxelles.esteri.it\/fr\/gli_eventi\/calendario\/scritture-al-femminile-in-italia-seminaire-a-la-ku-leuven\/\">\n                                    <span class=\"text\">Lire la suite<\/span>\n                                    <svg class=\"icon\">\n                                    <use xlink:href=\"https:\/\/iicbruxelles.esteri.it\/wp-content\/themes\/sedi-tema\/assets\/svg\/sprites.svg#it-arrow-right\"><\/use>\n                                    <\/svg>\n                                <\/a>\n                                                        <\/div>\n                                                    <\/div>\n                    <\/div>\n                <\/div>\n                <!--end card-->\n                <\/div><!-- col-12 .mt-3-->\n                            <div class=\"col-12 mt-3\">\n                <!--start card-->\n                <div class=\"card-wrapper card-space\">\n                    <div class=\"card card-bg card-big border-bottom-card\">\n                        <div class=\"card-body row\">\n                                                    <div class=\"col-sm-3\">\n                                <div class=\"img-responsive\">\n                                    <figure class=\"img-wrapper\">\n                                        <a href=\"https:\/\/iicbruxelles.esteri.it\/fr\/gli_eventi\/calendario\/il-meglio-di-te-proiezione-e-incontro-con-maria-grazia-cucinotta\/\" title=\"Lire l'article: IL MEGLIO DI TE &#8211; Projection et rencontre avec l&rsquo;actrice principale Maria Grazia Cucinotta\">\n                                                                                            <img loading=\"lazy\" decoding=\"async\" width=\"240\" height=\"300\" src=\"https:\/\/iicbruxelles.esteri.it\/wp-content\/uploads\/2026\/04\/Il-meglio-di-tz-240x300.png\" srcset=\"https:\/\/iicbruxelles.esteri.it\/wp-content\/uploads\/2026\/04\/Il-meglio-di-tz.png 1080w, https:\/\/iicbruxelles.esteri.it\/wp-content\/uploads\/2026\/04\/Il-meglio-di-tz-240x300.png 240w, https:\/\/iicbruxelles.esteri.it\/wp-content\/uploads\/2026\/04\/Il-meglio-di-tz-819x1024.png 819w, https:\/\/iicbruxelles.esteri.it\/wp-content\/uploads\/2026\/04\/Il-meglio-di-tz-768x960.png 768w\" sizes=\"auto, (max-width: 1080px) 100vw, 1080px\"  title=\"Il meglio di tz\" alt=\"\" class=\"img-fluid\">\n                                                                                    <\/a>\n                                    <\/figure>\n                                <\/div>\n                            <\/div>\n                            <div class=\"col-sm-9\">\n                                                            <div class=\"category-top\">\n                                    <span class=\"fw-bold \"><\/span>                                                                        <span class=\"\">\n                                        <svg class=\"icon icon-secondary\">\n                                            <use xlink:href=\"https:\/\/iicbruxelles.esteri.it\/wp-content\/themes\/sedi-tema\/assets\/svg\/sprites.svg#it-calendar\"><\/use>\n                                        <\/svg> mar Mai 26 2026                                    <\/span>\n                                                                    <\/div>\n                            <h5 class=\"card-title big-heading text-uppercase\"><a class=\"text-body text-decoration-none\" href=\"https:\/\/iicbruxelles.esteri.it\/fr\/gli_eventi\/calendario\/il-meglio-di-te-proiezione-e-incontro-con-maria-grazia-cucinotta\/\" title=\"IL MEGLIO DI TE &#8211; Projection et rencontre avec l&rsquo;actrice principale Maria Grazia Cucinotta\">IL MEGLIO DI TE &#8211; Projection et rencontre avec l&rsquo;actrice principale Maria Grazia Cucinotta<\/a><\/h5>\n                            <p class=\"card-text\">L&rsquo;Institut a le plaisir de pr\u00e9senter la projection du film Il meglio di te, du r\u00e9alisateur Fabrizio Maria Cortese, suivie d&rsquo;une rencontre avec l&rsquo;actrice Maria Grazia Cucinotta. Antonio est un homme qui a r\u00e9ussi, Nicole est une femme brillante. Tous deux se sont aim\u00e9s intens\u00e9ment et ont incarn\u00e9 \u00e0 la perfection ce que l\u2019on pourrait [&hellip;]<\/p>\n                                <a title=\"IL MEGLIO DI TE &#8211; Projection et rencontre avec l&rsquo;actrice principale Maria Grazia Cucinotta\" class=\"read-more\" href=\"https:\/\/iicbruxelles.esteri.it\/fr\/gli_eventi\/calendario\/il-meglio-di-te-proiezione-e-incontro-con-maria-grazia-cucinotta\/\">\n                                    <span class=\"text\">Lire la suite<\/span>\n                                    <svg class=\"icon\">\n                                    <use xlink:href=\"https:\/\/iicbruxelles.esteri.it\/wp-content\/themes\/sedi-tema\/assets\/svg\/sprites.svg#it-arrow-right\"><\/use>\n                                    <\/svg>\n                                <\/a>\n                                                        <\/div>\n                                                    <\/div>\n                    <\/div>\n                <\/div>\n                <!--end card-->\n                <\/div><!-- col-12 .mt-3-->\n                            <div class=\"col-12 mt-3\">\n                <!--start card-->\n                <div class=\"card-wrapper card-space\">\n                    <div class=\"card card-bg card-big border-bottom-card\">\n                        <div class=\"card-body row\">\n                                                    <div class=\"col-sm-3\">\n                                <div class=\"img-responsive\">\n                                    <figure class=\"img-wrapper\">\n                                        <a href=\"https:\/\/iicbruxelles.esteri.it\/fr\/gli_eventi\/calendario\/malika-ayane-en-concert\/\" title=\"Lire l'article: [SOLD-OUT] MALIKA AYANE \u2013 En concert\">\n                                                                                            <img loading=\"lazy\" decoding=\"async\" width=\"240\" height=\"300\" src=\"https:\/\/iicbruxelles.esteri.it\/wp-content\/uploads\/2026\/04\/MalikaAyaneIG-240x300.png\" srcset=\"https:\/\/iicbruxelles.esteri.it\/wp-content\/uploads\/2026\/04\/MalikaAyaneIG.png 1080w, https:\/\/iicbruxelles.esteri.it\/wp-content\/uploads\/2026\/04\/MalikaAyaneIG-240x300.png 240w, https:\/\/iicbruxelles.esteri.it\/wp-content\/uploads\/2026\/04\/MalikaAyaneIG-819x1024.png 819w, https:\/\/iicbruxelles.esteri.it\/wp-content\/uploads\/2026\/04\/MalikaAyaneIG-768x960.png 768w\" sizes=\"auto, (max-width: 1080px) 100vw, 1080px\"  title=\"MalikaAyaneIG\" alt=\"\" class=\"img-fluid\">\n                                                                                    <\/a>\n                                    <\/figure>\n                                <\/div>\n                            <\/div>\n                            <div class=\"col-sm-9\">\n                                                            <div class=\"category-top\">\n                                    <span class=\"fw-bold \"><\/span>                                                                        <span class=\"\">\n                                        <svg class=\"icon icon-secondary\">\n                                            <use xlink:href=\"https:\/\/iicbruxelles.esteri.it\/wp-content\/themes\/sedi-tema\/assets\/svg\/sprites.svg#it-calendar\"><\/use>\n                                        <\/svg> jeu Mai 28 2026                                    <\/span>\n                                                                    <\/div>\n                            <h5 class=\"card-title big-heading text-uppercase\"><a class=\"text-body text-decoration-none\" href=\"https:\/\/iicbruxelles.esteri.it\/fr\/gli_eventi\/calendario\/malika-ayane-en-concert\/\" title=\"[SOLD-OUT] MALIKA AYANE \u2013 En concert\">[SOLD-OUT] MALIKA AYANE \u2013 En concert<\/a><\/h5>\n                            <p class=\"card-text\">L&rsquo;Institut Culturel Italien de Bruxelles est ravi de faire d\u00e9couvrir au-del\u00e0 des fronti\u00e8res l&rsquo;une des voix les plus raffin\u00e9es et les plus envo\u00fbtantes de la musique italienne : Malika Ayane se produira sur la sc\u00e8ne de l&rsquo;IIC le jeudi 28 mai \u00e0 20 h ! Malika Ayane a fait ses d\u00e9buts en tant que chanteuse [&hellip;]<\/p>\n                                <a title=\"[SOLD-OUT] MALIKA AYANE \u2013 En concert\" class=\"read-more\" href=\"https:\/\/iicbruxelles.esteri.it\/fr\/gli_eventi\/calendario\/malika-ayane-en-concert\/\">\n                                    <span class=\"text\">Lire la suite<\/span>\n                                    <svg class=\"icon\">\n                                    <use xlink:href=\"https:\/\/iicbruxelles.esteri.it\/wp-content\/themes\/sedi-tema\/assets\/svg\/sprites.svg#it-arrow-right\"><\/use>\n                                    <\/svg>\n                                <\/a>\n                                                        <\/div>\n                                                    <\/div>\n                    <\/div>\n                <\/div>\n                <!--end card-->\n                <\/div><!-- col-12 .mt-3-->\n            \n            <div class=\"col-md-12 mt-4 pb-4\">\n                <nav class=\"navigation col-md-12\" aria-label=\"Navigation\">\n                    <h2 class=\"screen-reader-text visually-hidden\">Pagination<\/h2>\n                    <div class=\"nav-links\">\n                                        <\/div>\n                <\/nav>\n            <\/div>   <!--.col-md-12 -->\n              <\/div><!--.row -->\n              \n","protected":false},"excerpt":{"rendered":"","protected":false},"author":1,"featured_media":0,"parent":0,"menu_order":6,"comment_status":"closed","ping_status":"closed","template":"","meta":{"footnotes":""},"class_list":["post-176","page","type-page","status-publish","hentry"],"_links":{"self":[{"href":"https:\/\/iicbruxelles.esteri.it\/fr\/wp-json\/wp\/v2\/pages\/176","targetHints":{"allow":["GET"]}}],"collection":[{"href":"https:\/\/iicbruxelles.esteri.it\/fr\/wp-json\/wp\/v2\/pages"}],"about":[{"href":"https:\/\/iicbruxelles.esteri.it\/fr\/wp-json\/wp\/v2\/types\/page"}],"author":[{"embeddable":true,"href":"https:\/\/iicbruxelles.esteri.it\/fr\/wp-json\/wp\/v2\/users\/1"}],"replies":[{"embeddable":true,"href":"https:\/\/iicbruxelles.esteri.it\/fr\/wp-json\/wp\/v2\/comments?post=176"}],"version-history":[{"count":1,"href":"https:\/\/iicbruxelles.esteri.it\/fr\/wp-json\/wp\/v2\/pages\/176\/revisions"}],"predecessor-version":[{"id":193,"href":"https:\/\/iicbruxelles.esteri.it\/fr\/wp-json\/wp\/v2\/pages\/176\/revisions\/193"}],"wp:attachment":[{"href":"https:\/\/iicbruxelles.esteri.it\/fr\/wp-json\/wp\/v2\/media?parent=176"}],"curies":[{"name":"wp","href":"https:\/\/api.w.org\/{rel}","templated":true}]}}