{"id":212,"date":"2023-06-08T09:33:21","date_gmt":"2023-06-08T07:33:21","guid":{"rendered":"https:\/\/iicbruxelles.esteri.it\/amministrazione-trasparente\/bandi-di-gara-e-contratti\/"},"modified":"2026-01-13T16:03:57","modified_gmt":"2026-01-13T14:03:57","slug":"bandi-di-gara-e-contratti","status":"publish","type":"page","link":"https:\/\/iicbruxelles.esteri.it\/fr\/amministrazione-trasparente\/bandi-di-gara-e-contratti\/","title":{"rendered":"Appels d&rsquo;offres et contrats"},"content":{"rendered":"<div class=\"sr-only\">INFORMATION SUR LES PROCEDURES<\/div>\n<div>\n<ul>\n<li><a href=\"https:\/\/iicbruxelles.esteri.it\/wp-content\/uploads\/2023\/07\/albo-beneficiari-iic-bruxelles-2016.pdf\"><strong>2016<\/strong><\/a><\/li>\n<\/ul>\n<ul>\n<li><a href=\"https:\/\/iicbruxelles.esteri.it\/wp-content\/uploads\/2023\/07\/albobeneficiari-iicbruxelles-2017.pdf\"><strong>2017<\/strong><\/a><\/li>\n<\/ul>\n<ul>\n<li><a href=\"https:\/\/iicbruxelles.esteri.it\/wp-content\/uploads\/2023\/07\/beneficiari2018.pdf\"><strong>2018<\/strong><\/a><\/li>\n<\/ul>\n<p><strong>\u00c0 partir de\u00a0 2019 els informations sur les contrats se trouvent<a href=\"https:\/\/www.esteri.it\/it\/trasparenza_comunicazioni_legali\/bandi-gara-contratti\/informazioni-sulle-singole-procedure\/\"> ici &gt;&gt;&gt;<\/a><\/strong><\/p>\n<p>&#8212;&#8212;&#8212;&#8212;&#8212;&#8212;&#8212;&#8212;&#8212;&#8212;&#8211;<\/p>\n<p><strong>ACTES ET DOCUMENTS DES APPELS D&rsquo;OFFRE EN COURS<\/strong><\/p>\n<p><strong>PROCEDURE FOR THE ACQUISISTION OF CLEANING AND SANITATION SERVICES<\/strong><\/p>\n<\/div>\n<p>Open procedure for the acquisition of cleaning and sanitation services for the Italian diplomatic offices in Belgium (Italian Embassy in Brussels, Italian Consulate General in Brussels, Italian Cultural Institute in Brussels, Permanent Representation to the European Union in Brussels, Permanent Representation to NATO in Brussels) and the Netherlands (Italian Embassy in The Hague<\/p>\n<p><strong>13\/01\/2026<\/strong><\/p>\n<p><a href=\"https:\/\/iicbruxelles.esteri.it\/wp-content\/uploads\/2026\/01\/Annulment-in-self-protection.pdf\">Annulment in self-protection<\/a><\/p>\n<hr \/>\n<p>&nbsp;<\/p>\n<div>\n<p><strong>Appel d&rsquo;offre: cours de langues 2025 &#8211; 2029.<\/strong><\/p>\n<p>Date limite pour la pr\u00e9s\u00e9ntation des offres: 17 mai 2025 \u00e0 minuit.<\/p>\n<p>Documents \u00e0 t\u00e9l\u00e9charger:<\/p>\n<ol>\n<li><a href=\"https:\/\/iicbruxelles.esteri.it\/wp-content\/uploads\/2025\/04\/Lettre-invitation-RH-2025-2029_signed.pdf\" target=\"_blank\" rel=\"noopener\">Lettre d&rsquo;invitation<\/a><\/li>\n<li><a href=\"https:\/\/iicbruxelles.esteri.it\/wp-content\/uploads\/2025\/04\/RH-2025-2029_annexe-1_-modele-contrat.pdf\" target=\"_blank\" rel=\"noopener\">Annexe 1<\/a><\/li>\n<li><a href=\"https:\/\/iicbruxelles.esteri.it\/wp-content\/uploads\/2025\/04\/RH-2025-2029_annexe-2_-specifications-marche.pdf\" target=\"_blank\" rel=\"noopener\">Annexe 2<\/a><\/li>\n<li><a href=\"https:\/\/iicbruxelles.esteri.it\/wp-content\/uploads\/2025\/04\/RH-2025-2029_annexe-3_-conditions-acces.pdf\" target=\"_blank\" rel=\"noopener\">Annexe 3<\/a><\/li>\n<li><a href=\"https:\/\/iicbruxelles.esteri.it\/wp-content\/uploads\/2025\/04\/RH-2025-2029_annexe-4_-privacy.pdf\" target=\"_blank\" rel=\"noopener\">Annexe 4<\/a><\/li>\n<li><a href=\"https:\/\/iicbruxelles.esteri.it\/wp-content\/uploads\/2025\/04\/RH-2025-2029_annexe-5_-offre.pdf\" target=\"_blank\" rel=\"noopener\">Annexe 5<\/a><\/li>\n<li><a href=\"https:\/\/iicbruxelles.esteri.it\/wp-content\/uploads\/2025\/07\/CIA_Avis-dattribution-firmato.pdf\">\u00a016\/06\/2025\u00a0 \u00a0Avis d\u2019attribution<\/a><\/li>\n<\/ol>\n<hr \/>\n<p>APPEL D&rsquo;OFFRE<\/p>\n<p>1 dicembre 2023<\/p>\n<p><a href=\"https:\/\/iicbruxelles.esteri.it\/wp-content\/uploads\/2023\/12\/4c.-Avis-dAttribution-du-Marchefirmato.pdf\">R\u00e9sultat<\/a> de la proc\u00e9dure d&rsquo;adjudication du service de nettoyage et d&rsquo;assainissement des locaux de l&rsquo;Institut culturel italien \u00e0 Bruxelles<\/p>\n<p>5 juin 2023<\/p>\n<p><strong>Appel d&rsquo;offre: cours de langues 2023 &#8211; 2025.<\/strong><\/p>\n<p>Date limite pour la pr\u00e9s\u00e9ntation des offres: 10 juillet 2023 \u00e0 12h.<\/p>\n<p>Documents \u00e0 t\u00e9l\u00e9charger:<\/p>\n<ol>\n<li><a href=\"https:\/\/iicbruxelles.esteri.it\/wp-content\/uploads\/2023\/07\/A.O.-2023-2025_Annexe-5.pdf\">Lettre d&rsquo;invitation<\/a><\/li>\n<li><a href=\"https:\/\/iicbruxelles.esteri.it\/wp-content\/uploads\/2023\/07\/A.O.-2023-2025_Annexe-1.pdf\">Annexe 1<\/a><\/li>\n<li><a href=\"https:\/\/iicbruxelles.esteri.it\/wp-content\/uploads\/2023\/07\/A.O.-2023-2025_Annexe-2.pdf\">Annexe 2<\/a><\/li>\n<li><a href=\"https:\/\/iicbruxelles.esteri.it\/wp-content\/uploads\/2023\/07\/A.O.-2023-2025_Annexe-3.pdf\">Annexe 3<\/a><\/li>\n<li><a href=\"https:\/\/iicbruxelles.esteri.it\/wp-content\/uploads\/2023\/07\/A.O.-2023-2025_Annexe-4.pdf\">Annexe 4<\/a><\/li>\n<li><a href=\"https:\/\/iicbruxelles.esteri.it\/wp-content\/uploads\/2023\/07\/A.O.-2023-2025_Annexe-5.pdf\">Annexe 5<\/a><\/li>\n<\/ol>\n<\/div>\n","protected":false},"excerpt":{"rendered":"INFORMATION SUR LES PROCEDURES 2016 2017 2018 \u00c0 partir de\u00a0 2019 els informations sur les contrats se trouvent ici &gt;&gt;&gt; &#8212;&#8212;&#8212;&#8212;&#8212;&#8212;&#8212;&#8212;&#8212;&#8212;&#8211; ACTES ET DOCUMENTS DES APPELS D&rsquo;OFFRE EN COURS PROCEDURE FOR THE ACQUISISTION OF CLEANING AND SANITATION SERVICES Open procedure for the acquisition of cleaning and sanitation services for the Italian diplomatic offices in Belgium [&hellip;]","protected":false},"author":2,"featured_media":0,"parent":183,"menu_order":10,"comment_status":"closed","ping_status":"closed","template":"","meta":{"footnotes":""},"class_list":["post-212","page","type-page","status-publish","hentry"],"_links":{"self":[{"href":"https:\/\/iicbruxelles.esteri.it\/fr\/wp-json\/wp\/v2\/pages\/212","targetHints":{"allow":["GET"]}}],"collection":[{"href":"https:\/\/iicbruxelles.esteri.it\/fr\/wp-json\/wp\/v2\/pages"}],"about":[{"href":"https:\/\/iicbruxelles.esteri.it\/fr\/wp-json\/wp\/v2\/types\/page"}],"author":[{"embeddable":true,"href":"https:\/\/iicbruxelles.esteri.it\/fr\/wp-json\/wp\/v2\/users\/2"}],"replies":[{"embeddable":true,"href":"https:\/\/iicbruxelles.esteri.it\/fr\/wp-json\/wp\/v2\/comments?post=212"}],"version-history":[{"count":7,"href":"https:\/\/iicbruxelles.esteri.it\/fr\/wp-json\/wp\/v2\/pages\/212\/revisions"}],"predecessor-version":[{"id":57275,"href":"https:\/\/iicbruxelles.esteri.it\/fr\/wp-json\/wp\/v2\/pages\/212\/revisions\/57275"}],"up":[{"embeddable":true,"href":"https:\/\/iicbruxelles.esteri.it\/fr\/wp-json\/wp\/v2\/pages\/183"}],"wp:attachment":[{"href":"https:\/\/iicbruxelles.esteri.it\/fr\/wp-json\/wp\/v2\/media?parent=212"}],"curies":[{"name":"wp","href":"https:\/\/api.w.org\/{rel}","templated":true}]}}