{"id":22568,"date":"2024-06-17T17:04:16","date_gmt":"2024-06-17T15:04:16","guid":{"rendered":"https:\/\/iicbruxelles.esteri.it\/chi-siamo\/la-sede\/rassegna-stampa\/"},"modified":"2024-06-18T15:21:13","modified_gmt":"2024-06-18T13:21:13","slug":"rassegna-stampa","status":"publish","type":"page","link":"https:\/\/iicbruxelles.esteri.it\/fr\/chi-siamo\/la-sede\/rassegna-stampa\/","title":{"rendered":"Rassegna Stampa"},"content":{"rendered":"<h1><em>2024<\/em><\/h1>\n<h4>F\u00e9vrier<\/h4>\n<p><em>\u201cCi vuole Pazienza\u201d. Focus sur la l\u00e9gende de la bande dessin\u00e9e italienne Andrea Pazienza<\/em><\/p>\n<ul>\n<li>16\/03: <a href=\"https:\/\/www.ilgiornale.it\/news\/letteratura\/ci-vuole-pazienza-capire-paz-che-preferiva-jeffers-suo-2297362.html\">\u00ab\u00a0Ci vuole Pazienza\u00a0\u00bb per capire il \u00ab\u00a0Paz\u00a0\u00bb. Che preferiva Jeffers al suo Zanardi &#8211; il Giornale<\/a><\/li>\n<li>08\/04: <a href=\"https:\/\/www.9colonne.it\/457367\/fumetti-focus-ci-vuole-pazienza-chiude-a-bruxelles-con-uno-spettacolo\">9Colonne | Fumetti: focus \u00ab\u00a0Ci vuole Pazienza\u00a0\u00bb chiude a Bruxelles con uno spettacolo<\/a><\/li>\n<\/ul>\n<h4>Mars<\/h4>\n<p><em>Projection du film \u00ab\u00a0Un altro Ferragosto\u00a0\u00bb. En pr\u00e9sence du r\u00e9alisateur Paolo Virz\u00ec et des acteurs.<\/em><\/p>\n<ul>\n<li>20\/03: <a href=\"https:\/\/www.ansa.it\/europa\/notizie\/rubriche\/altrenews\/2024\/03\/19\/lultimo-film-di-virzi-conquista-anche-margrethe-vestager_b9710595-1221-40e4-9b29-310f85567aa2.html\">L&rsquo;ultimo film di Virz\u00ec conquista anche Margrethe Vestager &#8211; Altre news &#8211; Ansa.it<\/a><\/li>\n<\/ul>\n<h4>Avril<\/h4>\n<p><em>Transferts culturels italo-belges dans le domaine de la litt\u00e9rature : situation actuelle et perspectives.<\/em><\/p>\n<ul>\n<li>11\/04: <a href=\"https:\/\/www.aise.it\/iic\/trasferimenti-culturali-italiabelgio-in-letteratura-situazione-attuale-e-prospettive-una-giornata-di-studio-alliic-di-bruxelles\/203797\/138\">Aise.it &#8211; Agenzia Internazionale Stampa Estero <\/a><\/li>\n<\/ul>\n<p class=\"entry-header\"><em>En m\u00e9moire de Giacomo Puccini. Concert de l&rsquo;orchestre des jeunes Enrico Pea<\/em><\/p>\n<ul>\n<li>17\/04: <a href=\"https:\/\/www.lanazione.it\/lucca\/cronaca\/pea-per-puccini-volo-sulle-note-verso-bruxelles-67591035\">Pea per Puccini. Volo sulle note verso Bruxelles (lanazione.it)<\/a><\/li>\n<\/ul>\n<p><em>Lectura Dantis: entre vers et musique<\/em><\/p>\n<ul>\n<li>26\/04: <a href=\"https:\/\/www.aise.it\/iic\/lo-spettacolo-tra-versi-e-musica-lectura-dantis-arriva-a-bruxelles-con-liic\/204347\/138\">Aise.it &#8211; Agenzia Internazionale Stampa Estero<\/a><\/li>\n<\/ul>\n<h4>Mai<\/h4>\n<p><em>Carri\u00e8res dans l&rsquo;UE: opportunit\u00e9s pour les jeunes Italiens. Rencontre avec Paola Lo Bue Oddo<\/em><\/p>\n<ul>\n<li>30\/04: <a href=\"https:\/\/www.bellunesinelmondo.it\/carriere-presso-lue-opportunita-per-giovani-italiani-incontro-alliic-bruxelles\/\">Carriere presso l\u2019UE: Opportunit\u00e0 per giovani italiani. Incontro all\u2019IIC Bruxelles | ABM (bellunesinelmondo.it)<\/a><\/li>\n<\/ul>\n<p><em>Mogol. Pensieri e parole<\/em><\/p>\n<ul>\n<li>7\/05: <a href=\"https:\/\/www.ansa.it\/europa\/notizie\/la_tua_europa\/notizie\/2024\/05\/06\/mogol-allistituto-italiano-di-cultura-a-bruxelles_af8f0faf-edb6-4db3-a6ea-4618144baa14.html\">Mogol all&rsquo;Istituto italiano di cultura a Bruxelles &#8211; La tua Europa &#8211; Ansa.it<\/a><\/li>\n<\/ul>\n<p><em>Exposition \u00ab\u00a0L&rsquo;art f\u00e9minin de Trieste dans l&rsquo;avant-garde italienne et europ\u00e9enne du XXe si\u00e8cle<\/em><\/p>\n<ul>\n<li>Non dat\u00e9 : <a href=\"https:\/\/www.giuseppebettiol.it\/news\/larte-della-regione-friuli-venezia-giulia-a-bruxelles\/\">L\u2019Arte della Regione Friuli Venezia Giulia a Bruxelles (giuseppebettiol.it)<\/a><\/li>\n<li>28\/03 : <a href=\"https:\/\/www.studiopierrepi.it\/larte-della-regione-friuli-venezia-giulia-a-bruxelles\/\">L\u2019arte della regione Friuli Venezia Giulia a Bruxelles (studiopierrepi.it)<\/a><\/li>\n<li>28\/03 : <a href=\"https:\/\/www.triesteallnews.it\/2024\/03\/arte-friuli-venezia-giulia-bruxelles-artiste-triestine\/\">L&rsquo;arte del Friuli Venezia Giulia colora due mostre a Bruxelles (triesteallnews.it)<\/a><\/li>\n<li>28\/03 : <a href=\"https:\/\/www.arte.go.it\/event\/larte-della-regione-friuli-venezia-giulia-a-bruxelles\/\">L\u2019Arte della Regione Friuli Venezia Giulia a Bruxelles &#8211; Arte.Go: Mostre, Eventi, Corsi e Concorsi<\/a><\/li>\n<li>28\/03 :\u00a0<a href=\"https:\/\/www.regione.fvg.it\/rafvg\/comunicati\/comunicato.act;jsessionid=6E10F6B7E12419003280A9F2AE2CAB1A?dir=\/rafvg\/cms\/RAFVG\/organigramma\/&amp;nm=20240328131130003\">Regione Autonoma Friuli Venezia Giulia &#8211; persone e uffici<\/a><\/li>\n<li>28\/03 : <a href=\"https:\/\/www.ansa.it\/europa\/notizie\/qui_europa\/2024\/03\/28\/larte-del-friuli-venezia-giulia-in-mostra-fino-al-2025-a-bruxelles_63a873b6-2071-448d-a243-2906a19c7a48.html\">L&rsquo;arte del Friuli-Venezia Giulia in mostra fino al 2025 a Bruxelles &#8211; News &#8211; Ansa.it<\/a><\/li>\n<li>28\/03 : <a href=\"https:\/\/ilpiccolo.gelocal.it\/cultura-e-spettacoli\/2024\/03\/28\/news\/leonor_fini_e_miela_reina_arte_della_regione_mostra_a_bruxelles-14182781\/\">Leonor Fini e Miela Reina nell\u2019arte della regione in bella mostra a Bruxelles &#8211; Il Piccolo (gelocal.it)<\/a><\/li>\n<li>28\/03 : <a href=\"https:\/\/www.politicamentecorretto.com\/2024\/03\/28\/gli-artisti-del-friuli-venezia-giulia-protagonisti-a-bruxelles-oltre-250-opere-esposte\/\">politicamentecorretto.com\/2024\/03\/28\/gli-artisti-del-friuli-venezia-giulia-protagonisti-a-bruxelles-oltre-250-opere-esposte\/<\/a><\/li>\n<li>31\/03 : <a href=\"https:\/\/olimpiainscena.it\/2024\/03\/31\/arte-cinque-artiste-triestine-e-cinque-artisti-friulani-e-triestini-sei-mostre-a-bruxelles\/\">ARTE &#8211; Sei mostre di artisti friulani a Bruxelles &#8211; Olimpia in Scena<\/a><\/li>\n<li>9\/04\u00a0:\u00a0<a href=\"https:\/\/www.aise.it\/la-cultura-del-marted%C3%AC\/trieste-e-il-fvg-svelano-la-loro-arte-a-bruxelles\/202727\/137\">https:\/\/www.aise.it\/la-cultura-del-marted%C3%AC\/trieste-e-il-fvg-svelano-la-loro-arte-a-bruxelles\/202727\/137<\/a><\/li>\n<li>10\/04 : <a href=\"https:\/\/www.aise.it\/la-cultura-del-marted%C3%AC\/trieste-e-il-fvg-svelano-la-loro-arte-a-bruxelles\/202727\/137\">Aise.it &#8211; Agenzia Internazionale Stampa Estero<\/a><\/li>\n<li>11\/04 : <a href=\"https:\/\/notizie.radiocom.tv\/larte-triestina-al-femminile-nel-900-davanguardia-italiano-ed-europeo-alliic-di-bruxelles\">\u201cL\u2019arte triestina al femminile nel \u2018900 d\u2019avanguardia italiano ed europeo\u201d all&rsquo;IIC di Bruxelles &#8211; Radiocomtv &#8211; La radio\/tv per gli italiani nel mondo<\/a><\/li>\n<li>15\/04 : <a href=\"https:\/\/www.katalan.eu\/news\/lavanguardia-femminile-con-katalan-da-trieste-a-bruxelles\">L\u2019avanguardia femminile da Trieste a Bruxelles. \u2014 Katalan Customs Brokers<\/a><\/li>\n<li>25\/04 : <a href=\"https:\/\/www.gist.it\/larte-del-friuli-venezia-giulia-a-bruxelles\/\">L&rsquo;Arte del Friuli Venezia Giulia protagonista a Bruxelles (gist.it)<\/a><\/li>\n<li>27\/04 : <a href=\"https:\/\/fidest.wordpress.com\/2024\/04\/27\/larte-triestina-al-femminile\/\">L\u2019arte triestina al femminile \u00ab Fidest \u2013 Agenzia giornalistica\/press agency (wordpress.com)<\/a><\/li>\n<li>30\/04 : <a href=\"https:\/\/agenparl.eu\/2024\/04\/30\/lart-de-la-region-friuli-venezia-giulia-a-bruxelles-un-projet-dexposition-multimedia-dart-visuel-fashion-lumiere-et-musique\/\">L\u2019art de la R\u00e9gion Friuli Venezia Giulia \u00e0 Bruxelles. Un projet d\u2019exposition multim\u00e9dia d\u2019art visuel, fashion, lumi\u00e8re et musique &#8211; Agenparl<\/a><\/li>\n<li>30\/04 : <a href=\"https:\/\/itanews24.com\/larte-della-regione-friuli-venezia-giulia-a-bruxelles\/\">L\u2019ARTE della REGIONE FRIULI VENEZIA GIULIA a BRUXELLES \u2013 ItaNews24<\/a><\/li>\n<li>2\/05 : <a href=\"https:\/\/discover.events.com\/be\/brussels-capital\/brussels\/e\/culture\/arte-regione-friuli-venezia-giulia-bruxelles-sedi-428157243\">L\u2019Arte della Regione Friuli Venezia Giulia a Bruxelles &#8211; 14 MAY 2024 (events.com)<\/a><\/li>\n<li>2\/05 : <a href=\"https:\/\/www.liquidarte.it\/larte-della-regione-friuli-venezia-giulia-a-bruxelles.html\">L\u2019ARTE della REGIONE FRIULI VENEZIA GIULIA a BRUXELLES (liquidarte.it)<\/a><\/li>\n<li>5\/05 : <a href=\"https:\/\/fidest.wordpress.com\/2024\/05\/05\/larte-triestina-al-femminile-2\/\">L\u2019arte triestina al femminile \u00ab Fidest \u2013 Agenzia giornalistica\/press agency (wordpress.com)<\/a><\/li>\n<li>7\/05 : <a href=\"https:\/\/www.intrieste.com\/2024\/05\/07\/the-art-of-friuli-venezia-giulia-in-brussels\/\">From May 14: The Art of the Friuli Venezia Giulia Region in Brussels &#8211; InTrieste<\/a><\/li>\n<li>10\/05 : <a href=\"https:\/\/www.padovanews.it\/2024\/05\/10\/marianna-accerboni-ai-microfoni-di-radio-3-suite\/\">Marianna Accerboni ai microfoni di Radio 3 Suite \u2013 Padovanews<\/a><\/li>\n<li>10\/05 : <a href=\"https:\/\/www.studiopierrepi.it\/marianna-accerboni-ai-microfoni-di-radio-3-suite\/\">Marianna Accerboni ai microfoni di Radio 3 Suite (studiopierrepi.it)<\/a><\/li>\n<li>12\/05 : <a href=\"https:\/\/www.raiplaysound.it\/audio\/2024\/05\/Radio3-Suite---Panorama-del-12052024-61325af8-73c1-4cf8-88e0-be3877fe2fd2.html\">Radio3 Suite &#8211; Panorama | \u00ab\u00a0Chet, we remember you\u00a0\u00bb | Mostra \u00ab\u00a0L&rsquo;arte triestina al femminile\u00a0\u00bb | Festival Inventaria | Rai Radio 3 | RaiPlay Sound<\/a><\/li>\n<li>13\/05 : <a href=\"https:\/\/www.supermiro.be\/fr\/evenements\/530067-lart-triestin-au-feminin-exposition-institut-culturel-italien-de-bruxelles-bruxelles\">Institut Culturel Italien de Bruxelles &#8211; L\u2019art triestin au f\u00e9minin &#8211; exposition | Bruxelles (supermiro.be)<\/a><\/li>\n<li>13\/05 : <a href=\"https:\/\/www.quefaire.be\/art-triestin-au-feminin-8584784.shtml\">Expositions : L\u2019Art Triestin au f\u00e9minin dans l&rsquo;avant-garde Italienne et Europ\u00e9enne du Xx\u00e8me &#8211; Bruxelles (Bruxelles) (quefaire.be)<\/a><\/li>\n<li>13\/05 : <a href=\"https:\/\/artemagazine.it\/larte-triestina-al-femminile-conquista-bruxelles\/\">L&rsquo;arte triestina al femminile conquista Bruxelles (artemagazine.it)<\/a><\/li>\n<li>14\/05 : <a href=\"https:\/\/www.out.be\/fr\/evenements\/152992_l-art-triestin-au-feminin-dans-l-avant-garde-italienne-et-europeenne-du-xxeme-siecle.html#:~:text=L'exposition%20vise%20%C3%A0%20mettre,Anita%20Pittoni%20et%20Miela%20Reina\">L\u2019ART TRIESTIN AU FEMININ DANS L\u2019AVANT-GARDE ITALIENNE ET EUROPEENNE DU XX\u00e8me SIECLE &#8211; Divers &#8211; Out.be<\/a><\/li>\n<li>14\/05 : <a href=\"https:\/\/www.wattedoen.be\/triestijnse-kunst-voor-8584871.shtml\">Tentoonstellingen Overige: Triestijnse kunst voor vrouwen in de Italiaanse en Europese avant-garde van de 20e eeuw &#8211; Brussel (Brusselse Regio) (wattedoen.be)<\/a><\/li>\n<li>14\/05 : <a href=\"https:\/\/altritaliani.net\/bruxelles-larte-triestina-al-femminile-nel-900-davanguardia-italiano-ed-europeo\/\">Bruxelles. L&rsquo;Arte triestina al femminile nel &lsquo;900 d&rsquo;avanguardia italiano ed europeo (altritaliani.net)<\/a><\/li>\n<li>15\/05 : <a href=\"https:\/\/www.zarabaza.it\/2024\/05\/15\/larte-triestina-conquista-bruxelles-e-il-belgio\/\">L\u2019arte triestina conquista Bruxelles e il Belgio &#8211; Zarabaz\u00e0 (zarabaza.it)<\/a><\/li>\n<li>15\/05 : <a href=\"https:\/\/www.nordest24.it\/arte-triestina-conquista-belgio-successo-per-la-mostra-ideata-curata-marianna-accerboni\/\">L\u2019arte triestina conquista il Belgio: successo per la mostra ideata e curata da Marianna Accerboni \u2013 Nordest24<\/a><\/li>\n<li>15\/05\u00a0: <a href=\"https:\/\/www.teatrionline.com\/2024\/05\/larte-triestina-conquista-bruxelles-e-il-belgio\/\">L\u2019arte triestina conquista Bruxelles e il Belgio &#8211; Teatrionline<\/a><\/li>\n<li>15\/05 : <a href=\"https:\/\/www.studiopierrepi.it\/larte-triestina-conquista-bruxelles-e-il-belgio\/\">L\u2019arte triestina conquista Bruxelles e il Belgio (studiopierrepi.it)<\/a><\/li>\n<li>15\/05 : <a href=\"https:\/\/www.visit.brussels\/fr\/visiteurs\/agenda\/event-detail.L-Art-Triestin-au-Feminin-dans-l-avant-garde-Italienne-et-Europeenne-du-XXeme-siecle.50010625\">L\u2019Art Triestin au F\u00e9minin dans l&rsquo;avant-garde Italienne et Europ\u00e9enne du XX\u00e8me si\u00e8cle | Visit Brussels<\/a><\/li>\n<li>16\/05 : <a href=\"https:\/\/bx1.be\/radio-emission\/bruxelles-vit-lart-triestin-au-feminin-16-05-2024\/\">Bruxelles Vit &#8211; L&rsquo;Art Triestin au Feminin &#8211; 16\/05\/2024 &#8211; BX1<\/a><\/li>\n<li>21\/05 : <a href=\"https:\/\/www.studiopierrepi.it\/cristina-battocletti-creativita-femminile-nel-900-triestino\/\">Cristina Battocletti: creativit\u00e0 femminile nel 900 triestino (studiopierrepi.it)<\/a><\/li>\n<li>24\/05 : <a href=\"http:\/\/www.frankcraemers.be\/2024\/05\/triestiense-avant-gardevrouwen-strijken-neer-in-brussel\/\">Frank Craemers \u00bb Triesti\u00ebnse \u2018avant garde\u2019vrouwen strijken neer in Brussel<\/a><\/li>\n<li>25\/05 : <a href=\"https:\/\/www.out.be\/fr\/evenements\/154004_rencontre-avec-cristina-battocletti.html\">Rencontre avec Cristina Battocletti &#8211; Art &#8211; Out.be<\/a><\/li>\n<li>25\/05 : <a href=\"https:\/\/www.quefaire.be\/rencontre-avec-cristina-8587400.shtml\">Conf\u00e9rences Art: Rencontre avec Cristina Battocletti &#8211; Bruxelles (Bruxelles) (quefaire.be)<\/a><\/li>\n<li>Non dat\u00e9 : <a href=\"https:\/\/sites.google.com\/site\/giulianiabruxelles\/Home\/attivita?authuser=0\">giulianiabruxelles &#8211; 2. In programma (google.com)<\/a><\/li>\n<li>28\/05 : <a href=\"https:\/\/www.ansa.it\/friuliveneziagiulia\/notizie\/2024\/05\/28\/battocletti-alla-mostra-sullarte-triestina-nel-900_4a6bba5d-8b83-4cf2-9f43-5bf06f08d666.html\">Battocletti alla mostra sull&rsquo;Arte triestina nel &lsquo;900 &#8211; Notizie &#8211; Ansa.it<\/a><\/li>\n<li>30\/05 : <a href=\"https:\/\/www.aise.it\/lingua-e-cultura-allestero\/la-creativit%C3%A0-femminile-nel-900-triestino-successo-a-bruxelles-per-lincontro-con-cristina-battocletti\/205756\/2\">Aise.it &#8211; Agenzia Internazionale Stampa Estero<\/a><\/li>\n<li>5\/06 : <a href=\"https:\/\/agenparl.eu\/2024\/06\/05\/bruxelles-lo-scrittore-e-giornalista-francesco-de-filippo-allufficio-di-collocamento-della-regione-friuli-venezia-giulia-giovedi-13-giugno-2024\/\">Bruxelles &#8211; Lo scrittore e giornalista Francesco De Filippo all&rsquo;Ufficio di Collocamento della Regione Friuli Venezia Giulia gioved\u00ec 13 giugno 2024\u00a0 &#8211; Agenparl<\/a><\/li>\n<li>7\/06 : <a href=\"https:\/\/www.lalibre.be\/culture\/arts\/2024\/06\/07\/que-sest-il-passe-a-trieste-a-laube-du-xxe-siecle-UXOCXNAVBRCULJC6TWK6E4JKGI\/\">Que s\u2019est-il pass\u00e9 \u00e0 Trieste \u00e0 l\u2019aube du XXe\u00a0si\u00e8cle\u00a0? &#8211; La Libre<\/a><\/li>\n<li>8\/06\u00a0: La Libre Belgique\u00a0: \u00ab\u00a0Que s\u2019est-il pass\u00e9 \u00e0 Trieste \u00e0 l\u2019aube du XX<sup>e<\/sup> si\u00e8cle\u00a0?\u00a0\u00bb ( article en PJ)<\/li>\n<li>8\/06 : <a href=\"https:\/\/www.supermiro.be\/fr\/evenements\/535987-presentation-du-livre-trieste-e-unisola-office-de-liaison-de-la-region-friuli-venezia-giulia-bruxelles\">Office de liaison de la Region Friuli Venezia Giulia &#8211; Pr\u00e9sentation du livre \u00a0\u00bb Trieste \u00e9 un&rsquo;isola\u00a0\u00bb | Bruxelles (supermiro.be)<\/a><\/li>\n<li>9\/06 : <a href=\"https:\/\/www.tuttiglieventi.it\/evento.asp?id=72270\">Presentazione del libro \u201ctrieste \u00e8 un\u2019isola\u00a0di francesco de filippo, Bruxelles (2024) (tuttiglieventi.it)<\/a><\/li>\n<li>9\/06 : <a href=\"https:\/\/www.instart.info\/fwd-gioved-13-giugno-ufficio-di-collegamento-della-regione-fvg-a-bruxelles-presentazione-del-libro-trieste-unisola-di-francesco-de-filippo\/\">Gioved\u00ec 13 giugno la presentazione del libro \u201cTrieste \u00e8 un\u2019isola\u201d di Francesco De Filippo | instArt magazine<\/a><\/li>\n<li>10\/06 : <a href=\"https:\/\/www.instart.info\/fwd-gioved-13-giugno-ufficio-di-collegamento-della-regione-fvg-a-bruxelles-presentazione-del-libro-trieste-unisola-di-francesco-de-filippo\/\">Gioved\u00ec 13 giugno la presentazione del libro \u201cTrieste \u00e8 un\u2019isola\u201d di Francesco De Filippo | instArt magazine<\/a><\/li>\n<li>10\/06 : <a href=\"https:\/\/www.ansa.it\/europa\/notizie\/rubriche\/agenda\/2024\/06\/10\/euroagenda-avvenimenti-dal-10-al-16-giugno_4dd4bfa8-f565-47a4-80d6-6d1aa43e4a1d.html\">Euroagenda: avvenimenti dal 10 al 16 giugno &#8211; Agenda &#8211; Ansa.it<\/a><\/li>\n<li>12\/06 : <a href=\"https:\/\/www.aise.it\/lingua-e-cultura-allestero\/trieste-%C3%A8-unisola-il-libro-di-francesco-de-filippo-a-bruxelles\/206278\/2\">Aise.it &#8211; Agenzia Internazionale Stampa Estero<\/a><\/li>\n<li>16\/06 : <a href=\"https:\/\/www.out.be\/fr\/themes\/115902_les-meilleures-expos-en-juillet-2024.html\">Les meilleures expos en juillet 2024 &#8211; Out.be<\/a><\/li>\n<li>16\/06 : <a href=\"https:\/\/fr.italy24.press\/trends\/1868741.html\">Bruxelles, le dernier livre de De Filippo pr\u00e9sent\u00e9 \u00e0 la R\u00e9gion Frioul-V\u00e9n\u00e9tie Julienne (italy24.press)<\/a><\/li>\n<li>17\/06 : <a href=\"https:\/\/www.triesteallnews.it\/2024\/06\/trieste-e-unisola-libro-giornalista-scrittore-francesco-de-filippo\/\">Il giornalista Francesco De Filippo presenta Trieste \u00e8 un&rsquo;isola (triesteallnews.it)<\/a><\/li>\n<\/ul>\n<p class=\"single-post__entry-title\"><em>Nouvelles fronti\u00e8res du journalisme: Eugenio Cau et Giovanni Zagni \u00e0 l&rsquo;IIC Bruxelles<\/em><\/p>\n<ul>\n<li>25\/05: <a href=\"https:\/\/www.aise.it\/iic\/nuove-frontiere-del-giornalismo-eugenio-cau-e-giovanni-zagni-alliic-di-bruxelles\/205490\/2\">Aise.it &#8211; Agenzia Internazionale Stampa Estero<\/a><\/li>\n<\/ul>\n<h4>Juin<\/h4>\n<p><em>Incontro con i sei finalisti del Premio Strega<\/em><\/p>\n<ul>\n<li>6\/06: <a href=\"https:\/\/www.nouvelles-du-monde.com\/strega-award-voici-les-noms-des-finalistes\/\">Strega Award, voici les noms des finalistes &#8211; Nouvelles Du Monde (nouvelles-du-monde.com)<\/a><\/li>\n<li>10\/06: <a href=\"https:\/\/www.aise.it\/iic\/i-sei-finalisti-del-premio-strega-alliic-di-bruxelles\/206194\/2\">Aise.it &#8211; Agenzia Internazionale Stampa Estero<\/a><\/li>\n<li>12\/06: <a href=\"https:\/\/www.artuu.it\/lo-strega-2024-la-volata-finale-tra-tre-grandi-autori\/\">Lo Strega 2024: La volata finale tra tre grandi autori &#8211; Artuu Magazine<\/a><\/li>\n<li>11\/06: <a href=\"https:\/\/www.repubblica.it\/cultura\/2024\/06\/11\/news\/premio_strega_bruxelles_scuola_i_sei_finalisti_accolti_dai_ragazzi_di_una_scuola_europea-423214618\/\">Lo Strega va a scuola a Bruxelles: i sei finalisti accolti dai ragazzi di un istituto europeo &#8211; la Repubblica<\/a><\/li>\n<li>11\/06: <a href=\"https:\/\/www.ansalatina.com\/sito\/notizie\/mondo\/news_dagli_istituti_di_cultura\/2024\/06\/11\/i-sei-finalisti-dello-strega-insieme-in-volata-a-bruxelles_cc95a680-32b7-498d-a5c3-45eee2a9e6aa.html\">I sei finalisti dello Strega insieme in volata a Bruxelles &#8211; News dagli Istituti di Cultura &#8211; Ansa.it (ansalatina.com)<\/a><\/li>\n<li>11\/06: <a href=\"https:\/\/www.informazione.it\/a\/6EF3D70D-305B-4058-B864-F19CE49F45B8\/Lo-Strega-va-a-scuola-a-Bruxelles-i-sei-finalisti-accolti-dai-ragazzi-di-un-istituto-europeo\">Lo Strega va a scuola a Bruxelles: i sei finalisti accolti dai ragazzi di un istituto europeo (glsq) (informazione.it)<\/a><\/li>\n<li>12\/06: <a href=\"https:\/\/www.ansa.it\/sito\/notizie\/mondo\/news_dagli_istituti_di_cultura\/2024\/06\/12\/lo-strega-verso-lultima-sfida-a-tre-a-bruxelles-i-finalisti_c1ea6db7-4a61-433e-ad84-8428753d3b69.html\">Lo Strega verso l&rsquo;ultima sfida a tre, a Bruxelles i finalisti &#8211; News dagli Istituti di Cultura &#8211; Ansa.it<\/a><\/li>\n<li>12\/06: <a href=\"https:\/\/www.repubblica.it\/cultura\/2024\/06\/12\/news\/premio_strega_la_sestina_in_tour_a_bruxelles_la_sfida_e_aperta-423218756\/\">Premio Strega, la sestina in tour a Bruxelles: la sfida \u00e8 aperta &#8211; la Repubblica<\/a><\/li>\n<\/ul>\n","protected":false},"excerpt":{"rendered":"2024 F\u00e9vrier \u201cCi vuole Pazienza\u201d. Focus sur la l\u00e9gende de la bande dessin\u00e9e italienne Andrea Pazienza 16\/03: \u00ab\u00a0Ci vuole Pazienza\u00a0\u00bb per capire il \u00ab\u00a0Paz\u00a0\u00bb. Che preferiva Jeffers al suo Zanardi &#8211; il Giornale 08\/04: 9Colonne | Fumetti: focus \u00ab\u00a0Ci vuole Pazienza\u00a0\u00bb chiude a Bruxelles con uno spettacolo Mars Projection du film \u00ab\u00a0Un altro Ferragosto\u00a0\u00bb. En [&hellip;]","protected":false},"author":6,"featured_media":0,"parent":137,"menu_order":0,"comment_status":"closed","ping_status":"closed","template":"","meta":{"footnotes":""},"class_list":["post-22568","page","type-page","status-publish","hentry"],"_links":{"self":[{"href":"https:\/\/iicbruxelles.esteri.it\/fr\/wp-json\/wp\/v2\/pages\/22568","targetHints":{"allow":["GET"]}}],"collection":[{"href":"https:\/\/iicbruxelles.esteri.it\/fr\/wp-json\/wp\/v2\/pages"}],"about":[{"href":"https:\/\/iicbruxelles.esteri.it\/fr\/wp-json\/wp\/v2\/types\/page"}],"author":[{"embeddable":true,"href":"https:\/\/iicbruxelles.esteri.it\/fr\/wp-json\/wp\/v2\/users\/6"}],"replies":[{"embeddable":true,"href":"https:\/\/iicbruxelles.esteri.it\/fr\/wp-json\/wp\/v2\/comments?post=22568"}],"version-history":[{"count":4,"href":"https:\/\/iicbruxelles.esteri.it\/fr\/wp-json\/wp\/v2\/pages\/22568\/revisions"}],"predecessor-version":[{"id":22581,"href":"https:\/\/iicbruxelles.esteri.it\/fr\/wp-json\/wp\/v2\/pages\/22568\/revisions\/22581"}],"up":[{"embeddable":true,"href":"https:\/\/iicbruxelles.esteri.it\/fr\/wp-json\/wp\/v2\/pages\/137"}],"wp:attachment":[{"href":"https:\/\/iicbruxelles.esteri.it\/fr\/wp-json\/wp\/v2\/media?parent=22568"}],"curies":[{"name":"wp","href":"https:\/\/api.w.org\/{rel}","templated":true}]}}