{"id":426,"date":"2023-06-19T12:55:12","date_gmt":"2023-06-19T10:55:12","guid":{"rendered":"https:\/\/iicbruxelles.esteri.it\/?page_id=426"},"modified":"2026-01-15T12:38:37","modified_gmt":"2026-01-15T10:38:37","slug":"cours-de-culture-italienne","status":"publish","type":"page","link":"https:\/\/iicbruxelles.esteri.it\/fr\/lingua-e-cultura\/i-corsi-di-lingua\/cours-de-culture-italienne\/","title":{"rendered":"Cours de culture italienne"},"content":{"rendered":"<p>Nos cours sp\u00e9ciaux sont adress\u00e9s \u00e0 tous ceux qui souhaitent approfondir un aspect de la langue et\/ou de la culture italienne.<br \/>\nCes cours sont donn\u00e9s par des enseignants qualifi\u00e9s et r\u00e9pondent aux diff\u00e9rentes exigences professionnelles et personnelles. Suivre nos cours peut apporter une plus-value importante \u00e0 votre bagage professionnel, vous aider \u00e0 se d\u00e9tendre apr\u00e8s une journ\u00e9e de travail, satisfaire des curiosit\u00e9s ainsi que une envie de culture.<\/p>\n<p>L\u2019offre de nos cours sp\u00e9ciaux est flexible, c\u2019est-\u00e0-dire que de nouveaux cours viennent s&rsquo;y ajouter pendant l\u2019ann\u00e9e, afin de r\u00e9pondre aux exigences de \u00e9tudiants. N\u2019h\u00e9sitez pas \u00e0 consulter r\u00e9guli\u00e8rement notre site web pour conna\u00eetre les nouveaut\u00e9s!<\/p>\n<p><em>NB: Tous nos cours sont donn\u00e9s en langue italienne: les \u00e9tudiants doivent avoir un niveau de connaissance de la langue B1 ou sup\u00e9rieur.<\/em><\/p>\n<p><strong><span style=\"text-decoration: underline;\">Inscription 2025\/2026 ouvertes <a href=\"https:\/\/iicbruxelles.esteri.it\/fr\/lingua-e-cultura\/i-corsi-di-lingua\/cours-de-culture-italienne\/\">sur la page en italien<\/a>.\u00a0 Pour info envoyer un mail \u00e0 corsi.iicbruxelles@esteri.it<\/span><\/strong><\/p>\n<p>&nbsp;<\/p>\n<table style=\"border-collapse: collapse; width: 397px; height: 76px;\" border=\"1\">\n<tbody>\n<tr>\n<td style=\"width: 100%;\"><strong>Lucia Scoca &#8211; Bureau de cours<\/strong><br \/>\n<strong><a href=\"mailto:corsi.iicbruxelles@esteri.it\">corsi.iicbruxelles@esteri.it<\/a><\/strong><br \/>\n<strong>tel. 02 533 27 23 \/ 02 533 27 33<\/strong><br \/>\n<a href=\"mailto:corsi.iicbruxelles@esteri.it\">corsi.iicbruxelles@esteri.it<\/a><strong>Horaires:<\/strong><br \/>\n<strong>du lundi au vendredi\u00a0 de 10h \u00e0 12h<\/strong><\/td>\n<\/tr>\n<\/tbody>\n<\/table>\n<p>&nbsp;<\/p>\n","protected":false},"excerpt":{"rendered":"Nos cours sp\u00e9ciaux sont adress\u00e9s \u00e0 tous ceux qui souhaitent approfondir un aspect de la langue et\/ou de la culture italienne. Ces cours sont donn\u00e9s par des enseignants qualifi\u00e9s et r\u00e9pondent aux diff\u00e9rentes exigences professionnelles et personnelles. Suivre nos cours peut apporter une plus-value importante \u00e0 votre bagage professionnel, vous aider \u00e0 se d\u00e9tendre apr\u00e8s [&hellip;]","protected":false},"author":6,"featured_media":0,"parent":143,"menu_order":3,"comment_status":"closed","ping_status":"closed","template":"","meta":{"footnotes":""},"class_list":["post-426","page","type-page","status-publish","hentry"],"_links":{"self":[{"href":"https:\/\/iicbruxelles.esteri.it\/fr\/wp-json\/wp\/v2\/pages\/426","targetHints":{"allow":["GET"]}}],"collection":[{"href":"https:\/\/iicbruxelles.esteri.it\/fr\/wp-json\/wp\/v2\/pages"}],"about":[{"href":"https:\/\/iicbruxelles.esteri.it\/fr\/wp-json\/wp\/v2\/types\/page"}],"author":[{"embeddable":true,"href":"https:\/\/iicbruxelles.esteri.it\/fr\/wp-json\/wp\/v2\/users\/6"}],"replies":[{"embeddable":true,"href":"https:\/\/iicbruxelles.esteri.it\/fr\/wp-json\/wp\/v2\/comments?post=426"}],"version-history":[{"count":8,"href":"https:\/\/iicbruxelles.esteri.it\/fr\/wp-json\/wp\/v2\/pages\/426\/revisions"}],"predecessor-version":[{"id":57641,"href":"https:\/\/iicbruxelles.esteri.it\/fr\/wp-json\/wp\/v2\/pages\/426\/revisions\/57641"}],"up":[{"embeddable":true,"href":"https:\/\/iicbruxelles.esteri.it\/fr\/wp-json\/wp\/v2\/pages\/143"}],"wp:attachment":[{"href":"https:\/\/iicbruxelles.esteri.it\/fr\/wp-json\/wp\/v2\/media?parent=426"}],"curies":[{"name":"wp","href":"https:\/\/api.w.org\/{rel}","templated":true}]}}