{"id":487,"date":"2023-06-23T14:38:13","date_gmt":"2023-06-23T12:38:13","guid":{"rendered":"https:\/\/iicbruxelles.esteri.it\/?page_id=487"},"modified":"2026-01-05T13:01:43","modified_gmt":"2026-01-05T11:01:43","slug":"devenir-membre","status":"publish","type":"page","link":"https:\/\/iicbruxelles.esteri.it\/fr\/chi-siamo\/contatti\/devenir-membre\/","title":{"rendered":"Devenir membre"},"content":{"rendered":"<p><strong>Campagne d\u2019abonnements 2026<\/strong><\/p>\n<p>La carte de membre est\u00a0<strong>valable 1 an, du 1er janvier au 31 d\u00e9cembre, et elle donne acc\u00e8s au pr\u00eat gratuit de livres et de\u00a0 films \u00e0 la biblioth\u00e8que et m\u00e9diath\u00e8que<\/strong>;<\/p>\n<p><strong>Tarif unique: 12 \u20ac<br \/>\n<\/strong><strong>Les \u00e9tudiants et les professeurs de l\u2019IIC ont droit \u00e0 la gratuit\u00e9 de la carte de membre.<\/strong><\/p>\n<p>Votre inscription doit se faire:<\/p>\n<p>1)\u00a0<a href=\"https:\/\/docs.google.com\/forms\/d\/e\/1FAIpQLSceDSm-P697CkT1BmeKHn2-SCgV1R0ia4_HxD549ViLeH6vew\/viewform?usp=header\"><strong>en remplissant le formulaire d\u2019inscription en ligne<\/strong><\/a><\/p>\n<p>2) en effectuant un virement bancaire au num\u00e9ro de compte<strong>\u00a0BE19 7340 6353 5312 (BIC: KREDBEBB)<\/strong>, mentionnant votre nom et carte de membre dans la communication<\/p>\n<p><strong>Infos :<\/strong><br \/>\n<strong>T\u00e9l. 02\/533.27.20<\/strong><br \/>\n<strong>Courriel\u00a0<a href=\"mailto:iicbruxelles@esteri.it\">iicbruxelles.eventi@esteri.it<\/a>\u00a0<\/strong><\/p>\n<p><strong>\u00c0 bient\u00f4t !<\/strong><\/p>\n","protected":false},"excerpt":{"rendered":"Campagne d\u2019abonnements 2026 La carte de membre est\u00a0valable 1 an, du 1er janvier au 31 d\u00e9cembre, et elle donne acc\u00e8s au pr\u00eat gratuit de livres et de\u00a0 films \u00e0 la biblioth\u00e8que et m\u00e9diath\u00e8que; Tarif unique: 12 \u20ac Les \u00e9tudiants et les professeurs de l\u2019IIC ont droit \u00e0 la gratuit\u00e9 de la carte de membre. Votre [&hellip;]","protected":false},"author":3,"featured_media":0,"parent":139,"menu_order":0,"comment_status":"closed","ping_status":"closed","template":"","meta":{"footnotes":""},"class_list":["post-487","page","type-page","status-publish","hentry"],"_links":{"self":[{"href":"https:\/\/iicbruxelles.esteri.it\/fr\/wp-json\/wp\/v2\/pages\/487","targetHints":{"allow":["GET"]}}],"collection":[{"href":"https:\/\/iicbruxelles.esteri.it\/fr\/wp-json\/wp\/v2\/pages"}],"about":[{"href":"https:\/\/iicbruxelles.esteri.it\/fr\/wp-json\/wp\/v2\/types\/page"}],"author":[{"embeddable":true,"href":"https:\/\/iicbruxelles.esteri.it\/fr\/wp-json\/wp\/v2\/users\/3"}],"replies":[{"embeddable":true,"href":"https:\/\/iicbruxelles.esteri.it\/fr\/wp-json\/wp\/v2\/comments?post=487"}],"version-history":[{"count":6,"href":"https:\/\/iicbruxelles.esteri.it\/fr\/wp-json\/wp\/v2\/pages\/487\/revisions"}],"predecessor-version":[{"id":56169,"href":"https:\/\/iicbruxelles.esteri.it\/fr\/wp-json\/wp\/v2\/pages\/487\/revisions\/56169"}],"up":[{"embeddable":true,"href":"https:\/\/iicbruxelles.esteri.it\/fr\/wp-json\/wp\/v2\/pages\/139"}],"wp:attachment":[{"href":"https:\/\/iicbruxelles.esteri.it\/fr\/wp-json\/wp\/v2\/media?parent=487"}],"curies":[{"name":"wp","href":"https:\/\/api.w.org\/{rel}","templated":true}]}}