{"id":508,"date":"2023-06-23T14:51:52","date_gmt":"2023-06-23T12:51:52","guid":{"rendered":"https:\/\/iicbruxelles.esteri.it\/?page_id=508"},"modified":"2026-01-23T17:02:39","modified_gmt":"2026-01-23T15:02:39","slug":"louez-nos-espaces-theatre-salle-dexposition-bibliotheque-salle-des-cours","status":"publish","type":"page","link":"https:\/\/iicbruxelles.esteri.it\/fr\/chi-siamo\/la-sede\/louez-nos-espaces-theatre-salle-dexposition-bibliotheque-salle-des-cours\/","title":{"rendered":"Location des espaces: th\u00e9\u00e2tre, salle d&rsquo;exposition, biblioth\u00e8que, salles des cours"},"content":{"rendered":"<p>L&rsquo;Institut peut louer ses espaces pour des activit\u00e9es culturelles (pr\u00e9sentations de livres, vid\u00e9os promotionnelles, conf\u00e9rences, ateliers, preuves de th\u00e9\u00e2tre, etc.).<\/p>\n<p>Pour demander un espace, contacter:<br \/>\n&#8211; <a href=\"mailto:iicbruxelles@esteri.it\">iicbruxelles@esteri.it<\/a><br \/>\n&#8211; +32 (0)2 533 27 20<\/p>\n<ul>\n<li><strong>LE TH\u00c9\u00c2TRE<br \/>\n<\/strong><\/li>\n<\/ul>\n<p><img loading=\"lazy\" decoding=\"async\" class=\"alignnone size-medium wp-image-29507 img-fluid\" src=\"https:\/\/iicbruxelles.esteri.it\/wp-content\/uploads\/2024\/12\/20180727_teatro1-300x195.jpg\" alt=\"\" width=\"300\" height=\"195\" srcset=\"https:\/\/iicbruxelles.esteri.it\/wp-content\/uploads\/2024\/12\/20180727_teatro1-300x195.jpg 300w, https:\/\/iicbruxelles.esteri.it\/wp-content\/uploads\/2024\/12\/20180727_teatro1-1024x667.jpg 1024w, https:\/\/iicbruxelles.esteri.it\/wp-content\/uploads\/2024\/12\/20180727_teatro1-768x500.jpg 768w, https:\/\/iicbruxelles.esteri.it\/wp-content\/uploads\/2024\/12\/20180727_teatro1.jpg 1920w\" sizes=\"auto, (max-width: 300px) 100vw, 300px\" \/><\/p>\n<p>Capacit\u00e9 : 300 si\u00e8ges<br \/>\nSc\u00e8ne : 9 X 5 m<br \/>\nHauteur sc\u00e8ne &#8211; plafond: 4,85 m<\/p>\n<p><a href=\"https:\/\/iicbruxelles.esteri.it\/wp-content\/uploads\/2023\/10\/teatro-2_xiic.pdf\"><strong>Cliquez ici pour voir le plan du th\u00e9\u00e2tre &gt;&gt;&gt;<\/strong><\/a><\/p>\n<p>Equipement de base du th\u00e9\u00e2tre :<\/p>\n<p><strong><u>Son<\/u><\/strong><\/p>\n<ul>\n<li style=\"list-style-type: none;\">\n<ul>\n<li>Console: Behringer X32 Rack (\u00e0 utiliser dans son \u00e9tat actuel, possibilit\u00e9s de se connecter)<\/li>\n<li>Top: 10x RCF HDL 6-A<\/li>\n<li>2 RCK \/ SUB 9019-AS \/ High Power 19\u2033 Active Subwoofer<\/li>\n<li>2 RCK \/ NX 912-SMA \/ Professional 12\u2033 Active Speakers<\/li>\n<li>Monitor: 2x LD System (m\u00eame signal pour les deux)<\/li>\n<li>Amplificateurs suppl\u00e9mentaires: 4x Electro-voice ZX1-90<\/li>\n<li>Router: TP-link Archer AX73<\/li>\n<li>IN: 16 xlr (de plus avec une console de mixage externe)<\/li>\n<li>OUT : 0 (de plus avec une console de mixage externe)<\/li>\n<li>2 micros sans\u00a0 fil Shure<\/li>\n<li>2 micros headset sans fil Shure<\/li>\n<li>2 micros headset sans fil Sennheiser<\/li>\n<li>1 micro de chaire<\/li>\n<li>Contr\u00f4le de la console X32 : via Ipad<\/li>\n<li>Piano: Yamaha C6<\/li>\n<\/ul>\n<\/li>\n<\/ul>\n<p><span style=\"text-decoration: underline;\"><strong>Vid\u00e9o<\/strong><\/span><\/p>\n<ul>\n<li style=\"list-style-type: none;\">\n<ul>\n<li>1 projecteur de 5000 lumen<\/li>\n<li>1 \u00e9cran 3x5m<\/li>\n<\/ul>\n<\/li>\n<\/ul>\n<p><span style=\"text-decoration: underline;\"><strong>Lumi\u00e8res<\/strong><\/span><\/p>\n<ul>\n<li style=\"list-style-type: none;\">\n<ul>\n<li>Lumi\u00e8re fontales : 4 EclFresnel CT+S:\u00a0 200W LED Fresnel, con sorgente di luce a 6 colori \u00a0lenti in vetro Fresnel 150mm \/ 6\u00a0\u00bb<\/li>\n<li>Luci d: 2 EclFresnel CT+S i: 200W LED Fresnel, con sorgente di luce a 6 colori \u00a0lenti in vetro Fresnel 150mm \/ 6\u00a0\u00bb<\/li>\n<li>Console ChamSys QuickQ 10 Lighting<\/li>\n<\/ul>\n<\/li>\n<\/ul>\n<p><span style=\"text-decoration: underline;\">\u00a0<strong>Loge<\/strong><\/span><\/p>\n<ul>\n<li style=\"list-style-type: none;\">\n<ul>\n<li>Une loge sans salle de bain avec deux postes de maquillage<\/li>\n<\/ul>\n<\/li>\n<\/ul>\n<p>&nbsp;<\/p>\n<p>Prix pour la location<\/p>\n<p>Tarif:\u00a0<strong>1300,00 \u20ac<\/strong> par \u00e9v\u00e9nement, d&rsquo;une dur\u00e9e maximale d&rsquo;une journ\u00e9e<\/p>\n<p>&nbsp;<\/p>\n<ul>\n<li><strong>LA SALLE D&rsquo;EXPOSITION<br \/>\n<\/strong><\/li>\n<\/ul>\n<p><img loading=\"lazy\" decoding=\"async\" class=\"alignnone size-full wp-image-29522 img-fluid\" src=\"https:\/\/iicbruxelles.esteri.it\/wp-content\/uploads\/2024\/12\/IIC-Salaexpo-pareti-mobili.jpg\" alt=\"\" width=\"300\" height=\"195\" \/><\/p>\n<p>Dimensions : 200 m2<br \/>\nCapacit\u00e9 : 70 personnes<br \/>\nM\u00e8tres de murs lin\u00e9aires : 41 m, dont 2 parois mobiles<\/p>\n<p><a href=\"https:\/\/iicbruxelles.esteri.it\/wp-content\/uploads\/2023\/10\/sala_expo.pdf\"><strong>Cliquez ici pour voir le plan d&rsquo;\u00e9tage &gt;&gt;&gt;<\/strong><\/a><\/p>\n<p>Equipement de base de la salle d&rsquo;exposition:<\/p>\n<ul>\n<li>syst\u00e8me d&rsquo;\u00e9clairage professionnel avec spots halog\u00e8nes r\u00e9glables<\/li>\n<li>1 \u00e9cran de projection (130 cm x 130 cm)<\/li>\n<li>1 projecteur de plafond<\/li>\n<li>2 haut-parleurs<\/li>\n<li>1 table de mixage avec 6 entr\u00e9es<\/li>\n<li>1 lecteur CD, DVD, Blu-ray<\/li>\n<li>Sub: 2x RCF HDL 12-AS<\/li>\n<\/ul>\n<p>Tarif:<strong> 800,00 \u20ac<\/strong> par \u00e9v\u00e9nement, d&rsquo;une dur\u00e9e maximale d&rsquo;une journ\u00e9e<\/p>\n<p>&nbsp;<\/p>\n<ul>\n<li><strong>BIBLIOTH\u00c8QUE<\/strong><\/li>\n<\/ul>\n<p><img loading=\"lazy\" decoding=\"async\" class=\"alignnone size-medium wp-image-29502 img-fluid\" src=\"https:\/\/iicbruxelles.esteri.it\/wp-content\/uploads\/2024\/12\/20180727_biblio1-300x197.jpg\" alt=\"\" width=\"300\" height=\"197\" srcset=\"https:\/\/iicbruxelles.esteri.it\/wp-content\/uploads\/2024\/12\/20180727_biblio1-300x197.jpg 300w, https:\/\/iicbruxelles.esteri.it\/wp-content\/uploads\/2024\/12\/20180727_biblio1-1024x673.jpg 1024w, https:\/\/iicbruxelles.esteri.it\/wp-content\/uploads\/2024\/12\/20180727_biblio1-768x504.jpg 768w, https:\/\/iicbruxelles.esteri.it\/wp-content\/uploads\/2024\/12\/20180727_biblio1.jpg 1920w\" sizes=\"auto, (max-width: 300px) 100vw, 300px\" \/><\/p>\n<p>Capacit\u00e8: 20 personnes<\/p>\n<p>Tarif : 6<strong>00 \u20ac<\/strong>\u00a0pour toute la journ\u00e9e<\/p>\n<p>&nbsp;<\/p>\n<ul>\n<li><strong>SALLES<\/strong><\/li>\n<\/ul>\n<p><img loading=\"lazy\" decoding=\"async\" class=\"alignnone size-full wp-image-29499 img-fluid\" src=\"https:\/\/iicbruxelles.esteri.it\/wp-content\/uploads\/2024\/12\/20180727_aula1_2.jpg\" alt=\"\" width=\"300\" height=\"195\" \/><\/p>\n<p>5 salles de classe dont la capacit\u00e9 varie de 5 \u00e0 30 personnes<\/p>\n<p>Tarif : <strong>400 \u20ac<\/strong> par salle pour toute la journ\u00e9e<\/p>\n","protected":false},"excerpt":{"rendered":"L&rsquo;Institut peut louer ses espaces pour des activit\u00e9es culturelles (pr\u00e9sentations de livres, vid\u00e9os promotionnelles, conf\u00e9rences, ateliers, preuves de th\u00e9\u00e2tre, etc.). Pour demander un espace, contacter: &#8211; iicbruxelles@esteri.it &#8211; +32 (0)2 533 27 20 LE TH\u00c9\u00c2TRE Capacit\u00e9 : 300 si\u00e8ges Sc\u00e8ne : 9 X 5 m Hauteur sc\u00e8ne &#8211; plafond: 4,85 m Cliquez ici pour voir [&hellip;]","protected":false},"author":3,"featured_media":0,"parent":137,"menu_order":4,"comment_status":"closed","ping_status":"closed","template":"","meta":{"footnotes":""},"class_list":["post-508","page","type-page","status-publish","hentry"],"_links":{"self":[{"href":"https:\/\/iicbruxelles.esteri.it\/fr\/wp-json\/wp\/v2\/pages\/508","targetHints":{"allow":["GET"]}}],"collection":[{"href":"https:\/\/iicbruxelles.esteri.it\/fr\/wp-json\/wp\/v2\/pages"}],"about":[{"href":"https:\/\/iicbruxelles.esteri.it\/fr\/wp-json\/wp\/v2\/types\/page"}],"author":[{"embeddable":true,"href":"https:\/\/iicbruxelles.esteri.it\/fr\/wp-json\/wp\/v2\/users\/3"}],"replies":[{"embeddable":true,"href":"https:\/\/iicbruxelles.esteri.it\/fr\/wp-json\/wp\/v2\/comments?post=508"}],"version-history":[{"count":8,"href":"https:\/\/iicbruxelles.esteri.it\/fr\/wp-json\/wp\/v2\/pages\/508\/revisions"}],"predecessor-version":[{"id":59048,"href":"https:\/\/iicbruxelles.esteri.it\/fr\/wp-json\/wp\/v2\/pages\/508\/revisions\/59048"}],"up":[{"embeddable":true,"href":"https:\/\/iicbruxelles.esteri.it\/fr\/wp-json\/wp\/v2\/pages\/137"}],"wp:attachment":[{"href":"https:\/\/iicbruxelles.esteri.it\/fr\/wp-json\/wp\/v2\/media?parent=508"}],"curies":[{"name":"wp","href":"https:\/\/api.w.org\/{rel}","templated":true}]}}