{"id":5245,"date":"2023-06-23T14:48:27","date_gmt":"2023-06-23T12:48:27","guid":{"rendered":"https:\/\/iicbruxelles.esteri.it\/?page_id=5245"},"modified":"2023-10-23T11:17:03","modified_gmt":"2023-10-23T09:17:03","slug":"5245-2","status":"publish","type":"page","link":"https:\/\/iicbruxelles.esteri.it\/fr\/chi-siamo\/la-sede\/5245-2\/","title":{"rendered":"Avis"},"content":{"rendered":"<p><strong>Avis en cours<\/strong><\/p>\n<p>Dans cette section, vous trouverez des communications officielles de notre Institut et du minist\u00e8re des affaires \u00e9trang\u00e8res et de la coop\u00e9ration internationale.<\/p>\n<p>28-09<\/p>\n<p><strong><a href=\"https:\/\/iicbruxelles.esteri.it\/wp-content\/uploads\/2023\/10\/Avis-daccord-cadre-nettoyage-2024-signe.pdf\">Appel d&rsquo;offres pour la conclusion d&rsquo;un accord-cadre pour l&rsquo;acquisition d&rsquo;un service de nettoyage<\/a><\/strong><\/p>\n<p>&#8212;&#8212;&#8212;&#8212;&#8212;&#8212;&#8212;&#8212;&#8212;&#8212;&#8212;&#8212;&#8212;&#8212;&#8212;&#8212;&#8212;&#8212;&#8212;&#8212;&#8212;&#8212;&#8212;&#8212;&#8212;&#8212;&#8212;&#8212;&#8212;&#8212;&#8212;&#8212;&#8212;&#8212;&#8212;&#8212;&#8212;&#8212;&#8212;&#8212;-<\/p>\n<p>27-09<\/p>\n<ul>\n<li><strong><a href=\"https:\/\/iicbruxelles.esteri.it\/wp-content\/uploads\/2023\/10\/messa-in-vendita-autofirmato.pdf\">Messa in vendita auto<\/a><\/strong><\/li>\n<li><strong><a href=\"https:\/\/iicbruxelles.esteri.it\/wp-content\/uploads\/2023\/10\/verbale-apertura-offerte-23.10.2023firmato.pdf\">Verbale di apertura delle buste<\/a><\/strong><\/li>\n<li><strong><a href=\"https:\/\/iicbruxelles.esteri.it\/wp-content\/uploads\/2023\/10\/Decr.-18-aggiudicazione-automobile-di-serviziofirmato.pdf\">Decreto aggiudicazione automobile di servizio<\/a><\/strong><\/li>\n<\/ul>\n","protected":false},"excerpt":{"rendered":"Avis en cours Dans cette section, vous trouverez des communications officielles de notre Institut et du minist\u00e8re des affaires \u00e9trang\u00e8res et de la coop\u00e9ration internationale. 28-09 Appel d&rsquo;offres pour la conclusion d&rsquo;un accord-cadre pour l&rsquo;acquisition d&rsquo;un service de nettoyage &#8212;&#8212;&#8212;&#8212;&#8212;&#8212;&#8212;&#8212;&#8212;&#8212;&#8212;&#8212;&#8212;&#8212;&#8212;&#8212;&#8212;&#8212;&#8212;&#8212;&#8212;&#8212;&#8212;&#8212;&#8212;&#8212;&#8212;&#8212;&#8212;&#8212;&#8212;&#8212;&#8212;&#8212;&#8212;&#8212;&#8212;&#8212;&#8212;&#8212;- 27-09 Messa in vendita auto Verbale di apertura delle buste Decreto aggiudicazione automobile di servizio","protected":false},"author":3,"featured_media":0,"parent":137,"menu_order":1,"comment_status":"closed","ping_status":"closed","template":"","meta":{"footnotes":""},"class_list":["post-5245","page","type-page","status-publish","hentry"],"_links":{"self":[{"href":"https:\/\/iicbruxelles.esteri.it\/fr\/wp-json\/wp\/v2\/pages\/5245","targetHints":{"allow":["GET"]}}],"collection":[{"href":"https:\/\/iicbruxelles.esteri.it\/fr\/wp-json\/wp\/v2\/pages"}],"about":[{"href":"https:\/\/iicbruxelles.esteri.it\/fr\/wp-json\/wp\/v2\/types\/page"}],"author":[{"embeddable":true,"href":"https:\/\/iicbruxelles.esteri.it\/fr\/wp-json\/wp\/v2\/users\/3"}],"replies":[{"embeddable":true,"href":"https:\/\/iicbruxelles.esteri.it\/fr\/wp-json\/wp\/v2\/comments?post=5245"}],"version-history":[{"count":6,"href":"https:\/\/iicbruxelles.esteri.it\/fr\/wp-json\/wp\/v2\/pages\/5245\/revisions"}],"predecessor-version":[{"id":5263,"href":"https:\/\/iicbruxelles.esteri.it\/fr\/wp-json\/wp\/v2\/pages\/5245\/revisions\/5263"}],"up":[{"embeddable":true,"href":"https:\/\/iicbruxelles.esteri.it\/fr\/wp-json\/wp\/v2\/pages\/137"}],"wp:attachment":[{"href":"https:\/\/iicbruxelles.esteri.it\/fr\/wp-json\/wp\/v2\/media?parent=5245"}],"curies":[{"name":"wp","href":"https:\/\/api.w.org\/{rel}","templated":true}]}}