{"id":538,"date":"2023-06-23T14:49:36","date_gmt":"2023-06-23T12:49:36","guid":{"rendered":"https:\/\/iicbruxelles.esteri.it\/?page_id=538"},"modified":"2025-02-10T11:25:36","modified_gmt":"2025-02-10T09:25:36","slug":"538-2","status":"publish","type":"page","link":"https:\/\/iicbruxelles.esteri.it\/fr\/chi-siamo\/la-sede\/538-2\/","title":{"rendered":"Infrastructure technique"},"content":{"rendered":"<p>1. Mesures de la salle des expositions:<\/p>\n<p><img loading=\"lazy\" decoding=\"async\" class=\"alignnone wp-image-829 img-fluid\" src=\"https:\/\/iicbruxelles.esteri.it\/wp-content\/uploads\/2023\/10\/salone2_iicbrux-300x210.jpg\" alt=\"\" width=\"431\" height=\"302\" srcset=\"https:\/\/iicbruxelles.esteri.it\/wp-content\/uploads\/2023\/10\/salone2_iicbrux-300x210.jpg 300w, https:\/\/iicbruxelles.esteri.it\/wp-content\/uploads\/2023\/10\/salone2_iicbrux.jpg 620w\" sizes=\"auto, (max-width: 431px) 100vw, 431px\" \/><\/p>\n<p>2. Mesures\u00a0du th\u00e9\u00e2tre<\/p>\n<p><img loading=\"lazy\" decoding=\"async\" class=\"alignnone wp-image-827 img-fluid\" src=\"https:\/\/iicbruxelles.esteri.it\/wp-content\/uploads\/2023\/10\/teatro5_iicbrux-300x211.jpg\" alt=\"\" width=\"409\" height=\"288\" srcset=\"https:\/\/iicbruxelles.esteri.it\/wp-content\/uploads\/2023\/10\/teatro5_iicbrux-300x211.jpg 300w, https:\/\/iicbruxelles.esteri.it\/wp-content\/uploads\/2023\/10\/teatro5_iicbrux.jpg 620w\" sizes=\"auto, (max-width: 409px) 100vw, 409px\" \/><\/p>\n<p>&nbsp;<\/p>\n<ul>\n<li>Capacit\u00e9 du th\u00e9\u00e2tre: 340 places assises<\/li>\n<\/ul>\n<p>Equipement de base du th\u00e9\u00e2tre:<\/p>\n<p>Capacit\u00e9 du th\u00e9\u00e2tre : 340 places assises<br \/>\nSc\u00e8ne: 9.06 X 5.04 m<\/p>\n<p>Equipement de base du th\u00e9\u00e2tre :<\/p>\n<p><strong><u>Son<\/u><\/strong><\/p>\n<ul>\n<li style=\"list-style-type: none;\">\n<ul>\n<li>Console: Behringer X32 Rack (\u00e0 utiliser dans son \u00e9tat actuel, possibilit\u00e9s de se connecter)<\/li>\n<li>Top: 10x RCF HDL 6-A<\/li>\n<li>Sub: 2x RCF HDL 12-AS<\/li>\n<li>Monitor: 2x LD System (m\u00eame signal pour les deux)<\/li>\n<li>Amplificateurs suppl\u00e9mentaires: 4x Electro-voice ZX1-90<\/li>\n<li>Router: TP-link Archer AX73<\/li>\n<li>IN: 16 xlr (de plus avec une console de mixage externe)<\/li>\n<li>OUT : 0 (de plus avec une console de mixage externe)<\/li>\n<li>2 micros sans\u00a0 fil Shure<\/li>\n<li>2 micros headset sans fil Shure<\/li>\n<li>2 micros headset sans fil Sennheiser<\/li>\n<li>1 micro de chaire<\/li>\n<li>Contr\u00f4le de la console X32 : via Ipad<\/li>\n<li>Piano: Yamaha C6<\/li>\n<\/ul>\n<\/li>\n<\/ul>\n<p><span style=\"text-decoration: underline;\"><strong>Vid\u00e9o<\/strong><\/span><\/p>\n<ul>\n<li style=\"list-style-type: none;\">\n<ul>\n<li>1 projecteur de 5000 lumen<\/li>\n<li>1 \u00e9cran 3x5m<\/li>\n<\/ul>\n<\/li>\n<\/ul>\n<p><strong>Lumi\u00e8res<\/strong><\/p>\n<ul>\n<li>Lumi\u00e8res frontales : <strong>4<\/strong> EclFresnel CT+S:\u00a0 200W LED Fresnel,\u00a0 avec source de lumi\u00e8re 6 couleurs Fresnel 150mm \/ 6\u00a0\u00bb<br \/>\nLumi\u00e8res frontales: <strong>2<\/strong> EclFresnel CT+S i: 200W LED Fresnel, avec source de lumi\u00e8re 6 couleurs Fresnel 150mm \/ 6\u00a0\u00bb<br \/>\nConsole ChamSys QuickQ 10 Lighting<\/li>\n<\/ul>\n<p>Tarif:\u00a0<strong>1000,00 \u20ac<\/strong>\u00a0pour toute la journ\u00e9e<\/p>\n<p>&nbsp;<\/p>\n<p>&nbsp;<\/p>\n","protected":false},"excerpt":{"rendered":"1. Mesures de la salle des expositions: 2. Mesures\u00a0du th\u00e9\u00e2tre &nbsp; Capacit\u00e9 du th\u00e9\u00e2tre: 340 places assises Equipement de base du th\u00e9\u00e2tre: Capacit\u00e9 du th\u00e9\u00e2tre : 340 places assises Sc\u00e8ne: 9.06 X 5.04 m Equipement de base du th\u00e9\u00e2tre : Son Console: Behringer X32 Rack (\u00e0 utiliser dans son \u00e9tat actuel, possibilit\u00e9s de se connecter) [&hellip;]","protected":false},"author":3,"featured_media":0,"parent":137,"menu_order":2,"comment_status":"closed","ping_status":"closed","template":"","meta":{"footnotes":""},"class_list":["post-538","page","type-page","status-publish","hentry"],"_links":{"self":[{"href":"https:\/\/iicbruxelles.esteri.it\/fr\/wp-json\/wp\/v2\/pages\/538","targetHints":{"allow":["GET"]}}],"collection":[{"href":"https:\/\/iicbruxelles.esteri.it\/fr\/wp-json\/wp\/v2\/pages"}],"about":[{"href":"https:\/\/iicbruxelles.esteri.it\/fr\/wp-json\/wp\/v2\/types\/page"}],"author":[{"embeddable":true,"href":"https:\/\/iicbruxelles.esteri.it\/fr\/wp-json\/wp\/v2\/users\/3"}],"replies":[{"embeddable":true,"href":"https:\/\/iicbruxelles.esteri.it\/fr\/wp-json\/wp\/v2\/comments?post=538"}],"version-history":[{"count":7,"href":"https:\/\/iicbruxelles.esteri.it\/fr\/wp-json\/wp\/v2\/pages\/538\/revisions"}],"predecessor-version":[{"id":35183,"href":"https:\/\/iicbruxelles.esteri.it\/fr\/wp-json\/wp\/v2\/pages\/538\/revisions\/35183"}],"up":[{"embeddable":true,"href":"https:\/\/iicbruxelles.esteri.it\/fr\/wp-json\/wp\/v2\/pages\/137"}],"wp:attachment":[{"href":"https:\/\/iicbruxelles.esteri.it\/fr\/wp-json\/wp\/v2\/media?parent=538"}],"curies":[{"name":"wp","href":"https:\/\/api.w.org\/{rel}","templated":true}]}}