{"id":57708,"date":"2026-01-15T17:26:43","date_gmt":"2026-01-15T15:26:43","guid":{"rendered":"https:\/\/iicbruxelles.esteri.it\/?page_id=57708"},"modified":"2026-01-15T17:53:09","modified_gmt":"2026-01-15T15:53:09","slug":"guichet-italophonie","status":"publish","type":"page","link":"https:\/\/iicbruxelles.esteri.it\/fr\/lingua-e-cultura\/i-corsi-di-lingua\/guichet-italophonie\/","title":{"rendered":"Guichet \u00ab\u00a0Italophonie\u00a0\u00bb"},"content":{"rendered":"<p><strong>Vous \u00eates parents d&rsquo;un enfant italophone ?<\/strong><br \/>\nVous parlez italien, ou plusieurs langues, dans votre famille et vous vous demandez comment accompagner votre enfant dans son apprentissage linguistique sans cr\u00e9er de confusion ou de difficult\u00e9s ?<br \/>\nLe Guichet de l&rsquo;italophonie est un espace d&rsquo;\u00e9coute et d&rsquo;orientation d\u00e9di\u00e9 aux familles avec des enfants italophones vivant \u00e0 Bruxelles :<br \/>\nenfants de couples italiens<br \/>\nenfants de couples mixtes<br \/>\nfamilles dans lesquelles l&rsquo;italien est l&rsquo;une des langues de la vie quotidienne<\/p>\n<p><strong>\u00c0 qui s&rsquo;adresse-t-il ?<\/strong><br \/>\nLe guichet est destin\u00e9 aux parents qui se posent des questions telles que :<br \/>\nComment faire parler italien aux jeunes enfants de mani\u00e8re naturelle et sereine ?<br \/>\nComment maintenir l&rsquo;italien dans la vie quotidienne des enfants ?<br \/>\nQuand et comment commencer l&rsquo;alphab\u00e9tisation en italien ?<br \/>\nO\u00f9 peut-on \u00e9tudier l&rsquo;italien \u00e0 Bruxelles, \u00e0 l&rsquo;\u00e9cole ou en dehors ?<br \/>\nComment g\u00e9rer l&rsquo;\u00e9ducation multilingue sans surcharger l&rsquo;enfant ?<\/p>\n<p><strong>Que propose le Guichet de l&rsquo;italophonie ?<\/strong><\/p>\n<p>r\u00e9fl\u00e9chir \u00e0 la situation linguistique de votre famille ;<br \/>\nidentifier des strat\u00e9gies adapt\u00e9es \u00e0 l&rsquo;\u00e2ge et au parcours de l&rsquo;enfant ;<br \/>\npr\u00e9venir les difficult\u00e9s li\u00e9es \u00e0 un apprentissage tardif ou d\u00e9sorganis\u00e9 de l&rsquo;italien ;<br \/>\n\u00e9laborer un petit projet linguistique familial, r\u00e9aliste et durable.<\/p>\n<p>Le premier contact se fait en ligne : nous vous invitons \u00e0 remplir le formulaire de contact (bient\u00f4t disponible !) pour poser vos questions et d\u00e9crire bri\u00e8vement votre situation familiale.<br \/>\nApr\u00e8s avoir envoy\u00e9 le formulaire, vous serez recontact\u00e9 par l&rsquo;Institut italien de culture pour un rendez-vous ou un entretien.<\/p>\n","protected":false},"excerpt":{"rendered":"Vous \u00eates parents d&rsquo;un enfant italophone ? Vous parlez italien, ou plusieurs langues, dans votre famille et vous vous demandez comment accompagner votre enfant dans son apprentissage linguistique sans cr\u00e9er de confusion ou de difficult\u00e9s ? Le Guichet de l&rsquo;italophonie est un espace d&rsquo;\u00e9coute et d&rsquo;orientation d\u00e9di\u00e9 aux familles avec des enfants italophones vivant \u00e0 [&hellip;]","protected":false},"author":3,"featured_media":0,"parent":143,"menu_order":0,"comment_status":"closed","ping_status":"closed","template":"","meta":{"footnotes":""},"class_list":["post-57708","page","type-page","status-publish","hentry"],"_links":{"self":[{"href":"https:\/\/iicbruxelles.esteri.it\/fr\/wp-json\/wp\/v2\/pages\/57708","targetHints":{"allow":["GET"]}}],"collection":[{"href":"https:\/\/iicbruxelles.esteri.it\/fr\/wp-json\/wp\/v2\/pages"}],"about":[{"href":"https:\/\/iicbruxelles.esteri.it\/fr\/wp-json\/wp\/v2\/types\/page"}],"author":[{"embeddable":true,"href":"https:\/\/iicbruxelles.esteri.it\/fr\/wp-json\/wp\/v2\/users\/3"}],"replies":[{"embeddable":true,"href":"https:\/\/iicbruxelles.esteri.it\/fr\/wp-json\/wp\/v2\/comments?post=57708"}],"version-history":[{"count":2,"href":"https:\/\/iicbruxelles.esteri.it\/fr\/wp-json\/wp\/v2\/pages\/57708\/revisions"}],"predecessor-version":[{"id":57712,"href":"https:\/\/iicbruxelles.esteri.it\/fr\/wp-json\/wp\/v2\/pages\/57708\/revisions\/57712"}],"up":[{"embeddable":true,"href":"https:\/\/iicbruxelles.esteri.it\/fr\/wp-json\/wp\/v2\/pages\/143"}],"wp:attachment":[{"href":"https:\/\/iicbruxelles.esteri.it\/fr\/wp-json\/wp\/v2\/media?parent=57708"}],"curies":[{"name":"wp","href":"https:\/\/api.w.org\/{rel}","templated":true}]}}