{"id":41,"date":"2023-04-03T20:55:21","date_gmt":"2023-04-03T18:55:21","guid":{"rendered":"https:\/\/istitutobuenosaires.esteri.it\/?page_id=41"},"modified":"2026-01-07T11:27:57","modified_gmt":"2026-01-07T09:27:57","slug":"contatti","status":"publish","type":"page","link":"https:\/\/iicbruxelles.esteri.it\/it\/chi-siamo\/contatti\/","title":{"rendered":"Contatti"},"content":{"rendered":"<p><span class=\"titoloRosso\">Istituto Italiano di Cultura di Bruxelles<br \/>\nRue de Livourne, 38<br \/>\n1000 Bruxelles<br \/>\ntel. +32\/2\/533.27.20<br \/>\ne-mail\u00a0<a href=\"mailto:iicbruxelles@esteri.it\">iicbruxelles@esteri.it<\/a><\/span><\/p>\n<p><span class=\"titoloRosso\"><strong>Per informazioni:\u00a0<\/strong><br \/>\n<\/span><span class=\"titoloRosso\">sugli <strong>eventi<\/strong>,\u00a0<a href=\"mailto:iicbruxelles@esteri.it\">iicbruxelles@esteri.it<\/a>\u00a0&#8211;<br \/>\n<\/span>sui <strong>corsi di lingua<\/strong>,\u00a0<a href=\"mailto:corsi.iicbruxelles@esteri.it\">corsi.iicbruxelles@esteri.it<\/a> , tel. +32 (0)2 533.27.23 et +32 (0)2 533.27.33<br \/>\nsulle <strong>certificazioni<\/strong>,\u00a0<a href=\"mailto:segreteria.iicbruxelles@esteri.it\">segreteria.iicbruxelles@esteri.it<\/a>\u00a0 e\u00a0<a href=\"mailto:iicbruxelles@esteri.it\">iicbruxelles@esteri.it<\/a>\u00a0, tel. +32(0)2533.27.20<br \/>\n<strong><br \/>\nPer la biblioteca<\/strong>,\u00a0<a href=\"mailto:biblioteca.iicbruxelles@esteri.it\">biblioteca.iicbruxelles@esteri.it<\/a>\u00a0, tel. +32 (0)2 533.27.27 &#8211; +32 (0)2 533.27.31<\/p>\n<p><strong>Per proporre un evento\u00a0<\/strong>inviare un mail\u00a0<strong><span style=\"text-decoration: underline;\">completa di progetto e budget dettagliato<\/span>\u00a0<\/strong>all&#8217;indirizzo\u00a0<a href=\"mailto:iicbruxelles@esteri.it\"><strong>iicbruxelles@esteri.it<\/strong><\/a>. Le proposte incomplete o inviate attraverso altri canali non saranno prese in considerazione.<\/p>\n<p><strong>Orari segreteria generale:<\/strong><br \/>\ndal luned\u00ec al venerd\u00ec ore<strong> 9:30-13 \/ 14-17<\/strong><\/p>\n<p><strong>Orari segreteria corsi di lingua:<\/strong><br \/>\nDal luned\u00ec al venerd\u00ec <strong>10-12<\/strong><\/p>\n<p><strong>Orari biblioteca:<\/strong><br \/>\ndal luned\u00ec, marted\u00ec, mercoled\u00ec e venerd\u00ec ore<strong> 9:30-13 \/ 14-17<\/strong><\/p>\n<p>Giorni festivi 2026:<\/p>\n<p>01.01.2026 Capodanno<br \/>\n06.04.2026 Luned\u00ec dell\u2019Angelo<br \/>\n01.05.2026 Festa del Lavoro<br \/>\n14.05.2026 Ascensione<br \/>\n25.05.2026 Luned\u00ec di Pentecoste<br \/>\n02.06.2026 Festa della Repubblica Italiana<br \/>\n21.07.2026 Festa Nazionale Belga<br \/>\n15.08.2026 Ferragosto<br \/>\n01.11.2026 Ognissanti<br \/>\n25.12.2026 Natale<br \/>\n26.12.2026 Santo Stefano<\/p>\n","protected":false},"excerpt":{"rendered":"Istituto Italiano di Cultura di Bruxelles Rue de Livourne, 38 1000 Bruxelles tel. +32\/2\/533.27.20 e-mail\u00a0iicbruxelles@esteri.it Per informazioni:\u00a0 sugli eventi,\u00a0iicbruxelles@esteri.it\u00a0&#8211; sui corsi di lingua,\u00a0corsi.iicbruxelles@esteri.it , tel. +32 (0)2 533.27.23 et +32 (0)2 533.27.33 sulle certificazioni,\u00a0segreteria.iicbruxelles@esteri.it\u00a0 e\u00a0iicbruxelles@esteri.it\u00a0, tel. +32(0)2533.27.20 Per la biblioteca,\u00a0biblioteca.iicbruxelles@esteri.it\u00a0, tel. +32 (0)2 533.27.27 &#8211; +32 (0)2 533.27.31 Per proporre un evento\u00a0inviare un mail\u00a0completa di [&hellip;]","protected":false},"author":1,"featured_media":0,"parent":15,"menu_order":4,"comment_status":"closed","ping_status":"closed","template":"","meta":{"footnotes":""},"class_list":["post-41","page","type-page","status-publish","hentry"],"_links":{"self":[{"href":"https:\/\/iicbruxelles.esteri.it\/it\/wp-json\/wp\/v2\/pages\/41","targetHints":{"allow":["GET"]}}],"collection":[{"href":"https:\/\/iicbruxelles.esteri.it\/it\/wp-json\/wp\/v2\/pages"}],"about":[{"href":"https:\/\/iicbruxelles.esteri.it\/it\/wp-json\/wp\/v2\/types\/page"}],"author":[{"embeddable":true,"href":"https:\/\/iicbruxelles.esteri.it\/it\/wp-json\/wp\/v2\/users\/1"}],"replies":[{"embeddable":true,"href":"https:\/\/iicbruxelles.esteri.it\/it\/wp-json\/wp\/v2\/comments?post=41"}],"version-history":[{"count":10,"href":"https:\/\/iicbruxelles.esteri.it\/it\/wp-json\/wp\/v2\/pages\/41\/revisions"}],"predecessor-version":[{"id":56365,"href":"https:\/\/iicbruxelles.esteri.it\/it\/wp-json\/wp\/v2\/pages\/41\/revisions\/56365"}],"up":[{"embeddable":true,"href":"https:\/\/iicbruxelles.esteri.it\/it\/wp-json\/wp\/v2\/pages\/15"}],"wp:attachment":[{"href":"https:\/\/iicbruxelles.esteri.it\/it\/wp-json\/wp\/v2\/media?parent=41"}],"curies":[{"name":"wp","href":"https:\/\/api.w.org\/{rel}","templated":true}]}}