{"id":45,"date":"2023-04-03T20:56:23","date_gmt":"2023-04-03T18:56:23","guid":{"rendered":"https:\/\/istitutobuenosaires.esteri.it\/?page_id=45"},"modified":"2023-06-29T11:09:20","modified_gmt":"2023-06-29T09:09:20","slug":"studiare-in-italia","status":"publish","type":"page","link":"https:\/\/iicbruxelles.esteri.it\/it\/lingua-e-cultura\/studiare-in-italia\/","title":{"rendered":"Studiare in Italia"},"content":{"rendered":"<div>\n<p><strong>Corsi di lingua e cultura italiana offerti dalle Universit\u00e0 Italiane:<\/strong><\/p>\n<ul>\n<li><a title=\"Universit\u00e0 per stranieri di Perugia\" href=\"http:\/\/www.unistrapg.it\/italiano\/didattica\/lingua_cultura\/\">Universit\u00e0 per stranieri di Perugia<\/a> (<em>con certificazione<\/em>)<\/li>\n<li><a title=\"Universit\u00e0 per stranieri di Siena \" href=\"http:\/\/www.unistrasi.it\/\">Universit\u00e0 per stranieri di Siena <\/a>(<em>con certificazione<\/em>)<\/li>\n<li>Universit\u00e0 degli studi di Roma Tre<br \/>\n1. <a title=\"Corsi CLA\" href=\"http:\/\/www.cla.uniroma3.it\/\">Corsi CLA<\/a> (<em>con certificazione<\/em>)<br \/>\n2. <a title=\"Italiano L2\" href=\"https:\/\/certificazioneitaliano.uniroma3.it\/\">Italiano L2<\/a> (<em>con certificazione<\/em>)<\/li>\n<li><a title=\"Universit\u00e0 Politecnica delle Marche \" href=\"http:\/\/www.univpm.it\/\">Universit\u00e0 Politecnica delle Marche <\/a><\/li>\n<li><a title=\"Universit\u00e0 degli studi di Bergamo \" href=\"https:\/\/www.unibg.it\/\">Universit\u00e0 degli studi di Bergamo <\/a><\/li>\n<li><a title=\"Universit\u00e0 degli studi di Bologna \u2013 Cilta \" href=\"http:\/\/www.unibo.it\/Portale\/Offerta+formativa\/Summer+and+winter+school\/italiano_per_stranieri.htm\">Universit\u00e0 degli studi di Bologna <\/a><\/li>\n<li><a title=\"Universit\u00e0 degli studi di Bologna \u2013 Cliro \" href=\"https:\/\/centri.unibo.it\/cla\/it\">Universit\u00e0 degli studi di Bologna \u2013 CLA<\/a><\/li>\n<li><a title=\"Universit\u00e0 degli studi di Firenze - Centro di cultura per stranieri \" href=\"https:\/\/www.ccs.unifi.it\/\">Universit\u00e0 degli studi di Firenze &#8211; Centro di cultura per stranieri <\/a><\/li>\n<li><a title=\"Universit\u00e0 degli studi de l'Aquila \" href=\"http:\/\/www.univaq.it\/section.php?id=299\">Universit\u00e0 degli studi de l&#8217;Aquila <\/a><\/li>\n<li><a title=\"Universit\u00e0 del Salento\" href=\"https:\/\/cla.unisalento.it\/programma_italiano\">Universit\u00e0 del Salento<\/a><\/li>\n<li><a title=\"Universit\u00e0 degli studi di Milano\" href=\"http:\/\/studenti.unimi.it\/foreign\/gargnano.htm\">Universit\u00e0 degli studi di Milano<\/a><\/li>\n<li><a title=\"Universit\u00e0 degli studi di Parma \" href=\"https:\/\/www.cla.unipr.it\/\">Universit\u00e0 degli studi di Parma <\/a><\/li>\n<li><a title=\"Universit\u00e0 degli studi di Trento \" href=\"http:\/\/www.unitn.it\/\">Universit\u00e0 degli studi di Trento <\/a><\/li>\n<li><a title=\"Universit\u00e0 degli studi di Urbino \" href=\"http:\/\/www.uniurb.it\/it\/portale\/index.php?mist_id=10&amp;lang=IT&amp;tipo=IST&amp;page=13\">Universit\u00e0 degli studi di Urbino <\/a><\/li>\n<li><a title=\"Universit\u00e0 degli studi Ca' Foscari di Venezia\" href=\"https:\/\/www.unive.it\/pag\/30188\/\">Universit\u00e0 degli studi Ca&#8217; Foscari di Venezia <\/a><\/li>\n<li><a title=\"Universit\u00e0 Cattolica del Sacro Cuore\" href=\"https:\/\/www.unicatt.it\/corsi\/master-universitari.html\">Universit\u00e0 Cattolica del Sacro Cuore\u00a0 <\/a><\/li>\n<li><a title=\"click to open\" href=\"http:\/\/cla.unica.it\/\">Universit\u00e0 degli studi di Cagliari &#8211; Centro linguistico d&#8217;ateneo<\/a><\/li>\n<li><a title=\"Universit\u00e0 degli studi di Palermo - Scuola di lingua italiana per stranieri\" href=\"http:\/\/portale.unipa.it\/strutture\/scuolaitalianastranieri\/\">Universit\u00e0 degli studi di Palermo &#8211; Scuola di lingua italiana per stranieri<\/a><\/li>\n<\/ul>\n<p><strong>Corsi di lingua italiana, di cultura e di varie discipline offerti a stranieri<\/strong><\/p>\n<p>Consulta l\u2019elenco delle scuole, dei centri, delle accademie che offrono corsi di varie discipline rivolti principalmente a studenti stranieri.<br \/>\nPuoi ricercare i corsi per regione e\/o citt\u00e0 e\/o tipologia. Nella selezione della tipologia dei corsi, le voci del menu sono volutamente generiche, come ad esempio &#8220;Lingua italiana&#8221;, &#8220;Design&#8221;, &#8220;Musica&#8221; e &#8220;Canto&#8221;, per le quali si rimanda al sito web delle scuole dove si possono vedere tutte le sottotipologie offerte.<br \/>\nSe ricerchi corsi di lingua italiana, la visita dei website dei centri qui segnalati ti consentir\u00e0 di distinguere le scuole esclusivamente dedicate all&#8217;insegnamento della lingua italiana a stranieri da quelle che offrono corsi di lingua come complemento di altri insegnamenti, quali arte, moda, design, cucina, ecc.<\/p>\n<p>Garanzie di affidabilit\u00e0 sul piano dell&#8217;organizzazione e di qualit\u00e0 sul piano della didattica sono offerte dalle scuole di lingua e cultura italiana che hanno ottenuto il riconoscimento denominato Presa d&#8217;atto del MIUR (a seguito di un\u2019ispezione del Ministero dell&#8217;Educazione, dell&#8217;Universit\u00e0 e della Ricerca scientifica)<\/p>\n<p>Visitando il sito web delle scuole verifica se fanno parte di Associazioni che si propongono di tutelare la qualit\u00e0 dei servizi offerti e ne rispondono ai clienti, quali:<\/p>\n<p>a livello nazionale:<br \/>\n\u00b7 <a title=\"ASILS\" href=\"http:\/\/www.asils.it\/\">ASILS<\/a> (Associazione Scuole di Italiano come Lingua seconda)<br \/>\n. <a title=\"AIL\" href=\"http:\/\/www.acad.it\/\">AIL<\/a> (Accademia Italiana di Lingua)<\/p>\n<p>. <a href=\"http:\/\/www.italianinitaly.it\" target=\"_blank\" rel=\"noopener\">Italian in Italy<\/a><\/p>\n<p>a livello internazionale:<br \/>\n\u00b7<a title=\"FIYTO\" href=\"https:\/\/www.wysetc.org\/\"> WYSETC<\/a> (World Youth Student and Educational Travel Confederation)<br \/>\n\u00b7 <a title=\"ALTO\" href=\"http:\/\/www.altonet.org\/\">ALTO<\/a> (Association of Language Travel Organisations)<br \/>\n\u00b7 <a title=\"IALC\" href=\"http:\/\/www.ialc.org\/\">IALC<\/a> (International Association of Language Centres)<br \/>\n\u00b7 <a title=\"TANDEM\" href=\"http:\/\/www.tandem-schools.com\/\">TANDEM<\/a> (International Network of Quality Language Institutes)<br \/>\n\u00b7 <a title=\"EAQUALS\" href=\"http:\/\/www.eaquals.org\/\">EAQUALS<\/a> (The European Association for Quality Language Services)<br \/>\n. <a title=\"IHWO\" href=\"http:\/\/www.ihworld.com\/\">IHWO<\/a> (International House World Organisation)<\/p>\n<p>E\u2019 importante anche sapere se le scuole sono riconosciute come Ente di Formazione e se sono abilitate a rilasciare Certificazioni di conoscenza della Lingua italiana.<\/p>\n<p>Per tutte le scuole che non hanno nessuno di questi requisiti si raccomanda di controllare se il loro sito web contiene chiare e precise informazioni su:<br \/>\n\u00b7 condizioni economiche dei corsi offerti (prezzi, depositi, restituzione dei depositi in caso di cancellazione)<br \/>\n\u00b7 luogo dove si tengono i corsi (edificio, aule, infrastrutture, dotazioni tecniche)<br \/>\n\u00b7 caratteristiche degli alloggi per gli studenti (costi e ubicazione)<br \/>\n\u00b7 personale docente (titoli di studio e curricula)<br \/>\n\u00b7 materiale didattico usato<\/p>\n<\/div>\n","protected":false},"excerpt":{"rendered":"Corsi di lingua e cultura italiana offerti dalle Universit\u00e0 Italiane: Universit\u00e0 per stranieri di Perugia (con certificazione) Universit\u00e0 per stranieri di Siena (con certificazione) Universit\u00e0 degli studi di Roma Tre 1. Corsi CLA (con certificazione) 2. Italiano L2 (con certificazione) Universit\u00e0 Politecnica delle Marche Universit\u00e0 degli studi di Bergamo Universit\u00e0 degli studi di Bologna Universit\u00e0 [&hellip;]","protected":false},"author":1,"featured_media":0,"parent":16,"menu_order":8,"comment_status":"closed","ping_status":"closed","template":"","meta":{"footnotes":""},"class_list":["post-45","page","type-page","status-publish","hentry"],"_links":{"self":[{"href":"https:\/\/iicbruxelles.esteri.it\/it\/wp-json\/wp\/v2\/pages\/45","targetHints":{"allow":["GET"]}}],"collection":[{"href":"https:\/\/iicbruxelles.esteri.it\/it\/wp-json\/wp\/v2\/pages"}],"about":[{"href":"https:\/\/iicbruxelles.esteri.it\/it\/wp-json\/wp\/v2\/types\/page"}],"author":[{"embeddable":true,"href":"https:\/\/iicbruxelles.esteri.it\/it\/wp-json\/wp\/v2\/users\/1"}],"replies":[{"embeddable":true,"href":"https:\/\/iicbruxelles.esteri.it\/it\/wp-json\/wp\/v2\/comments?post=45"}],"version-history":[{"count":3,"href":"https:\/\/iicbruxelles.esteri.it\/it\/wp-json\/wp\/v2\/pages\/45\/revisions"}],"predecessor-version":[{"id":258,"href":"https:\/\/iicbruxelles.esteri.it\/it\/wp-json\/wp\/v2\/pages\/45\/revisions\/258"}],"up":[{"embeddable":true,"href":"https:\/\/iicbruxelles.esteri.it\/it\/wp-json\/wp\/v2\/pages\/16"}],"wp:attachment":[{"href":"https:\/\/iicbruxelles.esteri.it\/it\/wp-json\/wp\/v2\/media?parent=45"}],"curies":[{"name":"wp","href":"https:\/\/api.w.org\/{rel}","templated":true}]}}