{"id":88,"date":"2023-06-08T09:33:21","date_gmt":"2023-06-08T07:33:21","guid":{"rendered":"https:\/\/iicbruxelles.esteri.it\/?page_id=88"},"modified":"2026-01-13T16:02:06","modified_gmt":"2026-01-13T14:02:06","slug":"bandi-di-gara-e-contratti","status":"publish","type":"page","link":"https:\/\/iicbruxelles.esteri.it\/it\/amministrazione-trasparente\/bandi-di-gara-e-contratti\/","title":{"rendered":"Bandi di gara e contratti\u00a0"},"content":{"rendered":"<div class=\"sr-only\">INFORMAZIONI SULLE SINGOLE PROCEDURE<\/div>\n<div>\n<ul>\n<li><a href=\"https:\/\/iicbruxelles.esteri.it\/wp-content\/uploads\/2023\/07\/albo-beneficiari-iic-bruxelles-2016.pdf\"><strong>2016<\/strong><\/a><\/li>\n<\/ul>\n<ul>\n<li><a href=\"https:\/\/iicbruxelles.esteri.it\/wp-content\/uploads\/2023\/07\/albobeneficiari-iicbruxelles-2017.pdf\"><strong>2017<\/strong><\/a><\/li>\n<\/ul>\n<ul>\n<li><a href=\"https:\/\/iicbruxelles.esteri.it\/wp-content\/uploads\/2023\/07\/beneficiari2018.pdf\"><strong>2018<\/strong><\/a><\/li>\n<\/ul>\n<p>Dal<strong> 2019<\/strong> le informazioni sui singli contratti e procedure si trovano <strong><a href=\"https:\/\/www.esteri.it\/it\/trasparenza_comunicazioni_legali\/bandi-gara-contratti\/informazioni-sulle-singole-procedure\/\" target=\"_blank\" rel=\"noopener\">qui &gt;&gt;&gt;<\/a><\/strong><\/p>\n<div>\n<hr \/>\n<p><strong>ATTI E DOCUMENTI DI AVVIO DEI BANDI<\/strong><\/p>\n<p><strong>BANDI IN CORSO<\/strong><\/p>\n<\/div>\n<\/div>\n<p>Procedura aperta per l\u2019acquisizione del servizio di pulizia ed igienizzazione delle Sedi diplomatiche italiane del Belgio (Ambasciata d\u2019Italia a Bruxelles, Consolato Generale d\u2019Italia a Bruxelles, Istituto Italiano di Cultura di Bruxelles, Rappresentanza Permanent presso l\u2019Unione Europea di Bruxelles, Rappresentanza Permanente presso la Nato di Bruxelles) e dei Paesi Bassi (Ambasciata d\u2019Italia a L\u2019Aja e Istituto Italiano di Cultura di Amstertdam) per il periodo 1 marzo 2026- 31 dicembre 2027, equivalenti a 22 (ventidue) mesi.<\/p>\n<p>Appel d\u2019Offre<br \/>\nNotice of Tender<\/p>\n<p><strong>13\/01\/2026<\/strong><\/p>\n<p><a href=\"https:\/\/iicbruxelles.esteri.it\/wp-content\/uploads\/2026\/01\/Annullamento-in-autotutela.pdf\">Annullamento in autotutela<\/a><\/p>\n<p>&nbsp;<\/p>\n<hr \/>\n<p><strong>BANDO DI CONCORSO: corsi di lingua 2025 &#8211; 2029<\/strong><\/p>\n<div>\n<p>Data limite per la presentazione delle offerte: 17 maggio 2025 a mezzanotte.<\/p>\n<\/div>\n<div>\n<p>Documenti da scaricare (in FR):<\/p>\n<ol>\n<li><a href=\"https:\/\/iicbruxelles.esteri.it\/wp-content\/uploads\/2025\/04\/Lettre-invitation-RH-2025-2029_signed.pdf\" target=\"_blank\" rel=\"noopener\">Lettre d&#8217;invitation<\/a><\/li>\n<li><a href=\"https:\/\/iicbruxelles.esteri.it\/wp-content\/uploads\/2025\/04\/RH-2025-2029_annexe-1_-modele-contrat.pdf\" target=\"_blank\" rel=\"noopener\">Annexe 1<\/a><\/li>\n<li><a href=\"https:\/\/iicbruxelles.esteri.it\/wp-content\/uploads\/2025\/04\/RH-2025-2029_annexe-2_-specifications-marche.pdf\" target=\"_blank\" rel=\"noopener\">Annexe 2<\/a><\/li>\n<li><a href=\"https:\/\/iicbruxelles.esteri.it\/wp-content\/uploads\/2025\/04\/RH-2025-2029_annexe-3_-conditions-acces.pdf\" target=\"_blank\" rel=\"noopener\">Annexe 3<\/a><\/li>\n<li><a href=\"https:\/\/iicbruxelles.esteri.it\/wp-content\/uploads\/2025\/04\/RH-2025-2029_annexe-4_-privacy.pdf\" target=\"_blank\" rel=\"noopener\">Annexe 4<\/a><\/li>\n<li><a href=\"https:\/\/iicbruxelles.esteri.it\/wp-content\/uploads\/2025\/04\/RH-2025-2029_annexe-5_-offre.pdf\" target=\"_blank\" rel=\"noopener\">Annexe 5<\/a><\/li>\n<li><a href=\"https:\/\/iicbruxelles.esteri.it\/wp-content\/uploads\/2025\/07\/CIA_Avis-dattribution-firmato.pdf\">\u00a016\/06\/2025\u00a0 \u00a0Avis d&#8217;attribution<\/a><\/li>\n<\/ol>\n<p>&nbsp;<\/p>\n<hr \/>\n<p>BANDI SCADUTI (2016-2024)<\/p>\n<p>27 janvier 2025<\/p>\n<p><a href=\"https:\/\/iicbruxelles.esteri.it\/wp-content\/uploads\/2025\/01\/5d.-Avis-dAttribution-du-Marche-2025-fr-firmatoprot-2.pdf\">R\u00e9sultat<\/a> de la proc\u00e9dure d&#8217;adjudication du service de nettoyage et d&#8217;assainissement des locaux de l&#8217;Institut culturel italien \u00e0 Bruxelles pour la p\u00e9riode 1 f\u00e9vrier 2025 &#8211; 31 janvier 2026.<\/p>\n<p><a href=\"https:\/\/iicbruxelles.esteri.it\/wp-content\/uploads\/2023\/12\/4c.-Avis-dAttribution-du-Marchefirmato.pdf\">R\u00e9sultat<\/a> de la proc\u00e9dure d&#8217;adjudication du service de nettoyage et d&#8217;assainissement des locaux de l&#8217;Institut culturel italien \u00e0 Bruxelles<\/p>\n<p><strong><br \/>\nAvviso di messa in vendita auto di servizio:<\/strong><\/p>\n<p><strong><a href=\"https:\/\/iicbruxelles.esteri.it\/wp-content\/uploads\/2023\/10\/messa-in-vendita-autofirmato.pdf\">Avviso<\/a><\/strong><\/p>\n<p>&nbsp;<\/p>\n<ul>\n<li><em><strong>5 juin 2023<\/strong><\/em><\/li>\n<\/ul>\n<p><strong>Appel d&#8217;offre: cours de langues 2023 &#8211; 2025.<\/strong><\/p>\n<p>Date limite pour la pr\u00e9s\u00e9ntation des offres: 10 juillet 2023 \u00e0 12h.<\/p>\n<p>Documents \u00e0 t\u00e9l\u00e9charger:<\/p>\n<ol>\n<li><a href=\"https:\/\/iicbruxelles.esteri.it\/wp-content\/uploads\/2023\/07\/A.O.-2023-2025_Annexe-5.pdf\">Lettre d&#8217;invitation<\/a><\/li>\n<li><a href=\"https:\/\/iicbruxelles.esteri.it\/wp-content\/uploads\/2023\/07\/A.O.-2023-2025_Annexe-1.pdf\">Annexe 1<\/a><\/li>\n<li><a href=\"https:\/\/iicbruxelles.esteri.it\/wp-content\/uploads\/2023\/07\/A.O.-2023-2025_Annexe-2.pdf\">Annexe 2<\/a><\/li>\n<li><a href=\"https:\/\/iicbruxelles.esteri.it\/wp-content\/uploads\/2023\/07\/A.O.-2023-2025_Annexe-3.pdf\">Annexe 3<\/a><\/li>\n<li><a href=\"https:\/\/iicbruxelles.esteri.it\/wp-content\/uploads\/2023\/07\/A.O.-2023-2025_Annexe-4.pdf\">Annexe 4<\/a><\/li>\n<li><a href=\"https:\/\/iicbruxelles.esteri.it\/wp-content\/uploads\/2023\/07\/A.O.-2023-2025_Annexe-5.pdf\">Annexe 5<\/a><\/li>\n<\/ol>\n<\/div>\n<ul>\n<li><strong><em>5 juin 2022<\/em><\/strong><\/li>\n<\/ul>\n<p><strong>Procedure ouverte pour le service de mise \u00e0 disposition de ressources humaines pour l&#8217;enseignement et pour la coordination des cours de langue et culture.<\/strong><\/p>\n<p>Date limite pour la pr\u00e9s\u00e9ntation des offres: 8 ao\u00fbt 2022 \u00e0 12h.<\/p>\n<p>Documents \u00e0 t\u00e9l\u00e9charger:<\/p>\n<ol>\n<li><a href=\"https:\/\/iicbruxelles.esteri.it\/wp-content\/uploads\/2023\/07\/lettre-invitation-ressources-humaines-2022-2023.pdf\">Lettre d&#8217;invitation<\/a><\/li>\n<li>Annexe 1<\/li>\n<li>Annexe 2<\/li>\n<li>Annexe 3<\/li>\n<li>Annexe 4<\/li>\n<li>Annexe 5<\/li>\n<\/ol>\n<p><a href=\"https:\/\/iicbruxelles.esteri.it\/iic_bruxelles\/resource\/doc\/2022\/08\/decreto_nomina_commissione_bando_corso_lingue_2022-2023_italianofirmato.pdf\" target=\"_blank\" rel=\"noopener\">Nomination du comit\u00e9 de s\u00e9l\u00e9ction<\/a><\/p>\n<p><strong><a href=\"https:\/\/iicbruxelles.esteri.it\/iic_bruxelles\/resource\/doc\/2022\/08\/accettazionenomina.pdf\" target=\"_blank\" rel=\"noopener\">Acceptation<\/a><\/strong><\/p>\n<p><strong><a href=\"https:\/\/iicbruxelles.esteri.it\/iic_bruxelles\/resource\/doc\/2022\/08\/pv_ouverture_offres-avec_trad_fr.pdf\" target=\"_blank\" rel=\"noopener\">Proc\u00e8s-verbal ouverture offres &gt;&gt;&gt;<\/a><\/strong><\/p>\n<p>Comit\u00e9 de s\u00e9lection:<\/p>\n<ol>\n<li><a href=\"https:\/\/iicbruxelles.esteri.it\/iic_bruxelles\/resource\/doc\/2021\/12\/cv_2.pdf\" target=\"_blank\" rel=\"noopener\">CV1<\/a><\/li>\n<li>CV2<\/li>\n<li><a href=\"https:\/\/iicbruxelles.esteri.it\/iic_bruxelles\/resource\/doc\/2022\/08\/CV-Erika-Martini.pdf\" target=\"_blank\" rel=\"noopener\">CV3 <\/a><\/li>\n<li><a href=\"https:\/\/iicbruxelles.esteri.it\/iic_bruxelles\/resource\/doc\/2021\/12\/cv_4.pdf\" target=\"_blank\" rel=\"noopener\">CV4<\/a><\/li>\n<\/ol>\n<p><a href=\"https:\/\/iicbruxelles.esteri.it\/iic_bruxelles\/resource\/doc\/2022\/08\/verbale_daggiudicazione.pdf\" target=\"_blank\" rel=\"noopener\"><strong>Proc\u00e8s-verbal d&#8217;adjudication &gt;&gt;&gt;<\/strong><\/a><\/p>\n<div>\n<p>30 juin 2021<\/p>\n<p><strong>Procedure ouverte pour le service de mise \u00e0 disposition de ressources humaines pour l&#8217;enseignement et pour la coordination des cours de langue et culture.<\/strong><\/p>\n<p>Date limite pour la pr\u00e9s\u00e9ntation des offres: 6 ao\u00fbt 2021 \u00e0 12h.<\/p>\n<p>Documents \u00e0 t\u00e9l\u00e9charger:<\/p>\n<ol>\n<li><a href=\"https:\/\/iicbruxelles.esteri.it\/iic_bruxelles\/resource\/doc\/2021\/06\/lettre_invitation_cours_2021.pdf\" target=\"_blank\" rel=\"noopener\">Lettre d&#8217;invitation<\/a><\/li>\n<li><a href=\"https:\/\/iicbruxelles.esteri.it\/iic_bruxelles\/resource\/doc\/2021\/06\/annexe_1.pdf\" target=\"_blank\" rel=\"noopener\">Annexe 1<\/a><\/li>\n<li><a href=\"https:\/\/iicbruxelles.esteri.it\/iic_bruxelles\/resource\/doc\/2021\/06\/annexe_2.pdf\" target=\"_blank\" rel=\"noopener\">Annexe 2<\/a><\/li>\n<li><a href=\"https:\/\/iicbruxelles.esteri.it\/iic_bruxelles\/resource\/doc\/2021\/06\/annexe_3.pdf\" target=\"_blank\" rel=\"noopener\">Annexe 3<\/a><\/li>\n<li><a href=\"https:\/\/iicbruxelles.esteri.it\/iic_bruxelles\/resource\/doc\/2021\/06\/annexe_4.pdf\" target=\"_blank\" rel=\"noopener\">Annexe 4<\/a><\/li>\n<li><a href=\"https:\/\/iicbruxelles.esteri.it\/iic_bruxelles\/resource\/doc\/2021\/06\/annexe_5.pdf\" target=\"_blank\" rel=\"noopener\">Annexe 5<\/a><\/li>\n<\/ol>\n<p><a href=\"https:\/\/iicbruxelles.esteri.it\/iic_bruxelles\/resource\/doc\/2021\/12\/nomination_comit_slection.pdf\" target=\"_blank\" rel=\"noopener\">Nomination comit\u00e9 de s\u00e9lection<\/a>.<\/p>\n<p><a href=\"https:\/\/iicbruxelles.esteri.it\/iic_bruxelles\/resource\/doc\/2021\/12\/acceptations_nominations.pdf\" target=\"_blank\" rel=\"noopener\">Acceptations des nominations<\/a>.<\/p>\n<p>Comit\u00e9 de s\u00e9lection:<\/p>\n<ol>\n<li><a href=\"https:\/\/iicbruxelles.esteri.it\/iic_bruxelles\/resource\/doc\/2021\/12\/cv_1.pdf\" target=\"_blank\" rel=\"noopener\">CV1<\/a><\/li>\n<li><a href=\"https:\/\/iicbruxelles.esteri.it\/iic_bruxelles\/resource\/doc\/2021\/12\/cv_2.pdf\">CV2<\/a><\/li>\n<li><a href=\"https:\/\/iicbruxelles.esteri.it\/iic_bruxelles\/resource\/doc\/2021\/12\/cv_3.pdf\" target=\"_blank\" rel=\"noopener\">CV3<\/a><\/li>\n<li><a href=\"https:\/\/iicbruxelles.esteri.it\/iic_bruxelles\/resource\/doc\/2021\/12\/cv_4.pdf\" target=\"_blank\" rel=\"noopener\">CV4<\/a><\/li>\n<\/ol>\n<p><a href=\"https:\/\/iicbruxelles.esteri.it\/iic_bruxelles\/resource\/doc\/2021\/08\/proces-verbal_adjudication.pdf\" target=\"_blank\" rel=\"noopener\"><strong>Proc\u00e8s-verbal d&#8217;adjudication &gt;&gt;&gt;<\/strong><\/a><\/p>\n<\/div>\n","protected":false},"excerpt":{"rendered":"INFORMAZIONI SULLE SINGOLE PROCEDURE 2016 2017 2018 Dal 2019 le informazioni sui singli contratti e procedure si trovano qui &gt;&gt;&gt; ATTI E DOCUMENTI DI AVVIO DEI BANDI BANDI IN CORSO Procedura aperta per l\u2019acquisizione del servizio di pulizia ed igienizzazione delle Sedi diplomatiche italiane del Belgio (Ambasciata d\u2019Italia a Bruxelles, Consolato Generale d\u2019Italia a Bruxelles, [&hellip;]","protected":false},"author":2,"featured_media":0,"parent":23,"menu_order":10,"comment_status":"closed","ping_status":"closed","template":"","meta":{"footnotes":""},"class_list":["post-88","page","type-page","status-publish","hentry"],"_links":{"self":[{"href":"https:\/\/iicbruxelles.esteri.it\/it\/wp-json\/wp\/v2\/pages\/88","targetHints":{"allow":["GET"]}}],"collection":[{"href":"https:\/\/iicbruxelles.esteri.it\/it\/wp-json\/wp\/v2\/pages"}],"about":[{"href":"https:\/\/iicbruxelles.esteri.it\/it\/wp-json\/wp\/v2\/types\/page"}],"author":[{"embeddable":true,"href":"https:\/\/iicbruxelles.esteri.it\/it\/wp-json\/wp\/v2\/users\/2"}],"replies":[{"embeddable":true,"href":"https:\/\/iicbruxelles.esteri.it\/it\/wp-json\/wp\/v2\/comments?post=88"}],"version-history":[{"count":7,"href":"https:\/\/iicbruxelles.esteri.it\/it\/wp-json\/wp\/v2\/pages\/88\/revisions"}],"predecessor-version":[{"id":57271,"href":"https:\/\/iicbruxelles.esteri.it\/it\/wp-json\/wp\/v2\/pages\/88\/revisions\/57271"}],"up":[{"embeddable":true,"href":"https:\/\/iicbruxelles.esteri.it\/it\/wp-json\/wp\/v2\/pages\/23"}],"wp:attachment":[{"href":"https:\/\/iicbruxelles.esteri.it\/it\/wp-json\/wp\/v2\/media?parent=88"}],"curies":[{"name":"wp","href":"https:\/\/api.w.org\/{rel}","templated":true}]}}