{"id":168,"date":"2023-04-03T20:56:23","date_gmt":"2023-04-03T18:56:23","guid":{"rendered":"https:\/\/iicbruxelles.esteri.it\/lingua-e-cultura\/studiare-in-italia\/"},"modified":"2023-06-29T11:08:33","modified_gmt":"2023-06-29T09:08:33","slug":"studiare-in-italia","status":"publish","type":"page","link":"https:\/\/iicbruxelles.esteri.it\/nl\/lingua-e-cultura\/studiare-in-italia\/","title":{"rendered":"Studiare in Italia"},"content":{"rendered":"<p class=\"titoloCategoria\"><strong>Cursussen Italiaanse taal en cultuur aan Italiaanse universiteiten:<\/strong><\/p>\n<ul>\n<li><a href=\"http:\/\/www.unistrapg.it\/italiano\/\" target=\"_blank\" rel=\"noopener\">Universit\u00e0 per stranieri di Perugia <\/a><\/li>\n<li><a href=\"http:\/\/www.unistrasi.it\/\" target=\"_blank\" rel=\"noopener\">Universit\u00e0 per stranieri di Siena <\/a><\/li>\n<li><a href=\"http:\/\/www.univpm.it\/\" target=\"_blank\" rel=\"noopener\">Universit\u00e0 Politecnica delle Marche <\/a><\/li>\n<li><a href=\"http:\/\/www.unibg.it\/\" target=\"_blank\" rel=\"noopener\">Universit\u00e0 degli studi di Bergamo <\/a><\/li>\n<li><a href=\"http:\/\/insegnoitaliano.indire.it\/sitografia.php\" target=\"_blank\" rel=\"noopener\">Universit\u00e0 degli studi di Bologna<\/a><\/li>\n<li><a href=\"http:\/\/www.cliro.unibo.it\/\" target=\"_blank\" rel=\"noopener\">Universit\u00e0 degli studi di Bologna \u2013 Cliro\u00a0<\/a><\/li>\n<li><a href=\"http:\/\/www.unifi.it\/unifi\/ccs\/\" target=\"_blank\" rel=\"noopener\">Universit\u00e0 degli studi di Firenze &#8211; Centro di cultura per stranieri<\/a><\/li>\n<li><a href=\"http:\/\/www.univaq.it\/\" target=\"_blank\" rel=\"noopener\">Universit\u00e0 degli studi de l&#8217;Aquila <\/a><\/li>\n<li><a href=\"http:\/\/www.unile.it\/ateneo\/default.asp\" target=\"_blank\" rel=\"noopener\">Universit\u00e0 degli studi di Lecce\u00a0<\/a><\/li>\n<li><a href=\"http:\/\/studenti.unimi.it\/foreign\/gargnano.htm\" target=\"_blank\" rel=\"noopener\">Universit\u00e0 degli studi di Milano<\/a><\/li>\n<li><a href=\"http:\/\/www.unipr.it\/arpa\/cla\/\" target=\"_blank\" rel=\"noopener\">Universit\u00e0 degli studi di Parma <\/a><\/li>\n<li><a href=\"http:\/\/www.cla.uniroma3.it\/index.asp\" target=\"_blank\" rel=\"noopener\">Universit\u00e0 degli studi di Roma Tre &#8211; Corsi CLA (con certificazione)<\/a><\/li>\n<li><a href=\"http:\/\/host.uniroma3.it\/dipartimenti\/linguistica\/\" target=\"_blank\" rel=\"noopener\">Universit\u00e0 degli Studi di Roma Tre &#8211; Italiano L2 (con certificazione) <\/a><\/li>\n<li><a href=\"http:\/\/www.unitn.it\/\" target=\"_blank\" rel=\"noopener\">Universit\u00e0 degli studi di Trento <\/a><\/li>\n<li><a href=\"http:\/\/web.uniud.it\/crin\/corso_di_italiano_perstranieri.htm\" target=\"_blank\" rel=\"noopener\">Universit\u00e0 degli studi di Udine <\/a><\/li>\n<li><a href=\"http:\/\/www.uniurb.it\/it\/index.php\" target=\"_blank\" rel=\"noopener\">Universit\u00e0 degli studi di Urbino <\/a><\/li>\n<li><a href=\"http:\/\/www.unive.it\/nqcontent.cfm?a_id=1\" target=\"_blank\" rel=\"noopener\">Universit\u00e0 degli studi &#8220;Ca&#8217; Foscari&#8221; di Venezia <\/a><\/li>\n<li><a href=\"http:\/\/milano.unicatt.it\/masters_8699.html\" target=\"_blank\" rel=\"noopener\">Universit\u00e0 Cattolica del Sacro Cuore<\/a><\/li>\n<li><a href=\"http:\/\/cla.unica.it\/\" target=\"_blank\" rel=\"noopener\">Universit\u00e0 di Cagliari &#8211; Centro Linguistico d&#8217;Ateneo<\/a><\/li>\n<\/ul>\n<p><a href=\"http:\/\/www.crui.it\/HomePage.aspx?ref=2094\" target=\"_blank\" rel=\"noopener\">Klik hier voor de lijst van cursussen die volledig in het Engels worden gedoceerd aan de Italiaanse universiteiten &gt;&gt;&gt;<\/a><\/p>\n<p class=\"titoloNotizia\"><strong><span class=\"titoloCategoria\">Cursussen Italiaanse taal, cultuur en overige disciplines, voor buitenlandse studenten<\/span><\/strong><\/p>\n<p>Hieronder kunt u een lijst van scholen, centra en academies raadplegen die speciaal op buitenlanders gerichte cursussen aanbieden.<br \/>\nEr kan worden gezocht naar cursussen per regio, stad en soort cursus, of gecombineerd. Bij het selecteren van de cursussen op basis van soort, zijn de termen opzettelijk algemeen gehouden, zoals \u201cItaliaanse taal\u201d, \u201cDesign\u201d, \u201cMuziek\u201d en \u201cZang\u201d. Op deze manier wordt verwezen naar de websites van de scholen waarop alle subcategorie\u00ebn cursussen staan aangegeven.<\/p>\n<p>Garanties betreffende de organisatie en de kwaliteit van de didactiek worden gegeven door de taal- en cultuurscholen die de \u201cPresa d\u2019atto del MIUR\u201d onderscheiding hebben ontvangen, na een inspectie door het Italiaanse ministerie van Onderwijs en Wetenschappen.<\/p>\n<p>Door de websites van de scholen te bezoeken kunt u nagaan of deze deel uitmaken van de organisaties die de kwaliteit van de aangeboden diensten waarborgen, zoals:<br \/>\n<em>In Itali\u00eb<\/em>:<\/p>\n<ul>\n<li><a href=\"http:\/\/www.asils.it\/\" target=\"_blank\" rel=\"noopener\">ASILS<\/a> (Associazione Scuole di Italiano come Lingua seconda)<\/li>\n<li><a href=\"http:\/\/www.acad.it\/\" target=\"_blank\" rel=\"noopener\">AIL<\/a> (Accademia Italiana di Lingua)<\/li>\n<li><a href=\"http:\/\/www.italianinitaly.it\/\" target=\"_blank\" rel=\"noopener\">Italian in Italy<\/a><\/li>\n<\/ul>\n<p><em>internationaal:<\/em><\/p>\n<ul>\n<li><a href=\"http:\/\/www.language-learning.net\/it\/articles\/tips\/organisations\/school-associations-quality-control-\/international\/fiyto-federation-of-international-youth-travel-organizations-\" target=\"_blank\" rel=\"noopener\">\u00a0FIYTO<\/a> (Federation of International Youth Travel Organisations)<\/li>\n<li><a href=\"http:\/\/www.altonet.org\/\" target=\"_blank\" rel=\"noopener\">ALTO<\/a> (Association of Language Travel Organisations)<\/li>\n<li><a href=\"http:\/\/www.ialc.org\/\" target=\"_blank\" rel=\"noopener\">IALC<\/a> (International Association of Language Centres)<\/li>\n<li><a href=\"http:\/\/www.tandemcity.info\/\" target=\"_blank\" rel=\"noopener\">TANDEM<\/a> (International Network of Quality Language Institutes)<\/li>\n<li><a href=\"http:\/\/www.eaquals.org\/\" target=\"_blank\" rel=\"noopener\">EAQUALS<\/a> (The European Association for Quality Language Services)<\/li>\n<li><a href=\"http:\/\/www.ihworld.com\/\" target=\"_blank\" rel=\"noopener\">IHWO<\/a> (International House World Organisation)<\/li>\n<\/ul>\n<p>Tevens is het van belang te weten of de scholen als Opleidingsinstituut zijn erkend en of ze bevoegd zijn om Taalcertificaten Italiaans af te geven.<\/p>\n<p>Voor alle scholen die niet aan deze voorwaarden voldoen is het aanbevelenswaardig te controleren of op de website duidelijke en precieze informatie te vinden is over:<br \/>\nde financi\u00eble voorwaarden (cursusgeld, borgsom, terugbetaling van de borgsom in geval van afgelasting van de cursus);<br \/>\nde plaats waar de lessen worden gegeven (gebouw, zalen, infrastructuur, technische faciliteiten);<br \/>\nde kenmerken van de studentenhuisvesting (prijs en plaats);<br \/>\nhet onderwijzend personeel (diploma\u2019s en curricula);<br \/>\nhet didactisch materiaal.<\/p>\n","protected":false},"excerpt":{"rendered":"Cursussen Italiaanse taal en cultuur aan Italiaanse universiteiten: Universit\u00e0 per stranieri di Perugia Universit\u00e0 per stranieri di Siena Universit\u00e0 Politecnica delle Marche Universit\u00e0 degli studi di Bergamo Universit\u00e0 degli studi di Bologna Universit\u00e0 degli studi di Bologna \u2013 Cliro\u00a0 Universit\u00e0 degli studi di Firenze &#8211; Centro di cultura per stranieri Universit\u00e0 degli studi de l&#8217;Aquila [&hellip;]","protected":false},"author":1,"featured_media":0,"parent":140,"menu_order":8,"comment_status":"closed","ping_status":"closed","template":"","meta":{"footnotes":""},"class_list":["post-168","page","type-page","status-publish","hentry"],"_links":{"self":[{"href":"https:\/\/iicbruxelles.esteri.it\/nl\/wp-json\/wp\/v2\/pages\/168","targetHints":{"allow":["GET"]}}],"collection":[{"href":"https:\/\/iicbruxelles.esteri.it\/nl\/wp-json\/wp\/v2\/pages"}],"about":[{"href":"https:\/\/iicbruxelles.esteri.it\/nl\/wp-json\/wp\/v2\/types\/page"}],"author":[{"embeddable":true,"href":"https:\/\/iicbruxelles.esteri.it\/nl\/wp-json\/wp\/v2\/users\/1"}],"replies":[{"embeddable":true,"href":"https:\/\/iicbruxelles.esteri.it\/nl\/wp-json\/wp\/v2\/comments?post=168"}],"version-history":[{"count":3,"href":"https:\/\/iicbruxelles.esteri.it\/nl\/wp-json\/wp\/v2\/pages\/168\/revisions"}],"predecessor-version":[{"id":572,"href":"https:\/\/iicbruxelles.esteri.it\/nl\/wp-json\/wp\/v2\/pages\/168\/revisions\/572"}],"up":[{"embeddable":true,"href":"https:\/\/iicbruxelles.esteri.it\/nl\/wp-json\/wp\/v2\/pages\/140"}],"wp:attachment":[{"href":"https:\/\/iicbruxelles.esteri.it\/nl\/wp-json\/wp\/v2\/media?parent=168"}],"curies":[{"name":"wp","href":"https:\/\/api.w.org\/{rel}","templated":true}]}}