{"id":209,"date":"2023-06-08T09:32:22","date_gmt":"2023-06-08T07:32:22","guid":{"rendered":"https:\/\/iicbruxelles.esteri.it\/amministrazione-trasparente\/bandi-di-concorso\/"},"modified":"2026-02-24T17:00:02","modified_gmt":"2026-02-24T15:00:02","slug":"bandi-di-concorso","status":"publish","type":"page","link":"https:\/\/iicbruxelles.esteri.it\/nl\/amministrazione-trasparente\/bandi-di-concorso\/","title":{"rendered":"Aankondigingen van vergelijkende onderzoeken"},"content":{"rendered":"<p style=\"padding-left: 40px;\"><strong>PRIJZEN EN SUBSIDIES VOOR VERTALINGEN \u2013 2026<\/strong><\/p>\n<p style=\"padding-left: 40px;\">Aankondiging voor de aanvraag van subsidies en prijzen voor de distributie van Italiaanse boeken door middel van de vertaling van fictie- en non-fictie werken, evenals voor de productie, nasynchronisatie en ondertiteling van films, korte films en tv-series die bedoeld zijn voor verspreiding via de massamedia.<\/p>\n<p style=\"padding-left: 40px;\">De subsidies en prijzen zijn bedoeld om de Italiaanse taal en cultuur in het buitenland te promoten. De werken die in het kader van deze aankondiging worden bekroond met prijzen en subsidies, moeten bijdragen aan de bovengenoemde doelstellingen.<\/p>\n<ul>\n<li><a href=\"https:\/\/iicbruxelles.esteri.it\/wp-content\/uploads\/2026\/02\/Bando.pdf\">Bando Premi e contributi traduzioni 2026<\/a><\/li>\n<li><a href=\"https:\/\/iicbruxelles.esteri.it\/wp-content\/uploads\/2026\/02\/Bando-in-inglese.pdf\">Bando Premi e contributi traduzioni 2026 in inglese<\/a><\/li>\n<li><a href=\"https:\/\/iicbruxelles.esteri.it\/wp-content\/uploads\/2026\/02\/Modulo-di-Domanda.docx\">Modulo di Domanda<\/a><\/li>\n<\/ul>\n<p style=\"padding-left: 40px;\">Aanvragen moeten uitsluitend worden ingediend via het bij deze aankondiging gevoegde formulier, <strong>UITERLIJK OP 31 MAART 2026<\/strong> bij de Italiaanse ambassade in Brussel, via het Italiaans Cultureel Instituut in Brussel: iicbruxelles@esteri.it<\/p>\n<hr \/>\n<p><strong>M&#8217;ILLUMINO \/ D&#8217;IMMENSO<\/strong><\/p>\n<p style=\"padding-left: 40px;\">Het Italiaans Cultureel Instituut en het Laboratorio Tr\u0101d\u016bxit, ter ordering van de vertaling en verspreiding van po\u00ebzie in het Italiaans in Nederlandstalige landen, kondigen de eerste editie aan van <em><strong>M&#8217;ILLUMINO \/ D&#8217;IMMENSO Internationale Prijs voor de vertaling van po\u00ebzie uit het Italiaans in het Nederlands<\/strong><\/em><\/p>\n<ul>\n<li><a href=\"https:\/\/iicbruxelles.esteri.it\/wp-content\/uploads\/2025\/06\/Bando-MIDI-neerlandese-2025-in-neerlandese.pdf\">Bando MIDI neerlandese 2025 in neerlandese<\/a><\/li>\n<\/ul>\n<p><strong>WINNAAR:\u00a0<\/strong><\/p>\n<p><a href=\"https:\/\/iicbruxelles.esteri.it\/wp-content\/uploads\/2025\/10\/Verbale-della-giuria-MIDI-NEER-2025.pdf\">Notulen van de juryvergaderging MIDI-NEER 2025<\/a><\/p>\n","protected":false},"excerpt":{"rendered":"PRIJZEN EN SUBSIDIES VOOR VERTALINGEN \u2013 2026 Aankondiging voor de aanvraag van subsidies en prijzen voor de distributie van Italiaanse boeken door middel van de vertaling van fictie- en non-fictie werken, evenals voor de productie, nasynchronisatie en ondertiteling van films, korte films en tv-series die bedoeld zijn voor verspreiding via de massamedia. De subsidies en [&hellip;]","protected":false},"author":2,"featured_media":0,"parent":182,"menu_order":8,"comment_status":"closed","ping_status":"closed","template":"","meta":{"footnotes":""},"class_list":["post-209","page","type-page","status-publish","hentry"],"_links":{"self":[{"href":"https:\/\/iicbruxelles.esteri.it\/nl\/wp-json\/wp\/v2\/pages\/209","targetHints":{"allow":["GET"]}}],"collection":[{"href":"https:\/\/iicbruxelles.esteri.it\/nl\/wp-json\/wp\/v2\/pages"}],"about":[{"href":"https:\/\/iicbruxelles.esteri.it\/nl\/wp-json\/wp\/v2\/types\/page"}],"author":[{"embeddable":true,"href":"https:\/\/iicbruxelles.esteri.it\/nl\/wp-json\/wp\/v2\/users\/2"}],"replies":[{"embeddable":true,"href":"https:\/\/iicbruxelles.esteri.it\/nl\/wp-json\/wp\/v2\/comments?post=209"}],"version-history":[{"count":6,"href":"https:\/\/iicbruxelles.esteri.it\/nl\/wp-json\/wp\/v2\/pages\/209\/revisions"}],"predecessor-version":[{"id":62083,"href":"https:\/\/iicbruxelles.esteri.it\/nl\/wp-json\/wp\/v2\/pages\/209\/revisions\/62083"}],"up":[{"embeddable":true,"href":"https:\/\/iicbruxelles.esteri.it\/nl\/wp-json\/wp\/v2\/pages\/182"}],"wp:attachment":[{"href":"https:\/\/iicbruxelles.esteri.it\/nl\/wp-json\/wp\/v2\/media?parent=209"}],"curies":[{"name":"wp","href":"https:\/\/api.w.org\/{rel}","templated":true}]}}